{"id":96,"date":"2011-05-07T22:24:48","date_gmt":"2011-05-08T03:24:48","guid":{"rendered":"http:\/\/arcoproperties.com\/?page_id=96"},"modified":"2011-06-07T19:26:12","modified_gmt":"2011-06-08T00:26:12","slug":"futuro-del-casco","status":"publish","type":"page","link":"https:\/\/arcoproperties.com\/es\/vida-en-casco\/futuro-del-casco\/","title":{"rendered":"Futuro del Casco"},"content":{"rendered":"<p><a href=\"http:\/\/arcoproperties.com\/wp-content\/uploads\/2011\/05\/CascoFuture_low.jpg\"><img loading=\"lazy\" decoding=\"async\" class=\"alignleft size-medium wp-image-4077\" title=\"CascoFuture_low\" src=\"http:\/\/arcoproperties.com\/wp-content\/uploads\/2011\/05\/CascoFuture_low-300x200.jpg\" alt=\"\" width=\"300\" height=\"200\" srcset=\"https:\/\/arcoproperties.com\/wp-content\/uploads\/2011\/05\/CascoFuture_low-300x200.jpg 300w, https:\/\/arcoproperties.com\/wp-content\/uploads\/2011\/05\/CascoFuture_low.jpg 640w\" sizes=\"auto, (max-width: 300px) 100vw, 300px\" \/><\/a>Nos gusta decir que el futuro de la Ciudad de Panam\u00e1 est\u00e1 en su pasado. Los grandes distritos hist\u00f3ricos enriquecen &#8211; y algunas veces hasta incluyen- \u00a0las identidades de ciudades mucho m\u00e1s grandes que crecieron alrededor de ellos ( pensemos en Casco Franc\u00e9s de Nueva Orleans,\u00a0 en la playa Art Deco de Miami o el Viejo San Juan).<\/p>\n<p>El Casco hoy d\u00eda est\u00e1 a un a\u00f1o o dos de alcanzar la masa cr\u00edtica que lo llevar\u00e1 de ser meramente el coraz\u00f3n cultural de Panam\u00e1 a ser un destino regional. Decimos esto con confianza debido a que el momentum es palpable con m\u00e1s de 30 restaurantes, bares y tiendas en los \u00faltimos dos a\u00f1os y cinco hoteles listos para abrir en los pr\u00f3ximos dos a\u00f1os.<\/p>\n<p>El reto para el Casco ser\u00e1 absorber estos cambios sin perder su alma. Una\u00a0 revitalizaci\u00f3n verdaderamente exitosa para un distrito hist\u00f3rico es una en la que no s\u00f3lo crea energ\u00eda comercial y cultural, sino que tambi\u00e9n provee de oportunidades para que sus habitantes originales\u00a0 se beneficien con su desarrollo. Los distritos que logran este objetivo aseguran su propia sostenibilidad econ\u00f3mica ya que conservan una autenticidad que les previene de \u201cpasar de moda\u201d.<\/p>\n","protected":false},"excerpt":{"rendered":"<p>Nos gusta decir que el futuro de la Ciudad de Panam\u00e1 est\u00e1 en su pasado. Los grandes distritos hist\u00f3ricos enriquecen &#8211; y algunas veces hasta incluyen- \u00a0las identidades de ciudades mucho m\u00e1s grandes que crecieron alrededor de ellos ( pensemos en Casco Franc\u00e9s de Nueva Orleans,\u00a0 en la playa Art Deco de Miami o el [&hellip;]<\/p>\n","protected":false},"author":2,"featured_media":0,"parent":81,"menu_order":0,"comment_status":"closed","ping_status":"closed","template":"","meta":{"footnotes":""},"class_list":["post-96","page","type-page","status-publish","hentry"],"aioseo_notices":[],"_links":{"self":[{"href":"https:\/\/arcoproperties.com\/es\/wp-json\/wp\/v2\/pages\/96","targetHints":{"allow":["GET"]}}],"collection":[{"href":"https:\/\/arcoproperties.com\/es\/wp-json\/wp\/v2\/pages"}],"about":[{"href":"https:\/\/arcoproperties.com\/es\/wp-json\/wp\/v2\/types\/page"}],"author":[{"embeddable":true,"href":"https:\/\/arcoproperties.com\/es\/wp-json\/wp\/v2\/users\/2"}],"replies":[{"embeddable":true,"href":"https:\/\/arcoproperties.com\/es\/wp-json\/wp\/v2\/comments?post=96"}],"version-history":[{"count":0,"href":"https:\/\/arcoproperties.com\/es\/wp-json\/wp\/v2\/pages\/96\/revisions"}],"up":[{"embeddable":true,"href":"https:\/\/arcoproperties.com\/es\/wp-json\/wp\/v2\/pages\/81"}],"wp:attachment":[{"href":"https:\/\/arcoproperties.com\/es\/wp-json\/wp\/v2\/media?parent=96"}],"curies":[{"name":"wp","href":"https:\/\/api.w.org\/{rel}","templated":true}]}}