{"id":90,"date":"2011-05-07T22:21:08","date_gmt":"2011-05-08T03:21:08","guid":{"rendered":"http:\/\/arcoproperties.com\/?page_id=90"},"modified":"2025-01-23T09:35:35","modified_gmt":"2025-01-23T14:35:35","slug":"historia-del-casco-viejo","status":"publish","type":"page","link":"https:\/\/arcoproperties.com\/es\/vida-en-casco\/historia-del-casco-viejo\/","title":{"rendered":"Una Breve Historia del Casco Viejo"},"content":{"rendered":"<p><a href=\"http:\/\/arcoproperties.com\/wp-content\/uploads\/2011\/05\/CascoHistory_low.jpg\"><img loading=\"lazy\" decoding=\"async\" class=\"alignleft size-medium wp-image-4079\" title=\"CascoHistory_low\" src=\"http:\/\/arcoproperties.com\/wp-content\/uploads\/2011\/05\/CascoHistory_low-300x206.jpg\" alt=\"\" width=\"300\" height=\"206\" srcset=\"https:\/\/arcoproperties.com\/wp-content\/uploads\/2011\/05\/CascoHistory_low-300x206.jpg 300w, https:\/\/arcoproperties.com\/wp-content\/uploads\/2011\/05\/CascoHistory_low.jpg 800w\" sizes=\"auto, (max-width: 300px) 100vw, 300px\" \/><\/a>El <a href=\"https:\/\/arcoproperties.com\">Casco Antiguo<\/a> es la ciudad colonial de Panam\u00e1. Fundada en 1673 despu\u00e9s que el asentamiento original del Pac\u00edfico (Panam\u00e1 La Vieja) fuera saqueado por el pirata Henry Morgan. Se mantuvo como el centro de la vida paname\u00f1a por casi 300 a\u00f1os, hasta que en 1930, cuando el Casco Antiguo comienza a declinar en una tendencia m\u00e1s bien regional que incluye a varios barrios viejos de Latinoam\u00e9rica en donde su poblaci\u00f3n adinerada comienza a mudarse a los suburbios.<\/p>\n<p>Las razones de ese \u00e9xodo fueron t\u00edpicamente atribuidas al surgimiento del autom\u00f3vil, el cual hizo m\u00e1s f\u00e1cil la vida en los suburbios y m\u00e1s dif\u00edcil la vida en el centro de la ciudad. En el caso del <a href=\"https:\/\/arcoproperties.com\">Casco Viejo<\/a>, \u00e9stas presiones fueron exacerbadas por el hecho de que los l\u00edmites de la Zona del Canal de Panam\u00e1 \u2013 de la cual los paname\u00f1os estaban excluidos \u2013 se dise\u00f1aron de manera tal que aislaron al Casco del resto de la ciudad, dejando s\u00f3lo una delgada calle de acceso para entrar y salir.<\/p>\n<p>La entrega del Canal de Panam\u00e1 en 1999 y la designaci\u00f3n de la UNESCO como Sitio de Patrimonio de la Humanidad en 1998 marcaron el inicio de una era de revitalizaci\u00f3n por parte del gobierno, empresarios y organizaciones internacionales.<\/p>\n<h3>Por qu\u00e9 UNESCO Pens\u00f3 que el Casco era Especial<\/h3>\n<p>Durante sus 300 a\u00f1os como el coraz\u00f3n de la vida paname\u00f1a, esta pen\u00ednsula desarroll\u00f3 un legado \u00fanico de arquitecturas espa\u00f1olas, francesas, colonial americana, neocl\u00e1sica y art nouveau.\u00a0 Ciertos estilos, particularmente entre los siglos 16 al 18 crearon casas con patios internos, los cuales son espec\u00edficos de la regi\u00f3n. As\u00ed que, a pesar de que la gente se refiera al Casco Viejo como una \u201cciudad colonial\u201d, en realidad su arquitectura actual est\u00e1 dominada por estilos Franceses y Republicanos, lo cual UNESCO se\u00f1ala como uno de los puntos dentro de su justificaci\u00f3n para la designaci\u00f3n como Patrimonio de la Humanidad ya que \u201cpresta una cualidad especial de las que otras ciudades coloniales de Am\u00e9rica Latina carecen (con excepci\u00f3n de Nueva Orleans, en donde la calidad de arquitectura es marcadamente inferior).\u201d<\/p>\n<p>UNESCO hizo una conexi\u00f3n clara entre esta colecci\u00f3n ecl\u00e9ctica de arquitecturas y estilos con el rol hist\u00f3rico de Panam\u00e1 como punto de encuentro, con cada estilo representando un boom en el comercio interoce\u00e1nico a trav\u00e9s del Istmo. Esta colecci\u00f3n de arquitecturas y la gente que la habit\u00f3 son un claro reflejo del fascinante caleidoscopio cultural de Panam\u00e1 y su importante rol en nuestra herencia en com\u00fan.<\/p>\n<h3>Qu\u00e9 ha ocurrido y qu\u00e9 est\u00e1 ocurriendo<\/h3>\n<p>A pesar de que se ha hecho mucho, queda a\u00fan bastante para hacer. Tanto el sector p\u00fablico como el privado han restaurado edificios que hoy d\u00eda contienen ministerios gubernamentales, museos, el Palacio Presidencial, embajadas e iglesias, al mismo tiempo que algunos de los mejores hogares, bares y restaurantes de la Ciudad de Panam\u00e1.<\/p>\n","protected":false},"excerpt":{"rendered":"<p>El Casco Antiguo es la ciudad colonial de Panam\u00e1. Fundada en 1673 despu\u00e9s que el asentamiento original del Pac\u00edfico (Panam\u00e1 La Vieja) fuera saqueado por el pirata Henry Morgan. Se mantuvo como el centro de la vida paname\u00f1a por casi 300 a\u00f1os, hasta que en 1930, cuando el Casco Antiguo comienza a declinar en una [&hellip;]<\/p>\n","protected":false},"author":2,"featured_media":0,"parent":81,"menu_order":0,"comment_status":"closed","ping_status":"closed","template":"","meta":{"footnotes":""},"class_list":["post-90","page","type-page","status-publish","hentry"],"aioseo_notices":[],"_links":{"self":[{"href":"https:\/\/arcoproperties.com\/es\/wp-json\/wp\/v2\/pages\/90","targetHints":{"allow":["GET"]}}],"collection":[{"href":"https:\/\/arcoproperties.com\/es\/wp-json\/wp\/v2\/pages"}],"about":[{"href":"https:\/\/arcoproperties.com\/es\/wp-json\/wp\/v2\/types\/page"}],"author":[{"embeddable":true,"href":"https:\/\/arcoproperties.com\/es\/wp-json\/wp\/v2\/users\/2"}],"replies":[{"embeddable":true,"href":"https:\/\/arcoproperties.com\/es\/wp-json\/wp\/v2\/comments?post=90"}],"version-history":[{"count":0,"href":"https:\/\/arcoproperties.com\/es\/wp-json\/wp\/v2\/pages\/90\/revisions"}],"up":[{"embeddable":true,"href":"https:\/\/arcoproperties.com\/es\/wp-json\/wp\/v2\/pages\/81"}],"wp:attachment":[{"href":"https:\/\/arcoproperties.com\/es\/wp-json\/wp\/v2\/media?parent=90"}],"curies":[{"name":"wp","href":"https:\/\/api.w.org\/{rel}","templated":true}]}}