{"id":81,"date":"2011-05-07T22:15:29","date_gmt":"2011-05-08T03:15:29","guid":{"rendered":"http:\/\/arcoproperties.com\/?page_id=81"},"modified":"2011-05-30T13:16:51","modified_gmt":"2011-05-30T18:16:51","slug":"vida-en-casco","status":"publish","type":"page","link":"https:\/\/arcoproperties.com\/es\/vida-en-casco\/","title":{"rendered":"Vida en Casco"},"content":{"rendered":"<p>C\u00f3mo es vivir en una ciudad colonial de 300 a\u00f1os ubicada en el medio de una pa\u00eds cuya mejor definici\u00f3n f\u00e1cilmente pudiera ser \u201cHong Kong m\u00e1s Costa Rica\u201d? Encuentra aqu\u00ed todo sobre la vida en el Casco: descubre su d\u00eda a d\u00eda desde nuestro BLOG. En HISTORIA encuentra informaci\u00f3n sobre sus ra\u00edces y la raz\u00f3n por la cual es un sitio Patrimonio de la Humanidad.  En ARCO RECOMIENDA ver\u00e1s nuestra opini\u00f3n sobre lo que m\u00e1s nos gusta de los restaurantes, hoteles, galer\u00edas de arte y bares del Casco Viejo. ESCUELAS y FUTURO DEL CASCO son dos secciones ineludibles para quien piensa invertir o reubicarse permanentemente en Panam\u00e1 con su familia.  Para cualquier consulta adicional, todos los miembros de Arco Properties son residentes permanentes del  Casco y les encantar\u00e1 brindar informaci\u00f3n sobre su barrio favorito. <\/p>\n","protected":false},"excerpt":{"rendered":"<p>C\u00f3mo es vivir en una ciudad colonial de 300 a\u00f1os ubicada en el medio de una pa\u00eds cuya mejor definici\u00f3n f\u00e1cilmente pudiera ser \u201cHong Kong m\u00e1s Costa Rica\u201d? Encuentra aqu\u00ed todo sobre la vida en el Casco: descubre su d\u00eda a d\u00eda desde nuestro BLOG. En HISTORIA encuentra informaci\u00f3n sobre sus ra\u00edces y la raz\u00f3n [&hellip;]<\/p>\n","protected":false},"author":2,"featured_media":0,"parent":0,"menu_order":0,"comment_status":"closed","ping_status":"open","template":"","meta":{"footnotes":""},"class_list":["post-81","page","type-page","status-publish","hentry"],"aioseo_notices":[],"_links":{"self":[{"href":"https:\/\/arcoproperties.com\/es\/wp-json\/wp\/v2\/pages\/81","targetHints":{"allow":["GET"]}}],"collection":[{"href":"https:\/\/arcoproperties.com\/es\/wp-json\/wp\/v2\/pages"}],"about":[{"href":"https:\/\/arcoproperties.com\/es\/wp-json\/wp\/v2\/types\/page"}],"author":[{"embeddable":true,"href":"https:\/\/arcoproperties.com\/es\/wp-json\/wp\/v2\/users\/2"}],"replies":[{"embeddable":true,"href":"https:\/\/arcoproperties.com\/es\/wp-json\/wp\/v2\/comments?post=81"}],"version-history":[{"count":0,"href":"https:\/\/arcoproperties.com\/es\/wp-json\/wp\/v2\/pages\/81\/revisions"}],"wp:attachment":[{"href":"https:\/\/arcoproperties.com\/es\/wp-json\/wp\/v2\/media?parent=81"}],"curies":[{"name":"wp","href":"https:\/\/api.w.org\/{rel}","templated":true}]}}