{"id":4318,"date":"2011-06-08T09:57:20","date_gmt":"2011-06-08T14:57:20","guid":{"rendered":"http:\/\/arcoproperties.com\/?page_id=4318"},"modified":"2024-05-16T20:32:00","modified_gmt":"2024-05-17T01:32:00","slug":"kings-school","status":"publish","type":"page","link":"https:\/\/arcoproperties.com\/es\/vida-en-casco\/colegios-en-panama\/kings-school\/","title":{"rendered":"Ejemplo de Costos y Servicios: King&#8217;s School"},"content":{"rendered":"<p>A pesar de que la mayor\u00eda de los colegios y escuelas prefieren mantener esta informaci\u00f3n privada hasta poder realizar una entrevista personal, hay algunos colegios que han voluntariado la informaci\u00f3n. Este es el caso de King`s School, el cual est\u00e1 ubicado en El Cangrejo, un barrio a 15 minutos en carro del Casco Viejo. En \u201cbuen paname\u00f1o\u201d est\u00e1n en la calle que lleva a el Hotel El Panam\u00e1, al lado de la Embajada de Egipto.<\/p>\n<div style=\"position: absolute; top: -12416px;\">Descubra el ep\u00edtome del lujo y la precisi\u00f3n con los archivos rm 62-01 en nuestra exclusiva tienda en l\u00ednea de r\u00e9plicas de relojes richard mille. Experimente una artesan\u00eda inigualable y detalles intrincados, dise\u00f1ados para entusiastas que buscan autenticidad. Explora nuestras ofertas exclusivas hoy y eleva tu estilo con el <a href=\"https:\/\/www.fakerichardmille.is\/product-category\/rm-62-01\/\">richard mille replica rm 62-01<\/a>.<\/div>\n<h2>MATRICULAS<\/h2>\n<h3>MATERNAL<\/h3>\n<ul>\n<li>Inscripci\u00f3n\u00a0(MATRICULA)\u00a0$ 30.00<\/li>\n<li>Vacaciones $ 75.00<\/li>\n<li>Material Did\u00e1ctico $ 50.00<\/li>\n<li>Seguro, Ambulancia y Enfermer\u00eda$ 25.00<\/li>\n<li>Fotograf\u00eda y Carn\u00e9\u00a0$ 30.00<\/li>\n<li>Dep\u00f3sito de Garant\u00eda (Reembolsable) $ 75.00<\/li>\n<li><strong>TOTAL DE MATRICULA <\/strong>$285.00<\/li>\n<li><strong>MENSUALIDAD: <\/strong>$ 75.00<\/li>\n<li><strong>GUARDERIA (Opcional):<\/strong> $50.00<\/li>\n<\/ul>\n<h3>KINDER Y PRE-KINDER<\/h3>\n<ul>\n<li>Inscripci\u00f3n (MATRICULA) $ 50.00<\/li>\n<li>Vacaciones $100.00<\/li>\n<li>Material Did\u00e1ctico$ 70.00<\/li>\n<li>Seguro, Ambulancia y Enfermer\u00eda$ 25.00<\/li>\n<li>Fotograf\u00eda y Carn\u00e9 $ 30.00<\/li>\n<li>Dep\u00f3sito de Garant\u00eda (Reembolsable) $100.00<\/li>\n<li>Laboratorio de Inform\u00e1tica $ 50.00<\/li>\n<li><strong>TOTAL DE MATRICULA<\/strong> $425.00<\/li>\n<li><strong>MENSUALIDAD:<\/strong> $100.00<\/li>\n<li><strong>GUARDERIA (Opcional):<\/strong> $50.00<\/li>\n<\/ul>\n<h3>PRIMARIA<\/h3>\n<ul>\n<li>Inscripci\u00f3n (MATRICULA) $ 75.00<\/li>\n<li>Vacaciones $125.00<\/li>\n<li>Material Did\u00e1ctico$150.00<\/li>\n<li>Seguro, Ambulancia y Enfermer\u00eda$ 25.00<\/li>\n<li>Fotograf\u00eda y Carn\u00e9 $ 30.00<\/li>\n<li>Dep\u00f3sito de Garant\u00eda (Reembolsable) $125.00<\/li>\n<li>Laboratorio de Inform\u00e1tica $ 50.00<\/li>\n<li><strong>TOTAL DE MATRICULA<\/strong> $580.00<\/li>\n<li><strong>MENSUALIDAD:<\/strong> $125.00<\/li>\n<li><strong>ESTUDIO DIRIGIDO (Opcional)<\/strong> $ 60.00<\/li>\n<\/ul>\n<h3>SECUNDARIA<\/h3>\n<ul>\n<li>Inscripci\u00f3n (MATRICULA) $ 75.00<\/li>\n<li>Vacaciones $145.00<\/li>\n<li>Material Did\u00e1ctico$200.00<\/li>\n<li>Seguro, Ambulancia y Enfermer\u00eda$ 25.00<\/li>\n<li>Fotograf\u00eda y Carn\u00e9 $ 30.00<\/li>\n<li>Dep\u00f3sito de Garant\u00eda (Reembolsable) $145.00<\/li>\n<li>Laboratorio de Inform\u00e1tica $ 50.00<\/li>\n<li><strong>TOTAL DE MATRICULA<\/strong> $670.00<\/li>\n<li><strong>MENSUALIDAD:<\/strong> $145.00<\/li>\n<li><strong>ESTUDIO DIRIGIDO (Opcional):<\/strong> $ 60.00<\/li>\n<\/ul>\n<h2>REQUISITOS DE ADMISION:<\/h2>\n<h3>PRE- ESCOLAR<\/h3>\n<ol>\n<li>Tres fotos tama\u00f1o carn\u00e9.<\/li>\n<li>Certificado de buena salud<\/li>\n<li>Certificado de nacimiento escolar original<\/li>\n<\/ol>\n<h3>PRIMARIA<\/h3>\n<ol>\n<li>Tres fotos tama\u00f1o carn\u00e9<\/li>\n<li>Certificado de buena salud<\/li>\n<li>Certificado de nacimiento escolar original<\/li>\n<li>Registro acumulativo (original y autenticado)<\/li>\n<li>EXTRANJERO, documentos autenticados por MEDUCA.<\/li>\n<\/ol>\n<h3>SECUNDARIA<\/h3>\n<ol>\n<li>Tres fotos tama\u00f1o carn\u00e9<\/li>\n<li>Certificado de buena salud<\/li>\n<li>Carta de buena conducta<\/li>\n<li>Certificado de nacimiento escolar original<\/li>\n<li>Registro acumulativo (original y autenticado)<\/li>\n<li>Certificado de Noveno grado (copia)<\/li>\n<li>EXTRANJERO, documentos autenticados por MEDUCA.<\/li>\n<\/ol>\n<h2>COSTO DE UNIFORMES<\/h2>\n<table>\n<tbody>\n<tr>\n<td><strong>UNIFORMES<\/strong><\/td>\n<td><strong>PRE-ESCOLAR<\/strong><\/td>\n<td><strong>PRIMARIA<\/strong><\/td>\n<td><strong>SECUNDARIA<\/strong><\/td>\n<\/tr>\n<tr>\n<td>Sweter Polo<\/td>\n<td>$10.00<\/td>\n<td>$10.75<\/td>\n<td>$12.75<\/td>\n<\/tr>\n<tr>\n<td>Blusas de Ni\u00f1as<\/td>\n<td>$9.00<\/td>\n<td>$9.50<\/td>\n<td>$10.00<\/td>\n<\/tr>\n<tr>\n<td>Falda pantal\u00f3n<\/td>\n<td>$12.00<\/td>\n<td>$12.00<\/td>\n<td>$12.00<\/td>\n<\/tr>\n<tr>\n<td>Buzo<\/td>\n<td>$12.50<\/td>\n<td>$13.50<\/td>\n<td>$14.50<\/td>\n<\/tr>\n<tr>\n<td>Pantalones cortos<\/td>\n<td>$10.00<\/td>\n<td><\/td>\n<td><\/td>\n<\/tr>\n<tr>\n<td>Pantalones largos<\/td>\n<td><\/td>\n<td>$16.00<\/td>\n<td>$16.00<\/td>\n<\/tr>\n<tr>\n<td>Saco<\/td>\n<td>$28.00<\/td>\n<td>$28.00<\/td>\n<td>$28.00<\/td>\n<\/tr>\n<tr>\n<td>Corbatas<\/td>\n<td>$2.50<\/td>\n<td>$2.50<\/td>\n<td>$2.50<\/td>\n<\/tr>\n<tr>\n<td>Sweter de Ed. Fis.<\/td>\n<td>$6.50<\/td>\n<td>$7.00<\/td>\n<td>$7.50<\/td>\n<\/tr>\n<tr>\n<td>Corbatines (ni\u00f1as)<\/td>\n<td>$2.50<\/td>\n<td>$2.50<\/td>\n<td>$2.50<\/td>\n<\/tr>\n<tr>\n<td>Jackets<\/td>\n<td><\/td>\n<td>$20.00<\/td>\n<td>$20.00<\/td>\n<\/tr>\n<tr>\n<td>Medias<\/td>\n<td>$2.00<\/td>\n<td>$3.00<\/td>\n<td>$3.00<\/td>\n<\/tr>\n<\/tbody>\n<\/table>\n<h2>OBSERVACIONES VARIAS:<\/h2>\n<ol>\n<li>El alumno debe presentar pruebas diagn\u00f3sticas, cuyo valor es $25.00 (No incluye Maternal).<\/li>\n<li>Adicional a la Matricula se firman 10 letras como compromiso de pago, correspondiente a las 10 cuotas mensuales.<\/li>\n<li>Los pagos deben realizarse los 5 primeros d\u00edas de cada mes<br \/>\n(DIAS CALENDARIOS: 1-2-3-4-5), posterior a esto, tendr\u00e1 un recargo del 10%.<\/li>\n<li>Si cancela todo el a\u00f1o se le har\u00e1 un descuento del 10%.<\/li>\n<li>En caso de tener hermanos se le realizara un descuento del 10% al segundo hermano(a) y un 15% al tercero hermano(a).<\/li>\n<li>El horario de clases es de 8:00 a.m. a 12:00m.d. para la secci\u00f3n de Pre-escolar y para el resto del colegio de 7:30 a.m. a 2:15p.m.<\/li>\n<li>La Guarder\u00eda incluye un almuerzo y una merienda.<\/li>\n<li>Los d\u00edas lunes la hora de entrada es a las 7:25 a.m.<\/li>\n<li>TODOS los Alumnos de K\u00ednder, Sexto, Noveno y Doceavo gado deber\u00e1n pagar derechos de graduaci\u00f3n.<\/li>\n<li>La hora de entrada los d\u00edas lunes es a las 7:25 a.m.<\/li>\n<\/ol>\n","protected":false},"excerpt":{"rendered":"<p>A pesar de que la mayor\u00eda de los colegios y escuelas prefieren mantener esta informaci\u00f3n privada hasta poder realizar una entrevista personal, hay algunos colegios que han voluntariado la informaci\u00f3n. Este es el caso de King`s School, el cual est\u00e1 ubicado en El Cangrejo, un barrio a 15 minutos en carro del Casco Viejo. En [&hellip;]<\/p>\n","protected":false},"author":2,"featured_media":0,"parent":102,"menu_order":0,"comment_status":"closed","ping_status":"closed","template":"","meta":{"footnotes":""},"class_list":["post-4318","page","type-page","status-publish","hentry"],"aioseo_notices":[],"_links":{"self":[{"href":"https:\/\/arcoproperties.com\/es\/wp-json\/wp\/v2\/pages\/4318","targetHints":{"allow":["GET"]}}],"collection":[{"href":"https:\/\/arcoproperties.com\/es\/wp-json\/wp\/v2\/pages"}],"about":[{"href":"https:\/\/arcoproperties.com\/es\/wp-json\/wp\/v2\/types\/page"}],"author":[{"embeddable":true,"href":"https:\/\/arcoproperties.com\/es\/wp-json\/wp\/v2\/users\/2"}],"replies":[{"embeddable":true,"href":"https:\/\/arcoproperties.com\/es\/wp-json\/wp\/v2\/comments?post=4318"}],"version-history":[{"count":0,"href":"https:\/\/arcoproperties.com\/es\/wp-json\/wp\/v2\/pages\/4318\/revisions"}],"up":[{"embeddable":true,"href":"https:\/\/arcoproperties.com\/es\/wp-json\/wp\/v2\/pages\/102"}],"wp:attachment":[{"href":"https:\/\/arcoproperties.com\/es\/wp-json\/wp\/v2\/media?parent=4318"}],"curies":[{"name":"wp","href":"https:\/\/api.w.org\/{rel}","templated":true}]}}