{"id":285,"date":"2011-05-30T16:34:31","date_gmt":"2011-05-30T21:34:31","guid":{"rendered":"http:\/\/arcoproperties.com\/?page_id=285"},"modified":"2011-06-08T10:43:23","modified_gmt":"2011-06-08T15:43:23","slug":"comprar-en-casco-viejo","status":"publish","type":"page","link":"https:\/\/arcoproperties.com\/es\/casco-propiedades\/comprar-en-casco-viejo\/","title":{"rendered":"Comprando una Propiedad Hist\u00f3rica en el Casco Viejo: Apartamentos, Condominios o un Edificio para Desarrollar"},"content":{"rendered":"<p><a href=\"http:\/\/arcoproperties.com\/wp-content\/uploads\/2011\/05\/Howtobuy_low.jpg\"><img loading=\"lazy\" decoding=\"async\" class=\"alignright size-thumbnail wp-image-4087\" title=\"Howtobuy_low\" src=\"http:\/\/arcoproperties.com\/wp-content\/uploads\/2011\/05\/Howtobuy_low-150x150.jpg\" alt=\"\" width=\"150\" height=\"150\" \/><\/a>Un elemento clave de nuestra misi\u00f3n es incentivar a emprendedores para que inviertan en el Casco Antiguo.  Asistimos a individuos y promotores para que comprendan la zona, sus negocios, ambiente regulatorio y les ayudamos a ubicar una propiedad que cumpla con sus criterios. Basados en nuestra experiencia restaurando nuestras propiedades y aconsejando a desarrolladores locales y agencias gubernamentales, podemos proveer a nuestros inversionistas con la informaci\u00f3n que requieren para que puedan adquirir con confianza, desarrollar y mercadear propiedades hist\u00f3ricas.<\/p>\n<p>Nuestro manual y P\u00e1gina de Propiedades del Casco Viejo son buenas fuentes para iniciar el proceso. Por favor no dude en contactarnos incluso en esta etapa inicial. El Casco Viejo es una inversi\u00f3n a largo plazo. Llegar a comprenderle, enamorarse y decidir ser parte de nuestra comunidad es un proceso que toma tiempo y para nosotros es justo como lo preferimos!<\/p>\n<p>Para explorar cualquiera de \u00e9stas opciones y obtener m\u00e1s informaci\u00f3n, por favor cont\u00e1ctenos a: <a href=\"mailto:clara@arcoproperties.com\">clara@arcoproperties.com<\/a> o <a href=\"mailto:patrizia@arcoproperties.com\">patrizia@arcoproperties.com<\/a>.<\/p>\n","protected":false},"excerpt":{"rendered":"<p>Un elemento clave de nuestra misi\u00f3n es incentivar a emprendedores para que inviertan en el Casco Antiguo. Asistimos a individuos y promotores para que comprendan la zona, sus negocios, ambiente regulatorio y les ayudamos a ubicar una propiedad que cumpla con sus criterios. Basados en nuestra experiencia restaurando nuestras propiedades y aconsejando a desarrolladores locales [&hellip;]<\/p>\n","protected":false},"author":2,"featured_media":0,"parent":282,"menu_order":0,"comment_status":"closed","ping_status":"closed","template":"","meta":{"footnotes":""},"class_list":["post-285","page","type-page","status-publish","hentry"],"aioseo_notices":[],"_links":{"self":[{"href":"https:\/\/arcoproperties.com\/es\/wp-json\/wp\/v2\/pages\/285","targetHints":{"allow":["GET"]}}],"collection":[{"href":"https:\/\/arcoproperties.com\/es\/wp-json\/wp\/v2\/pages"}],"about":[{"href":"https:\/\/arcoproperties.com\/es\/wp-json\/wp\/v2\/types\/page"}],"author":[{"embeddable":true,"href":"https:\/\/arcoproperties.com\/es\/wp-json\/wp\/v2\/users\/2"}],"replies":[{"embeddable":true,"href":"https:\/\/arcoproperties.com\/es\/wp-json\/wp\/v2\/comments?post=285"}],"version-history":[{"count":0,"href":"https:\/\/arcoproperties.com\/es\/wp-json\/wp\/v2\/pages\/285\/revisions"}],"up":[{"embeddable":true,"href":"https:\/\/arcoproperties.com\/es\/wp-json\/wp\/v2\/pages\/282"}],"wp:attachment":[{"href":"https:\/\/arcoproperties.com\/es\/wp-json\/wp\/v2\/media?parent=285"}],"curies":[{"name":"wp","href":"https:\/\/api.w.org\/{rel}","templated":true}]}}