{"id":253,"date":"2011-05-30T13:21:17","date_gmt":"2011-05-30T18:21:17","guid":{"rendered":"http:\/\/arcoproperties.com\/?page_id=253"},"modified":"2011-05-30T13:21:28","modified_gmt":"2011-05-30T18:21:28","slug":"alquilando-un-apartamento-o-local-comercial-en-el-casco-viejo","status":"publish","type":"page","link":"https:\/\/arcoproperties.com\/es\/casco-propiedades\/alquilando-un-apartamento-o-local-comercial-en-el-casco-viejo\/","title":{"rendered":"Alquilando un Apartamento o Local Comercial en el Casco Viejo"},"content":{"rendered":"<p>Quiz\u00e1s lo m\u00e1s hermoso del Casco es su combinaci\u00f3n de escala humana y ritmos latinos. Para la mayor\u00eda de nosotros quienes crecimos conociendo la fren\u00e9tica anonimidad de una ciudad densa o el silencioso aislamiento de los suburbios, hay algo refrescantemente humano sobre un barrio colonial con densidad media y vibrante vida callejera. Pero es dif\u00edcil de describir en palabras, lo mejor es \u201cvenir y probarlo\u201d. Si est\u00e1 pensando en alquilar antes de comprar para tener la experiencia completa, est\u00e1 en el camino indicado.  Al mismo tiempo, esto les dar\u00e1 tiempo, ya que puede ser que los apartamentos o locales comerciales disponibles al momento de su visita no sean los adecuados para usted. Comience por visitar nuestra p\u00e1gina de Propiedades para las m\u00e1s recientes opciones de Apartamentos Para Alquiler en Casco Viejo. <\/p>\n<p>Para explorar cualquiera de \u00e9stas opciones y obtener m\u00e1s informaci\u00f3n, por favor cont\u00e1ctenos a: <a href=\"mailto:clara@arcoproperties.com\">clara@arcoproperties.com<\/a> o <a href=\"mailto:patrizia@arcoproperties.com\">patrizia@arcoproperties.com<\/a> <\/p>\n","protected":false},"excerpt":{"rendered":"<p>Quiz\u00e1s lo m\u00e1s hermoso del Casco es su combinaci\u00f3n de escala humana y ritmos latinos. Para la mayor\u00eda de nosotros quienes crecimos conociendo la fren\u00e9tica anonimidad de una ciudad densa o el silencioso aislamiento de los suburbios, hay algo refrescantemente humano sobre un barrio colonial con densidad media y vibrante vida callejera. Pero es dif\u00edcil [&hellip;]<\/p>\n","protected":false},"author":2,"featured_media":0,"parent":282,"menu_order":0,"comment_status":"closed","ping_status":"closed","template":"","meta":{"footnotes":""},"class_list":["post-253","page","type-page","status-publish","hentry"],"aioseo_notices":[],"_links":{"self":[{"href":"https:\/\/arcoproperties.com\/es\/wp-json\/wp\/v2\/pages\/253","targetHints":{"allow":["GET"]}}],"collection":[{"href":"https:\/\/arcoproperties.com\/es\/wp-json\/wp\/v2\/pages"}],"about":[{"href":"https:\/\/arcoproperties.com\/es\/wp-json\/wp\/v2\/types\/page"}],"author":[{"embeddable":true,"href":"https:\/\/arcoproperties.com\/es\/wp-json\/wp\/v2\/users\/2"}],"replies":[{"embeddable":true,"href":"https:\/\/arcoproperties.com\/es\/wp-json\/wp\/v2\/comments?post=253"}],"version-history":[{"count":0,"href":"https:\/\/arcoproperties.com\/es\/wp-json\/wp\/v2\/pages\/253\/revisions"}],"up":[{"embeddable":true,"href":"https:\/\/arcoproperties.com\/es\/wp-json\/wp\/v2\/pages\/282"}],"wp:attachment":[{"href":"https:\/\/arcoproperties.com\/es\/wp-json\/wp\/v2\/media?parent=253"}],"curies":[{"name":"wp","href":"https:\/\/api.w.org\/{rel}","templated":true}]}}