{"id":23025,"date":"2026-04-16T07:36:09","date_gmt":"2026-04-16T12:36:09","guid":{"rendered":"https:\/\/arcoproperties.com\/nayamara-amador\/"},"modified":"2026-04-16T09:04:37","modified_gmt":"2026-04-16T14:04:37","slug":"nayamara-amador","status":"publish","type":"page","link":"https:\/\/arcoproperties.com\/es\/nayamara-amador\/","title":{"rendered":"Nayamara Amador"},"content":{"rendered":"<div class=\"wpb-content-wrapper\"><p>[vc_row css=\u00bb.vc_custom_1754944904130{margin-right: 0px !important;margin-left: 0px !important;padding-right: 0px !important;padding-left: 0px !important;background-color: #ffffff !important;background-position: center !important;background-repeat: no-repeat !important;background-size: cover !important;}\u00bb el_class=\u00bbarco__header\u00bb el_id=\u00bbarco_header\u00bb][vc_column css=\u00bb.vc_custom_1754944299357{margin-top: 0px !important;margin-bottom: 0px !important;padding-top: 0px !important;padding-bottom: 0px !important;}\u00bb][vc_row_inner css=\u00bb.vc_custom_1754945270616{padding-right: 0px !important;padding-left: 0px !important;background-color: #ffffff !important;}\u00bb el_class=\u00bbwrapper arco__header-wrapper\u00bb][vc_column_inner width=\u00bb1\/2&#8243; css=\u00bb.vc_custom_1752169437884{padding-top: 0px !important;padding-right: 0px !important;padding-bottom: 0px !important;padding-left: 0px !important;}\u00bb][vc_single_image image=\u00bb22996&#8243; img_size=\u00bbmedium\u00bb css=\u00bb\u00bb el_class=\u00bbarco__header-logo\u00bb][\/vc_column_inner][vc_column_inner el_class=\u00bbarco__header-button-mobile\u00bb width=\u00bb1\/2&#8243; css=\u00bb.vc_custom_1754945265103{padding-top: 0px !important;padding-right: 0px !important;padding-bottom: 0px !important;padding-left: 0px !important;}\u00bb][vc_raw_html css=\u00bb\u00bb]JTNDJTIxLS0lMjBNT0JJTEUlMjBNRU5VJTIwQlVUVE9OJTIwLS0lM0UlMEElM0NkaXYlMjBjbGFzcyUzRCUyMmFyY29fX2hlYWRlci1oYW1idXJnZXItbWVudSUyMiUzRSUwQSUyMCUyMCUyMCUyMCUyMCUyMCUyMCUyMCUyMCUzQ2RpdiUyMGNsYXNzJTNEJTIyYXJjb19faGVhZGVyLWhhbWJ1cmdlci1saW5lJTIyJTNFJTNDJTJGZGl2JTNFJTBBJTIwJTIwJTIwJTIwJTIwJTIwJTIwJTIwJTIwJTNDZGl2JTIwY2xhc3MlM0QlMjJhcmNvX19oZWFkZXItaGFtYnVyZ2VyLWxpbmUlMjIlM0UlM0MlMkZkaXYlM0UlMEElMjAlMjAlMjAlMjAlMjAlMjAlMjAlMjAlMjAlM0NkaXYlMjBjbGFzcyUzRCUyMmFyY29fX2hlYWRlci1oYW1idXJnZXItbGluZSUyMiUzRSUzQyUyRmRpdiUzRSUwQSUyMCUyMCUyMCUzQyUyRmRpdiUzRQ==[\/vc_raw_html][\/vc_column_inner][vc_column_inner el_class=\u00bbarco__header-nav\u00bb width=\u00bb1\/2&#8243; css=\u00bb.vc_custom_1755900498134{padding-top: 0px !important;padding-right: 0px !important;padding-bottom: 0px !important;padding-left: 0px !important;}\u00bb][vc_raw_html css=\u00bb\u00bb el_class=\u00bbarco__header-link\u00bb]JTNDYSUyMHRpdGxlJTNEJTIyTmF5YW1hcmElMjBBbWFkb3IlMjIlMjBocmVmJTNEJTIyaHR0cHMlM0ElMkYlMkZhcmNvcHJvcGVydGllcy5jb20lMkZuYXlhbWFyYS1hbWFkb3IlMkYlMjIlM0VFTiUzQyUyRmElM0U=[\/vc_raw_html][vc_column_text css=\u00bb\u00bb el_class=\u00bbarco__button arco__button-header\u00bb]<a href=\"#arco__form\">Muestrame los precios<\/a>[\/vc_column_text][\/vc_column_inner][\/vc_row_inner][\/vc_column][\/vc_row][vc_row css=\u00bb.vc_custom_1776343104881{margin-right: 0px !important;margin-left: 0px !important;padding-right: 0px !important;padding-left: 0px !important;background-image: url(https:\/\/arcoproperties.com\/wp-content\/uploads\/2026\/04\/nayamara-hero-background-image.webp?id=22992) !important;background-position: center !important;background-repeat: no-repeat !important;background-size: cover !important;}\u00bb el_class=\u00bbarco_hero\u00bb][vc_column css=\u00bb.vc_custom_1775760753583{margin-top: 0px !important;margin-bottom: 0px !important;padding-top: 0px !important;padding-bottom: 0px !important;}\u00bb][vc_row_inner css=\u00bb.vc_custom_1775760762578{padding-right: 0px !important;padding-left: 0px !important;}\u00bb el_class=\u00bbarco_hero-wrapper\u00bb][vc_column_inner el_class=\u00bbarco_hero_content\u00bb css=\u00bb.vc_custom_1775760758337{padding-top: 0px !important;padding-right: 0px !important;padding-bottom: 0px !important;padding-left: 0px !important;}\u00bb][vc_single_image image=\u00bb22998&#8243; img_size=\u00bblarge\u00bb css=\u00bb\u00bb el_class=\u00bbhero_logo\u00bb][vc_column_text css=\u00bb\u00bb el_class=\u00bbsubtitle_hero\u00bb]<\/p>\n<p style=\"text-align: right;\">Amador, Panama<\/p>\n<p>[\/vc_column_text][\/vc_column_inner][\/vc_row_inner][\/vc_column][\/vc_row][vc_section el_class=\u00bbspace-content arco_section pb-0-sm\u00bb][vc_row el_class=\u00bbwrapper\u00bb css=\u00bb.vc_custom_1756138229936{padding-top: 0px !important;padding-right: 0px !important;padding-bottom: 0px !important;padding-left: 0px !important;}\u00bb][vc_column width=\u00bb1\/2&#8243;][vc_column_text css=\u00bb\u00bb el_class=\u00bbarco_section_content pb-sm\u00bb]<\/p>\n<h1>Una propuesta residencial \u00fanica <br class=\"br-desktop\" \/>frente al agua<\/h1>\n<p>Un lugar para quienes saben que los momentos m\u00e1s extraordinarios suelen ser los m\u00e1s silenciosos.<\/p>\n<p>Nayamara se concibe como un santuario residencial en Panam\u00e1, moldeado por la intuici\u00f3n, el entorno y un dise\u00f1o intencional.<\/p>\n<p>Ubicado en Amador, donde el oc\u00e9ano, la vegetaci\u00f3n y el horizonte se encuentran, este proyecto invita a bajar el ritmo y disfrutar el d\u00eda a d\u00eda, rodeado de amplitud, aire fresco y vistas abiertas.Dise\u00f1ado para quienes buscan calma, espacio y una conexi\u00f3n m\u00e1s profunda con el lugar donde viven.<\/p>\n<p>Aqu\u00ed, la naturaleza, la arquitectura y el equilibrio se alinean de manera org\u00e1nica.[\/vc_column_text][vc_column_text css=\u00bb\u00bb el_class=\u00bbarco__button arco__button&#8211;secondary pb-0-desktop\u00bb]<\/p>\n<p style=\"text-align: left;\"><a href=\"#arco__form\">Descubre tu santuario<\/a><\/p>\n<p>[\/vc_column_text][\/vc_column][vc_column width=\u00bb1\/2&#8243; el_class=\u00bbarco_section_column\u00bb][vc_single_image image=\u00bb22994&#8243; img_size=\u00bbfull\u00bb css=\u00bb\u00bb el_class=\u00bbfull-width-image\u00bb][\/vc_column][\/vc_row][\/vc_section][vc_section css=\u00bb.vc_custom_1775744878977{padding-top: 0px !important;padding-right: 0px !important;padding-bottom: 0px !important;padding-left: 0px !important;background-color: #1C1C1C !important;}\u00bb el_class=\u00bbarco_section_grid space-content\u00bb][vc_row el_class=\u00bbwrapper space-content\u00bb css=\u00bb.vc_custom_1757945485799{padding-right: 1rem !important;padding-left: 1rem !important;}\u00bb][vc_column][vc_column_text css=\u00bb.vc_custom_1776098058784{padding-bottom: 1.5rem !important;}\u00bb el_class=\u00bbtitle\u00bb]<\/p>\n<h2 style=\"text-align: center;\">Deja atr\u00e1s el ritmo acelerado de la ciudad.<br \/>\nEntra en una nueva forma de vivir<\/h2>\n<p>[\/vc_column_text][vc_column_text css=\u00bb.vc_custom_1776099551040{padding-bottom: 1.5rem !important;}\u00bb el_class=\u00bbdescription wrapper-sm pb-sm\u00bb]<\/p>\n<p style=\"text-align: center;\">Nayamara propone un estilo de vida elevado, sereno y profundamente conectado<br \/>\ncon la naturaleza y con su entorno.<\/p>\n<p style=\"text-align: center;\">Con quince niveles residenciales, el edificio ha sido concebido para ofrecer una experiencia \u00edntima y acogedora. Las vistas abiertas, la luz natural y los espacios cuidadosamente dise\u00f1ados permiten que la vida fluya de manera natural entre el interior y el exterior.<\/p>\n<p style=\"text-align: center;\">No se trata de escapar de la ciudad por completo, sino de vivir por encima del ruido, sin perder la conexi\u00f3n con todo lo que importa.<\/p>\n<p>[\/vc_column_text][vc_row_inner el_class=\u00bbarco_section_cards wrapper-md\u00bb css=\u00bb.vc_custom_1775748043138{padding-right: 4rem !important;padding-left: 4rem !important;}\u00bb][vc_column_inner el_class=\u00bbarco_section_text_info\u00bb width=\u00bb1\/4&#8243;][vc_column_text css=\u00bb\u00bb]<\/p>\n<h3 style=\"text-align: center;\">UBICACI\u00d3N<\/h3>\n<p style=\"text-align: center;\"><strong>Amador, Panam\u00e1<\/strong><\/p>\n<p>[\/vc_column_text][\/vc_column_inner][vc_column_inner el_class=\u00bbarco_section_text_info\u00bb width=\u00bb1\/4&#8243;][vc_column_text css=\u00bb\u00bb]<\/p>\n<h3 style=\"text-align: center;\">NIVELES<\/h3>\n<p style=\"text-align: center;\"><strong>15 niveles residenciales<\/strong><\/p>\n<p>[\/vc_column_text][\/vc_column_inner][vc_column_inner el_class=\u00bbarco_section_text_info\u00bb width=\u00bb1\/4&#8243;][vc_column_text css=\u00bb\u00bb]<\/p>\n<h3 style=\"text-align: center;\">RESIDENCIAS<\/h3>\n<p style=\"text-align: center;\"><strong>158 unidades<\/strong><\/p>\n<p>[\/vc_column_text][\/vc_column_inner][vc_column_inner el_class=\u00bbarco_section_text_info\u00bb width=\u00bb1\/4&#8243;][vc_column_text css=\u00bb\u00bb]<\/p>\n<h3 style=\"text-align: center;\">ASCENSORES<\/h3>\n<p style=\"text-align: center;\"><strong>4 residenciales | 1 de servicio<\/strong><\/p>\n<p>[\/vc_column_text][\/vc_column_inner][\/vc_row_inner][vc_row_inner el_class=\u00bbarco_section_cards wrapper-md\u00bb css=\u00bb.vc_custom_1775748032700{padding-right: 4rem !important;padding-bottom: 1rem !important;padding-left: 4rem !important;}\u00bb][vc_column_inner el_class=\u00bbarco_section_text_info\u00bb width=\u00bb1\/4&#8243;][vc_column_text css=\u00bb\u00bb]<\/p>\n<h3 style=\"text-align: center;\">TIPOLOG\u00cdAS<\/h3>\n<p style=\"text-align: center;\"><strong>Residencias de 1 y 2 habitaciones<\/strong><\/p>\n<p>[\/vc_column_text][\/vc_column_inner][vc_column_inner el_class=\u00bbarco_section_text_info\u00bb width=\u00bb1\/4&#8243;][vc_column_text css=\u00bb\u00bb]<\/p>\n<h3 style=\"text-align: center;\">ALTURA INTERIOR<\/h3>\n<p style=\"text-align: center;\"><strong>2.95M<\/strong><\/p>\n<p>[\/vc_column_text][\/vc_column_inner][vc_column_inner el_class=\u00bbarco_section_text_info\u00bb width=\u00bb1\/4&#8243;][vc_column_text css=\u00bb\u00bb]<\/p>\n<h3 style=\"text-align: center;\">AMENIDADES<\/h3>\n<p style=\"text-align: center;\"><strong>+15 espacios curados<\/strong><\/p>\n<p>[\/vc_column_text][\/vc_column_inner][vc_column_inner el_class=\u00bbarco_section_text_info\u00bb width=\u00bb1\/4&#8243;][vc_column_text css=\u00bb\u00bb]<\/p>\n<h3 style=\"text-align: center;\">ESTACIONAMIENTOS<\/h3>\n<p style=\"text-align: center;\"><strong>1 por residencia<\/strong><\/p>\n<p>[\/vc_column_text][\/vc_column_inner][\/vc_row_inner][vc_row_inner el_class=\u00bbwrapper\u00bb css=\u00bb.vc_custom_1758136410256{padding-right: 0px !important;padding-left: 0px !important;}\u00bb][vc_column_inner el_class=\u00bbsection_grid_container pb-md\u00bb css=\u00bb.vc_custom_1758136272809{padding-right: 0px !important;padding-left: 0px !important;}\u00bb][vc_single_image image=\u00bb23000&#8243; img_size=\u00bbfull\u00bb css=\u00bb\u00bb][vc_single_image image=\u00bb23002&#8243; img_size=\u00bbfull\u00bb css=\u00bb\u00bb][vc_single_image image=\u00bb23004&#8243; img_size=\u00bbfull\u00bb css=\u00bb\u00bb][vc_single_image image=\u00bb23006&#8243; img_size=\u00bbfull\u00bb css=\u00bb\u00bb][vc_single_image image=\u00bb23008&#8243; img_size=\u00bbfull\u00bb css=\u00bb\u00bb][\/vc_column_inner][\/vc_row_inner][vc_column_text css=\u00bb\u00bb el_class=\u00bbarco__button arco__button-grid-images\u00bb]<\/p>\n<p style=\"text-align: center;\"><a href=\"#arco__form\">Solicitar detalles<\/a><\/p>\n<p>[\/vc_column_text][\/vc_column][\/vc_row][\/vc_section][vc_section css=\u00bb.vc_custom_1775744320791{padding-top: 0px !important;padding-right: 0px !important;padding-bottom: 0px !important;padding-left: 0px !important;background-color: #FFFFFF !important;}\u00bb el_class=\u00bbarco_section_information space-content\u00bb][vc_row el_class=\u00bbwrapper space-content pb-sm\u00bb css=\u00bb.vc_custom_1775754232442{padding-right: 1rem !important;padding-left: 1rem !important;background-color: #FFFFFF !important;}\u00bb][vc_column css=\u00bb.vc_custom_1775754893139{padding-top: 0px !important;}\u00bb][vc_column_text css=\u00bb.vc_custom_1776099980949{padding-bottom: 1.5rem !important;}\u00bb el_class=\u00bbtitle\u00bb]<\/p>\n<h2 style=\"text-align: center;\">Residencias dise\u00f1adas con intenci\u00f3n<\/h2>\n<p>[\/vc_column_text][vc_column_text css=\u00bb\u00bb el_class=\u00bbdescription wrapper-sm\u00bb]<\/p>\n<p style=\"text-align: center;\">Inspiradas en la fuerza silenciosa del jaguar\u00a0 y en la naturaleza que lo rodea, las residencias de Nayamara destacan por su confianza y elegancia natural. Su arquitectura prioriza la simplicidad, la calma, la privacidad y la conexi\u00f3n con el entorno.<\/p>\n<p>[\/vc_column_text][\/vc_column][\/vc_row][vc_row el_class=\u00bbwrapper arco_section\u00bb css=\u00bb.vc_custom_1775753749053{padding-top: 0px !important;padding-right: 1.2rem !important;padding-bottom: 0px !important;padding-left: 1.2rem !important;}\u00bb][vc_column width=\u00bb1\/2&#8243; css=\u00bb.vc_custom_1775754238336{padding-top: 0px !important;}\u00bb][vc_column_text css=\u00bb\u00bb el_class=\u00bbarco_section_content pb-md\u00bb]<\/p>\n<h2>Cada residencia ofrece:<\/h2>\n<ul style=\"margin: 0; padding: 0 0 1.5rem 1rem;\">\n<li>Techos altos y luminosos<\/li>\n<li>Terrazas espaciosas con vistas abiertas<\/li>\n<li>Distribuciones que maximizan la luz natural y la sensaci\u00f3n de amplitud<\/li>\n<li>Vistas y relaci\u00f3n constante con el entorno<\/li>\n<\/ul>\n<p>Elige entre residencias de una o dos habitaciones, con superficies que van desde aproximadamente 66 m\u00b2 hasta m\u00e1s de 120 m\u00b2, logrando un equilibrio ideal entre comodidad, serenidad y expresi\u00f3n arquitect\u00f3nica.<\/p>\n<p>Perfectas para vivir, disfrutar como refugio personal o invertir a largo plazo.[\/vc_column_text][\/vc_column][vc_column width=\u00bb1\/2&#8243; el_class=\u00bbarco_section_column\u00bb css=\u00bb.vc_custom_1775753925994{padding-top: 0px !important;}\u00bb][vc_single_image image=\u00bb23010&#8243; img_size=\u00bbfull\u00bb css=\u00bb\u00bb el_class=\u00bbfull-width-image column-image-residence\u00bb][\/vc_column][\/vc_row][\/vc_section][vc_section css=\u00bb.vc_custom_1775743170698{padding-top: 0px !important;padding-right: 0px !important;padding-bottom: 0px !important;padding-left: 0px !important;background-color: #F3F3F1 !important;}\u00bb el_class=\u00bbarco_section_information space-content\u00bb][vc_row el_class=\u00bbwrapper-md space-content\u00bb css=\u00bb.vc_custom_1775764800531{padding-right: 1rem !important;padding-left: 1rem !important;}\u00bb][vc_column][vc_column_text css=\u00bb.vc_custom_1776100112909{padding-bottom: 1.5rem !important;}\u00bb el_class=\u00bbtitle\u00bb]<\/p>\n<h2 style=\"text-align: center;\">Amenidades pensadas para vivir bien<\/h2>\n<p>[\/vc_column_text][vc_column_text css=\u00bb\u00bb el_class=\u00bbdescription wrapper-xs pb-sm\u00bb]<\/p>\n<p style=\"text-align: center;\">La vida en Nayamara gira en torno al bienestar, la tranquilidad y los momentos que realmente importan.<\/p>\n<p style=\"text-align: center;\">Las \u00e1reas comunes han sido dise\u00f1adas para acompa\u00f1ar el equilibrio cotidiano: desconectar, recargar energ\u00edas o compartir con otros.<\/p>\n<p style=\"text-align: center;\">Entre ellas:<\/p>\n<p>[\/vc_column_text][vc_row_inner el_class=\u00bbarco_section_grid_amenities\u00bb css=\u00bb.vc_custom_1775764082104{padding-right: 0px !important;padding-left: 0px !important;}\u00bb][vc_column_inner el_class=\u00bbitem-grid-amenities\u00bb css=\u00bb.vc_custom_1776343252990{padding-right: 0px !important;padding-left: 0px !important;background-image: url(https:\/\/arcoproperties.com\/wp-content\/uploads\/2026\/04\/nayamara-section-amenities-item-1.webp?id=23012) !important;}\u00bb][vc_column_text css=\u00bb\u00bb]\u00c1reas sociales en rooftop[\/vc_column_text][\/vc_column_inner][vc_column_inner el_class=\u00bbitem-grid-amenities\u00bb css=\u00bb.vc_custom_1776343262824{background-image: url(https:\/\/arcoproperties.com\/wp-content\/uploads\/2026\/04\/nayamara-section-amenities-item-2.webp?id=23014) !important;}\u00bb][vc_column_text css=\u00bb\u00bb]Espacios de relajaci\u00f3n[\/vc_column_text][\/vc_column_inner][vc_column_inner el_class=\u00bbitem-grid-amenities\u00bb css=\u00bb.vc_custom_1776343273909{background-image: url(https:\/\/arcoproperties.com\/wp-content\/uploads\/2026\/04\/nayamara-section-amenities-item-3.webp?id=23016) !important;}\u00bb][vc_column_text css=\u00bb\u00bb]Amenidades enfocadas en bienestar[\/vc_column_text][\/vc_column_inner][vc_column_inner el_class=\u00bbitem-grid-amenities\u00bb css=\u00bb.vc_custom_1775766157574{background-color: #E8E8E5 !important;}\u00bb][vc_column_text css=\u00bb\u00bb]<\/p>\n<p style=\"text-align: center;\">El concepto es simple: un entorno donde la calidad importa m\u00e1s que la cantidad.<\/p>\n<p style=\"text-align: center;\"><strong>Aqu\u00ed, todo tiene intenci\u00f3n.<\/strong><\/p>\n<p>[\/vc_column_text][\/vc_column_inner][\/vc_row_inner][\/vc_column][\/vc_row][\/vc_section][vc_section css=\u00bb.vc_custom_1775755063888{padding-top: 0px !important;padding-right: 0px !important;padding-bottom: 0px !important;padding-left: 0px !important;background-color: #FFFFFF !important;}\u00bb el_class=\u00bbarco_section space-content\u00bb][vc_row el_class=\u00bbwrapper space-content\u00bb css=\u00bb.vc_custom_1757945485799{padding-right: 1rem !important;padding-left: 1rem !important;}\u00bb][vc_column][vc_column_text css=\u00bb\u00bb el_class=\u00bbpb-sm-desktop\u00bb]<\/p>\n<h2 style=\"text-align: center;\">3 momentos espaciales que estructuran la experiencia Nayamara<\/h2>\n<p>[\/vc_column_text][vc_row_inner el_class=\u00bbexperience-content\u00bb css=\u00bb.vc_custom_1775757821075{padding-right: 1rem !important;padding-left: 1rem !important;}\u00bb][vc_column_inner el_class=\u00bbcard-experience\u00bb width=\u00bb1\/3&#8243;][vc_column_text css=\u00bb\u00bb]<\/p>\n<p style=\"text-align: left;\">01<\/p>\n<h3 style=\"text-align: left;\">The Umbral Level<\/h3>\n<p style=\"text-align: left;\">El espacio de llegada que marca la transici\u00f3n entre el exterior y el proyecto.<\/p>\n<p>[\/vc_column_text][\/vc_column_inner][vc_column_inner el_class=\u00bbcard-experience\u00bb width=\u00bb1\/3&#8243;][vc_column_text css=\u00bb\u00bb]<\/p>\n<p style=\"text-align: left;\">02<\/p>\n<h3 style=\"text-align: left;\">The Zenith<\/h3>\n<p style=\"text-align: left;\">El coraz\u00f3n social del edificio, ubicado en el nivel superior, ofrece amenidades como piscinas, spa wellness, sol\u00e1rium, estudio de movimiento, mirador, lounge privado, jardines exteriores, bar BBQ y m\u00e1s.<\/p>\n<p>[\/vc_column_text][\/vc_column_inner][vc_column_inner el_class=\u00bbcard-experience\u00bb width=\u00bb1\/3&#8243;][vc_column_text css=\u00bb\u00bb]<\/p>\n<p style=\"text-align: left;\">03<\/p>\n<h3 style=\"text-align: left;\">The Collection Homes<\/h3>\n<p style=\"text-align: left;\">Una colecci\u00f3n de residencias amplias, abiertas y equilibradas, en conexi\u00f3n con el entorno natural.<\/p>\n<p>[\/vc_column_text][\/vc_column_inner][\/vc_row_inner][\/vc_column][\/vc_row][\/vc_section][vc_section css=\u00bb.vc_custom_1775743170698{padding-top: 0px !important;padding-right: 0px !important;padding-bottom: 0px !important;padding-left: 0px !important;background-color: #F3F3F1 !important;}\u00bb el_class=\u00bbarco_section_information space-content\u00bb][vc_row el_class=\u00bbwrapper space-content\u00bb css=\u00bb.vc_custom_1759419842477{padding-right: 1rem !important;padding-left: 1rem !important;}\u00bb][vc_column][vc_column_text css=\u00bb.vc_custom_1776100324330{padding-bottom: 1.5rem !important;}\u00bb el_class=\u00bbtitle\u00bb]<\/p>\n<h2 style=\"text-align: center;\">AUna presencia \u00fanica en el paisaje <br class=\"br-desktop\" \/>costero de Panam\u00e1<\/h2>\n<p>[\/vc_column_text][vc_column_text css=\u00bb\u00bb el_class=\u00bbdescription wrapper-xs pb-sm\u00bb]<\/p>\n<p style=\"text-align: center;\">Nayamara no busca llamar la atenci\u00f3n, sino ofrecer algo duradero: un lugar que simplemente se siente correcto.<\/p>\n<p style=\"text-align: center;\">Su identidad arquitect\u00f3nica, su ubicaci\u00f3n frente al agua, su dise\u00f1o a escala humana y su atm\u00f3sfera residencial lo convierten en una opci\u00f3n ideal para quienes buscan conexi\u00f3n emocional, valor a largo plazo, un verdadero sentido de pertenencia y un estilo de vida con prop\u00f3sito<\/p>\n<p style=\"text-align: center;\">Ya sea que busques tu pr\u00f3ximo hogar o inversi\u00f3n inteligente, Nayamara combina ubicaci\u00f3n, dise\u00f1o y estilo de vida en perfecto equilibrio.<br \/>\nUn lugar definido por perspectiva, presencia e intenci\u00f3n.<\/p>\n<p>[\/vc_column_text][vc_row_inner el_class=\u00bbwrapper\u00bb css=\u00bb.vc_custom_1758136410256{padding-right: 0px !important;padding-left: 0px !important;}\u00bb][vc_column_inner el_class=\u00bbsection_grid_container pb-sm\u00bb css=\u00bb.vc_custom_1775741719128{padding-right: 0px !important;padding-left: 0px !important;}\u00bb][vc_single_image image=\u00bb23018&#8243; img_size=\u00bbfull\u00bb css=\u00bb\u00bb][vc_single_image image=\u00bb23020&#8243; img_size=\u00bbfull\u00bb css=\u00bb\u00bb][vc_single_image image=\u00bb23022&#8243; img_size=\u00bbfull\u00bb css=\u00bb\u00bb][\/vc_column_inner][\/vc_row_inner][vc_column_text css=\u00bb\u00bb el_class=\u00bbarco__button arco__button&#8211;secondary\u00bb]<\/p>\n<p style=\"text-align: center;\"><a href=\"#arco__form\">Solicitar detalles<\/a><\/p>\n<p>[\/vc_column_text][\/vc_column][\/vc_row][\/vc_section][vc_section css=\u00bb.vc_custom_1775743468376{padding-top: 0px !important;padding-right: 0px !important;padding-bottom: 0px !important;padding-left: 0px !important;background-color: #1C1C1C !important;}\u00bb el_class=\u00bbarco_section_information text-white space-content\u00bb][vc_row el_class=\u00bbwrapper space-content\u00bb css=\u00bb.vc_custom_1759419842477{padding-right: 1rem !important;padding-left: 1rem !important;}\u00bb][vc_column][vc_column_text css=\u00bb.vc_custom_1776100449888{padding-bottom: 1.5rem !important;}\u00bb el_class=\u00bbtitle\u00bb]<\/p>\n<h2 style=\"text-align: center;\">\u00bfListo para hacer de Nayamara <br class=\"br-desktop\" \/>tu nuevo hogar o tu pr\u00f3xima inversi\u00f3n?<\/h2>\n<p>[\/vc_column_text][vc_column_text css=\u00bb\u00bb el_class=\u00bbdescription wrapper-sm\u00bb]<\/p>\n<p style=\"text-align: center;\">Completa el formulario para recibir informaci\u00f3n detallada, planos y disponibilidad actual. Tu vida frente al mar en Panam\u00e1 comienza hoy.<\/p>\n<p>[\/vc_column_text][\/vc_column][\/vc_row][\/vc_section][vc_section css=\u00bb.vc_custom_1776343325118{padding-top: 7% !important;padding-bottom: 7% !important;background-image: url(https:\/\/arcoproperties.com\/wp-content\/uploads\/2026\/04\/nayamara-background-form-image.webp?id=23024) !important;background-position: center !important;background-repeat: no-repeat !important;background-size: cover !important;}\u00bb el_class=\u00bbarco_section_form\u00bb el_id=\u00bbarco__form\u00bb][vc_row css=\u00bb.vc_custom_1756240064197{padding-right: 0px !important;padding-left: 0px !important;}\u00bb][vc_column][vc_column_text css=\u00bb\u00bb]<\/p>\n<h3 style=\"text-align: center;\"><strong>\u00bfA d\u00f3nde debemos enviar la informaci\u00f3n sobre precios?<\/strong><\/h3>\n<p>[\/vc_column_text][vc_column_text css=\u00bb\u00bb]<iframe id=\"inline-akUJobglkydfpTWhDabL\" style=\"width: 100%; height: 100%; border: none; border-radius: 3px;\" title=\"Form Nayamara landing page\" src=\"https:\/\/api.leadconnectorhq.com\/widget\/form\/akUJobglkydfpTWhDabL\" data-layout=\"{'id':'INLINE'}\" data-trigger-type=\"alwaysShow\" data-trigger-value=\"\" data-activation-type=\"alwaysActivated\" data-activation-value=\"\" data-deactivation-type=\"neverDeactivate\" data-deactivation-value=\"\" data-form-name=\"Form Nayamara landing page\" data-height=\"663\" data-layout-iframe-id=\"inline-akUJobglkydfpTWhDabL\" data-form-id=\"akUJobglkydfpTWhDabL\" data-mce-fragment=\"1\"><span data-mce-type=\"bookmark\" style=\"display: inline-block; width: 0px; overflow: hidden; line-height: 0;\" class=\"mce_SELRES_start\">\ufeff<\/span><br \/>\n<\/iframe><br \/>\n<script src=\"https:\/\/link.msgsndr.com\/js\/form_embed.js\"><\/script>[\/vc_column_text][\/vc_column][\/vc_row][\/vc_section]<\/p>\n<\/div>","protected":false},"excerpt":{"rendered":"<p>[vc_row css=\u00bb.vc_custom_1754944904130{margin-right: 0px !important;margin-left: 0px !important;padding-right: 0px !important;padding-left: 0px !important;background-color: #ffffff !important;background-position: center !important;background-repeat: no-repeat !important;background-size: cover !important;}\u00bb el_class=\u00bbarco__header\u00bb el_id=\u00bbarco_header\u00bb][vc_column css=\u00bb.vc_custom_1754944299357{margin-top: 0px !important;margin-bottom: 0px !important;padding-top: 0px !important;padding-bottom: 0px !important;}\u00bb][vc_row_inner css=\u00bb.vc_custom_1754945270616{padding-right: 0px !important;padding-left: 0px !important;background-color: #ffffff !important;}\u00bb el_class=\u00bbwrapper arco__header-wrapper\u00bb][vc_column_inner width=\u00bb1\/2&#8243; css=\u00bb.vc_custom_1752169437884{padding-top: 0px !important;padding-right: 0px !important;padding-bottom: 0px !important;padding-left: 0px !important;}\u00bb][vc_single_image image=\u00bb22996&#8243; img_size=\u00bbmedium\u00bb css=\u00bb\u00bb el_class=\u00bbarco__header-logo\u00bb][\/vc_column_inner][vc_column_inner el_class=\u00bbarco__header-button-mobile\u00bb width=\u00bb1\/2&#8243; css=\u00bb.vc_custom_1754945265103{padding-top: [&hellip;]<\/p>\n","protected":false},"author":24,"featured_media":0,"parent":0,"menu_order":0,"comment_status":"closed","ping_status":"closed","template":"template-vc.php","meta":{"footnotes":""},"class_list":["post-23025","page","type-page","status-publish","hentry"],"aioseo_notices":[],"_links":{"self":[{"href":"https:\/\/arcoproperties.com\/es\/wp-json\/wp\/v2\/pages\/23025","targetHints":{"allow":["GET"]}}],"collection":[{"href":"https:\/\/arcoproperties.com\/es\/wp-json\/wp\/v2\/pages"}],"about":[{"href":"https:\/\/arcoproperties.com\/es\/wp-json\/wp\/v2\/types\/page"}],"author":[{"embeddable":true,"href":"https:\/\/arcoproperties.com\/es\/wp-json\/wp\/v2\/users\/24"}],"replies":[{"embeddable":true,"href":"https:\/\/arcoproperties.com\/es\/wp-json\/wp\/v2\/comments?post=23025"}],"version-history":[{"count":0,"href":"https:\/\/arcoproperties.com\/es\/wp-json\/wp\/v2\/pages\/23025\/revisions"}],"wp:attachment":[{"href":"https:\/\/arcoproperties.com\/es\/wp-json\/wp\/v2\/media?parent=23025"}],"curies":[{"name":"wp","href":"https:\/\/api.w.org\/{rel}","templated":true}]}}