{"id":20907,"date":"2025-11-18T23:40:36","date_gmt":"2025-11-19T04:40:36","guid":{"rendered":"https:\/\/arcoproperties.com\/?page_id=20907"},"modified":"2025-11-21T12:30:04","modified_gmt":"2025-11-21T17:30:04","slug":"santa-familia","status":"publish","type":"page","link":"https:\/\/arcoproperties.com\/es\/santa-familia\/","title":{"rendered":"Discover Santa Familia"},"content":{"rendered":"<div class=\"wpb-content-wrapper\"><p>[vc_row css=\u00bb.vc_custom_1754944904130{margin-right: 0px !important;margin-left: 0px !important;padding-right: 0px !important;padding-left: 0px !important;background-color: #ffffff !important;background-position: center !important;background-repeat: no-repeat !important;background-size: cover !important;}\u00bb el_class=\u00bbarco__header\u00bb el_id=\u00bbarco_header\u00bb][vc_column css=\u00bb.vc_custom_1754944299357{margin-top: 0px !important;margin-bottom: 0px !important;padding-top: 0px !important;padding-bottom: 0px !important;}\u00bb][vc_row_inner css=\u00bb.vc_custom_1754945270616{padding-right: 0px !important;padding-left: 0px !important;background-color: #ffffff !important;}\u00bb el_class=\u00bbwrapper arco__header-wrapper\u00bb][vc_column_inner width=\u00bb1\/2&#8243; css=\u00bb.vc_custom_1752169437884{padding-top: 0px !important;padding-right: 0px !important;padding-bottom: 0px !important;padding-left: 0px !important;}\u00bb][vc_single_image image=\u00bb20891&#8243; img_size=\u00bbmedium\u00bb css=\u00bb\u00bb el_class=\u00bbarco__header-logo\u00bb][\/vc_column_inner][vc_column_inner el_class=\u00bbarco__header-button-mobile\u00bb width=\u00bb1\/2&#8243; css=\u00bb.vc_custom_1754945265103{padding-top: 0px !important;padding-right: 0px !important;padding-bottom: 0px !important;padding-left: 0px !important;}\u00bb][vc_raw_html css=\u00bb\u00bb]JTNDJTIxLS0lMjBNT0JJTEUlMjBNRU5VJTIwQlVUVE9OJTIwLS0lM0UlMEElM0NkaXYlMjBjbGFzcyUzRCUyMmFyY29fX2hlYWRlci1oYW1idXJnZXItbWVudSUyMiUzRSUwQSUyMCUyMCUyMCUyMCUyMCUyMCUyMCUyMCUyMCUzQ2RpdiUyMGNsYXNzJTNEJTIyYXJjb19faGVhZGVyLWhhbWJ1cmdlci1saW5lJTIyJTNFJTNDJTJGZGl2JTNFJTBBJTIwJTIwJTIwJTIwJTIwJTIwJTIwJTIwJTIwJTNDZGl2JTIwY2xhc3MlM0QlMjJhcmNvX19oZWFkZXItaGFtYnVyZ2VyLWxpbmUlMjIlM0UlM0MlMkZkaXYlM0UlMEElMjAlMjAlMjAlMjAlMjAlMjAlMjAlMjAlMjAlM0NkaXYlMjBjbGFzcyUzRCUyMmFyY29fX2hlYWRlci1oYW1idXJnZXItbGluZSUyMiUzRSUzQyUyRmRpdiUzRSUwQSUyMCUyMCUyMCUzQyUyRmRpdiUzRQ==[\/vc_raw_html][\/vc_column_inner][vc_column_inner el_class=\u00bbarco__header-nav\u00bb width=\u00bb1\/2&#8243; css=\u00bb.vc_custom_1755900498134{padding-top: 0px !important;padding-right: 0px !important;padding-bottom: 0px !important;padding-left: 0px !important;}\u00bb][vc_column_text css=\u00bb\u00bb el_class=\u00bbarco__header-link\u00bb]<a title=\"Discover Santa Familia - English\" href=\"https:\/\/arcoproperties.com\/santa-familia\/\">EN<\/a>[\/vc_column_text][vc_column_text css=\u00bb\u00bb el_class=\u00bbarco__button arco__button-header\u00bb]<\/p>\n<p><a href=\"#arco__form\">Solicitar precios<\/a><\/p>\n<p>[\/vc_column_text][\/vc_column_inner][\/vc_row_inner][\/vc_column][\/vc_row][vc_row css=\u00bb.vc_custom_1762450957801{margin-right: 0px !important;margin-left: 0px !important;padding-right: 0px !important;padding-left: 0px !important;background-image: url(https:\/\/arcopropstg.wpenginepowered.com\/wp-content\/uploads\/2025\/11\/img125-scaled32-ezgif.com-jpg-to-webp-converter.webp?id=20666) !important;background-position: center !important;background-repeat: no-repeat !important;background-size: cover !important;}\u00bb el_class=\u00bbarco_hero\u00bb][vc_column css=\u00bb.vc_custom_1756142489936{margin-top: 0px !important;margin-bottom: 0px !important;padding-top: 0px !important;padding-bottom: 0px !important;}\u00bb][vc_row_inner css=\u00bb.vc_custom_1756138205045{padding-right: 0px !important;padding-left: 0px !important;}\u00bb el_class=\u00bbarco_hero-wrapper\u00bb][vc_column_inner el_class=\u00bbarco_hero_content\u00bb css=\u00bb.vc_custom_1760378941916{padding-top: 0px !important;padding-right: 0px !important;padding-bottom: 0px !important;padding-left: 0px !important;}\u00bb][vc_single_image image=\u00bb20893&#8243; img_size=\u00bblarge\u00bb alignment=\u00bbcenter\u00bb css=\u00bb\u00bb el_class=\u00bbhero_logo\u00bb][\/vc_column_inner][\/vc_row_inner][\/vc_column][\/vc_row][vc_section el_class=\u00bbspace-content pb-0-sm\u00bb][vc_row el_class=\u00bbwrapper content-media\u00bb css=\u00bb.vc_custom_1760471430284{padding-top: 0px !important;padding-right: 0px !important;padding-bottom: 0px !important;padding-left: 0px !important;}\u00bb][vc_column offset=\u00bbvc_col-lg-6&#8243;][vc_column_text css=\u00bb.vc_custom_1762797707334{padding-bottom: 2rem !important;}\u00bb el_class=\u00bbcontent-media_content\u00bb]<\/p>\n<h1>Santa Familia en Casco Viejo<\/h1>\n<p><strong>Una joya escondida frente al mar<\/strong><\/p>\n<p>Santa Familia combina lo mejor de los dos mundos: el encanto hist\u00f3rico de Casco Viejo con un estilo de vida sereno frente al mar.<\/p>\n<p>Ubicado en el distrito m\u00e1s caminable de la Ciudad de Panam\u00e1, este desarrollo se sit\u00faa frente a la Playa Santo Domingo y ofrece vistas impresionantes del oc\u00e9ano Pac\u00edfico y de la entrada del Canal de Panam\u00e1.<\/p>\n<p>Desarrollado por Conservatorio, el equipo visionario detr\u00e1s de los proyectos m\u00e1s din\u00e1micos de Casco Viejo, Santa Familia fusiona sostenibilidad, elegancia y revitalizaci\u00f3n urbana. Desde la calle, se integra con las tiendas y la arquitectura hist\u00f3rica de Casco.<\/p>\n<p>Desde el mar, sus edificios neocl\u00e1sicos revelan patios exuberantes, una piscina resplandeciente y un exclusivo Ocean Club.<\/p>\n<p>[\/vc_column_text][vc_column_text css=\u00bb\u00bb el_class=\u00bbarco__button pb-md\u00bb]<\/p>\n<p style=\"text-align: center;\"><a href=\"#arco__form\">Descubre la vida junto al mar en plena ciudad<\/a><\/p>\n<p>[\/vc_column_text][\/vc_column][vc_column offset=\u00bbvc_col-lg-6&#8243; el_class=\u00bbcontent-media_column\u00bb][vc_single_image image=\u00bb20896&#8243; img_size=\u00bbfull\u00bb css=\u00bb\u00bb el_class=\u00bbcontent-media_image full-width-image\u00bb][\/vc_column][\/vc_row][\/vc_section][vc_section css=\u00bb.vc_custom_1762456413517{margin-bottom: 0px !important;padding-top: 0px !important;padding-bottom: 0px !important;background-color: #F1F1EF !important;}\u00bb][vc_row el_class=\u00bbwrapper space-content section-intro section-intro&#8211;primary\u00bb css=\u00bb.vc_custom_1760477942854{padding-right: 0px !important;padding-left: 0px !important;}\u00bb][vc_column][vc_column_text css=\u00bb\u00bb el_class=\u00bbwrapper-xs\u00bb]<\/p>\n<h2 style=\"text-align: center;\"><strong><em>Residencias dise\u00f1adas para la vida:<br \/>\ncomodidad moderna con encanto atemporal<\/em><\/strong><\/h2>\n<p>[\/vc_column_text][vc_column_text css=\u00bb\u00bb el_class=\u00bbwrapper-sm\u00bb]<\/p>\n<p style=\"text-align: center;\">Santa Familia es un desarrollo frente al mar que ofrece 55 residencias, desde estudios hasta apartamentos de cuatro habitaciones. Cada hogar cuenta con espacios abiertos, balcones privados, terrazas o jardines ideales para relajarse o recibir invitados. Sus interiores llenos de luz natural, cocinas contempor\u00e1neas y amplias suites principales crean un ambiente sereno y acogedor.<\/p>\n<p style=\"text-align: center;\">Dise\u00f1ado para d\u00edas soleados y reuniones al atardecer, Santa Familia tambi\u00e9n ofrece espaciosos comedores y terrazas \u00edntimas, perfectas para veladas tranquilas o momentos especiales con amigos y familiares.<\/p>\n<p style=\"text-align: center;\">Ya sea que busques una residencia permanente, un refugio vacacional, una fuente de ingresos por alquiler o una inversi\u00f3n inteligente, Santa Familia ofrece una colecci\u00f3n cuidadosamente seleccionada de apartamentos de lujo, brindando un estilo de vida \u00fanico frente al mar en el coraz\u00f3n de la ciudad.<\/p>\n<p>[\/vc_column_text][\/vc_column][\/vc_row][vc_row css=\u00bb.vc_custom_1762458915311{margin-bottom: 0px !important;padding-right: 1.2rem !important;padding-bottom: 35px !important;padding-left: 1.2rem !important;}\u00bb el_class=\u00bbwrapper section-block_grid grid-3-columns\u00bb][vc_column width=\u00bb1\/3&#8243; css=\u00bb.vc_custom_1760477351663{padding-right: 0px !important;padding-left: 0px !important;}\u00bb el_class=\u00bbmedia-card\u00bb][vc_single_image image=\u00bb20361&#8243; img_size=\u00bblarge\u00bb css=\u00bb\u00bb el_class=\u00bbmedia-card_image\u00bb][vc_column_text css=\u00bb\u00bb el_class=\u00bbmedia-card_title\u00bb]<\/p>\n<h3 style=\"text-align: center;\"><em>Interiores tropicales atemporales<\/em><\/h3>\n<p>[\/vc_column_text][vc_column_text css=\u00bb\u00bb el_class=\u00bbmedia-card_content\u00bb]<\/p>\n<p style=\"text-align: center;\"><span style=\"white-space-collapse: preserve;\">Inspirados en la forma en que las plantas de Casco Viejo brotan de los muros de calicanto, los interiores integran la naturaleza en la vida diaria. Las luminosas salas de estar y las cocinas modernas se integran armoniosamente con las serenas suites principales, equipadas con amplios armarios y ba\u00f1os tipo spa.<\/span><\/p>\n<p>[\/vc_column_text][\/vc_column][vc_column width=\u00bb1\/3&#8243; el_class=\u00bbmedia-card\u00bb css=\u00bb.vc_custom_1760477358314{padding-right: 0px !important;padding-left: 0px !important;}\u00bb][vc_single_image image=\u00bb20363&#8243; img_size=\u00bblarge\u00bb css=\u00bb\u00bb el_class=\u00bbmedia-card_image\u00bb][vc_column_text css=\u00bb\u00bb el_class=\u00bbmedia-card_title\u00bb]<\/p>\n<h3 style=\"text-align: center;\"><em>Balcones: vida al aire libre en Casco<\/em><\/h3>\n<p>[\/vc_column_text][vc_column_text css=\u00bb\u00bb el_class=\u00bbmedia-card_content\u00bb]<\/p>\n<p style=\"text-align: center;\"><span style=\"white-space-collapse: preserve;\">En Casco, la vida se traslada al exterior, y los balcones se convierten en los protagonistas. En Santa Familia, son amplios, con hasta dos metros de profundidad y lo m\u00e1s anchos posible, siempre respetando la armon\u00eda de las fachadas hist\u00f3ricas. M\u00e1s que simples balcones, son aut\u00e9nticas salas al aire libre, ideales para ma\u00f1anas tranquilas, largas conversaciones o atardeceres impresionantes.<\/span><\/p>\n<p>[\/vc_column_text][\/vc_column][vc_column width=\u00bb1\/3&#8243; el_class=\u00bbmedia-card\u00bb css=\u00bb.vc_custom_1760477363812{padding-right: 0px !important;padding-left: 0px !important;}\u00bb][vc_single_image image=\u00bb20365&#8243; img_size=\u00bblarge\u00bb css=\u00bb\u00bb el_class=\u00bbmedia-card_image\u00bb][vc_column_text css=\u00bb\u00bb el_class=\u00bbmedia-card_title\u00bb]<\/p>\n<h3 style=\"text-align: center;\"><em>Ubicaci\u00f3n privilegiada<\/em><\/h3>\n<p>[\/vc_column_text][vc_column_text css=\u00bb\u00bb el_class=\u00bbmedia-card_content\u00bb]<\/p>\n<p style=\"text-align: center;\"><span style=\"white-space-collapse: preserve;\">Situada en el \u00fanico distrito verdaderamente caminable de la Ciudad de Panam\u00e1, Santa Familia ofrece acceso inigualable a todo: tiendas encantadoras, calles hist\u00f3ricas y la incomparable Playa Santo Domingo. Despierta con vistas espectaculares al oc\u00e9ano, contempla el atardecer sobre el Pac\u00edfico y disfruta de estar a solo pasos del vibrante coraz\u00f3n de Casco Viejo.<\/span><\/p>\n<p>[\/vc_column_text][\/vc_column][\/vc_row][vc_row css=\u00bb.vc_custom_1762796094983{margin-top: 0px !important;margin-right: 0px !important;margin-bottom: 0px !important;margin-left: 0px !important;border-top-width: 0px !important;border-right-width: 0px !important;border-bottom-width: 0px !important;border-left-width: 0px !important;padding-top: 0px !important;padding-right: 0px !important;padding-bottom: 10px !important;padding-left: 0px !important;background-color: #FFFFFF !important;}\u00bb][vc_column css=\u00bb.vc_custom_1762458715289{padding-top: 0px !important;padding-right: 0px !important;padding-bottom: 0px !important;padding-left: 0px !important;}\u00bb][vc_single_image image=\u00bb20898&#8243; img_size=\u00bbfull\u00bb css=\u00bb.vc_custom_1763528536258{margin-top: 0px !important;margin-bottom: 0px !important;padding-top: 0px !important;padding-right: 0px !important;padding-bottom: 0px !important;padding-left: 0px !important;}\u00bb el_class=\u00bbfull-width-image\u00bb][\/vc_column][\/vc_row][\/vc_section][vc_section el_class=\u00bbsection-highlights space-content\u00bb css=\u00bb.vc_custom_1762459139036{margin-top: 0px !important;margin-bottom: 0px !important;border-top-width: 0px !important;border-bottom-width: 0px !important;padding-top: 35px !important;padding-bottom: 0px !important;background-color: #9E6951 !important;}\u00bb][vc_row el_class=\u00bbwrapper\u00bb css=\u00bb.vc_custom_1760382728680{padding-right: 0px !important;padding-left: 0px !important;}\u00bb][vc_column][vc_column_text css=\u00bb\u00bb]<\/p>\n<h2 style=\"text-align: center;\"><em><strong>Descubre tu estilo de vida frente al mar<\/strong><\/em><\/h2>\n<p>[\/vc_column_text][\/vc_column][\/vc_row][vc_row css=\u00bb.vc_custom_1756236173972{padding-right: 0px !important;padding-left: 0px !important;}\u00bb][vc_column css=\u00bb.vc_custom_1756144179386{padding-right: 0px !important;padding-left: 0px !important;}\u00bb][vc_single_image image=\u00bb20900&#8243; img_size=\u00bbfull\u00bb css=\u00bb.vc_custom_1763528547271{padding-right: 0px !important;padding-left: 0px !important;}\u00bb el_class=\u00bbfull-width-image\u00bb][\/vc_column][\/vc_row][\/vc_section][vc_section el_class=\u00bbspace-content\u00bb css=\u00bb.vc_custom_1760478013383{background-color: #FFFFFF !important;}\u00bb][vc_row el_class=\u00bbwrapper section-intro section-intro&#8211;primary\u00bb css=\u00bb.vc_custom_1760478001238{padding-right: 0px !important;padding-left: 0px !important;}\u00bb][vc_column][vc_column_text css=\u00bb\u00bb el_class=\u00bbtitle\u00bb]<\/p>\n<h2 style=\"text-align: center;\"><strong><em>Amenidades que facilitan la vida<\/em><\/strong><\/h2>\n<p>[\/vc_column_text][vc_column_text css=\u00bb.vc_custom_1762798191149{margin-bottom: 0px !important;padding-top: 0px !important;}\u00bb el_class=\u00bbwrapper-sm\u00bb]<\/p>\n<p style=\"text-align: center;\">Cada detalle en Santa Familia est\u00e1 dise\u00f1ado para un estilo de vida saludable, activo y conectado:<\/p>\n<p>[\/vc_column_text][\/vc_column][\/vc_row][vc_row equal_height=\u00bbyes\u00bb el_class=\u00bbwrapper section-block_grid grid-3-columns\u00bb css=\u00bb.vc_custom_1762796471580{padding-top: 2rem !important;padding-right: 1.2rem !important;padding-left: 1.2rem !important;}\u00bb][vc_column width=\u00bb1\/3&#8243; css=\u00bb.vc_custom_1762457321346{padding-right: 0px !important;padding-left: 0px !important;}\u00bb el_class=\u00bbmedia-card\u00bb][vc_column_text css=\u00bb.vc_custom_1762798242235{padding-top: 0px !important;padding-right: 0px !important;padding-bottom: 0px !important;padding-left: 0px !important;}\u00bb el_class=\u00bbmedia-card_title\u00bb]<\/p>\n<h3 style=\"text-align: center;\"><strong><em>Bienestar y relajaci\u00f3n<\/em><\/strong><\/h3>\n<p>[\/vc_column_text][vc_column_text css=\u00bb\u00bb el_class=\u00bbmedia-card_content\u00bb]<\/p>\n<ul>\n<li style=\"text-align: center;\">Piscina frente al mar<\/li>\n<li style=\"text-align: center;\">Amplia terraza en la azotea con vistas al oc\u00e9ano<\/li>\n<li style=\"text-align: center;\">Ocean Club y lounge bar<\/li>\n<li style=\"text-align: center;\">Cocina del chef<\/li>\n<\/ul>\n<p>[\/vc_column_text][\/vc_column][vc_column width=\u00bb1\/3&#8243; el_class=\u00bbmedia-card\u00bb css=\u00bb.vc_custom_1762457882629{padding-right: 0px !important;padding-left: 0px !important;}\u00bb][vc_column_text css=\u00bb.vc_custom_1762798388943{padding-top: 0px !important;padding-right: 0px !important;padding-bottom: 0px !important;padding-left: 0px !important;}\u00bb el_class=\u00bbmedia-card_title\u00bb]<\/p>\n<h3 style=\"text-align: center;\"><strong><em>Estilo de vida y trabajo<\/em><\/strong><\/h3>\n<p>[\/vc_column_text][vc_column_text css=\u00bb\u00bb el_class=\u00bbmedia-card_content\u00bb]<\/p>\n<ul>\n<li style=\"text-align: center;\">\u00c1rea de lounge<\/li>\n<li style=\"text-align: center;\">Biblioteca y sala de juntas<\/li>\n<\/ul>\n<p>[\/vc_column_text][\/vc_column][vc_column width=\u00bb1\/3&#8243; el_class=\u00bbmedia-card\u00bb css=\u00bb.vc_custom_1762457890595{padding-right: 0px !important;padding-left: 0px !important;}\u00bb][vc_column_text css=\u00bb.vc_custom_1762798454217{padding-top: 0px !important;padding-right: 0px !important;padding-bottom: 0px !important;padding-left: 0px !important;}\u00bb el_class=\u00bbmedia-card_title\u00bb]<\/p>\n<h3 style=\"text-align: center;\"><strong><em>Comodidad y seguridad diaria<\/em><\/strong><\/h3>\n<p>[\/vc_column_text][vc_column_text css=\u00bb\u00bb el_class=\u00bbmedia-card_content\u00bb]<\/p>\n<ul>\n<li style=\"text-align: center;\">Ascensores<\/li>\n<li style=\"text-align: center;\">Estacionamientos<\/li>\n<li style=\"text-align: center;\">Seguridad 24 horas<\/li>\n<\/ul>\n<p>[\/vc_column_text][\/vc_column][\/vc_row][\/vc_section][vc_section el_class=\u00bbspace-content\u00bb css=\u00bb.vc_custom_1760479161828{background-color: #F1F1EF !important;}\u00bb][vc_row el_class=\u00bbsection-intro section-intro&#8211;primary wrapper\u00bb css=\u00bb.vc_custom_1760479394658{padding-right: 0px !important;padding-left: 0px !important;}\u00bb][vc_column][vc_column_text css=\u00bb\u00bb el_class=\u00bbtitle\u00bb]<\/p>\n<h2 style=\"text-align: center;\"><strong><em>Tu oportunidad de tener lo mejor de ambos mundos:<br \/>\nvida frente al mar en el coraz\u00f3n de la ciudad<\/em><\/strong><\/h2>\n<p>[\/vc_column_text][vc_column_text css=\u00bb\u00bb el_class=\u00bbwrapper-sm\u00bb]<\/p>\n<p style=\"text-align: center;\">Ya sea que busques tu pr\u00f3ximo hogar o una inversi\u00f3n \u00fanica, Santa Familia ofrece 55 residencias cuidadosamente dise\u00f1adas para combinar los ritmos relajados de la vida frente al mar con la energ\u00eda vibrante de Casco Viejo.<\/p>\n<p>[\/vc_column_text][\/vc_column][\/vc_row][vc_row css=\u00bb.vc_custom_1760479233327{padding-top: 2rem !important;padding-right: 1.2rem !important;padding-left: 1.2rem !important;}\u00bb el_class=\u00bbwrapper section-block_grid grid-3-columns\u00bb][vc_column width=\u00bb1\/3&#8243; css=\u00bb.vc_custom_1760462463401{padding-right: 0px !important;padding-left: 0px !important;}\u00bb el_class=\u00bbgrid-image\u00bb][vc_single_image image=\u00bb20902&#8243; img_size=\u00bblarge\u00bb css=\u00bb\u00bb][\/vc_column][vc_column width=\u00bb1\/3&#8243; css=\u00bb.vc_custom_1760462469814{padding-right: 0px !important;padding-left: 0px !important;}\u00bb el_class=\u00bbgrid-image\u00bb][vc_single_image image=\u00bb20904&#8243; img_size=\u00bblarge\u00bb css=\u00bb\u00bb][\/vc_column][vc_column width=\u00bb1\/3&#8243; css=\u00bb.vc_custom_1760462476934{padding-right: 0px !important;padding-left: 0px !important;}\u00bb el_class=\u00bbgrid-image\u00bb][vc_single_image image=\u00bb20906&#8243; img_size=\u00bblarge\u00bb css=\u00bb\u00bb][\/vc_column][\/vc_row][vc_row el_class=\u00bbsection-intro section-intro&#8211;primary wrapper\u00bb css=\u00bb.vc_custom_1762458028576{padding-top: 50px !important;}\u00bb][vc_column][vc_column_text css=\u00bb\u00bb el_class=\u00bbtitle\u00bb]<\/p>\n<h2 style=\"text-align: center;\"><strong><em>\u00bfListo para hacer de Santa Familia tu pr\u00f3ximo hogar o inversi\u00f3n?<\/em><\/strong><\/h2>\n<p>[\/vc_column_text][vc_column_text css=\u00bb\u00bb el_class=\u00bbwrapper-sm\u00bb]<\/p>\n<p style=\"text-align: center;\">Completa el formulario a continuaci\u00f3n y recibe toda la informaci\u00f3n sobre los apartamentos en venta y alquiler. Tu estilo de vida frente al mar en el coraz\u00f3n de Casco Viejo te est\u00e1 esperando.<\/p>\n<p>[\/vc_column_text][\/vc_column][\/vc_row][\/vc_section][vc_section css=\u00bb.vc_custom_1762799434362{padding-top: 7% !important;padding-bottom: 7% !important;background-image: url(https:\/\/arcopropstg.wpenginepowered.com\/wp-content\/uploads\/2025\/11\/santa-familia-background-form.webp?id=20720) !important;background-position: center !important;background-repeat: no-repeat !important;background-size: cover !important;}\u00bb el_class=\u00bbarco_section_form\u00bb el_id=\u00bbarco__form\u00bb][vc_row css=\u00bb.vc_custom_1756240064197{padding-right: 0px !important;padding-left: 0px !important;}\u00bb][vc_column][vc_column_text css=\u00bb\u00bb]<\/p>\n<h3 style=\"text-align: center;\">\u00bfListo para hacer de Santa Familia tu nuevo hogar o tu pr\u00f3xima inversi\u00f3n?<\/h3>\n<h3 style=\"text-align: center;\">Completa el formulario a continuaci\u00f3n para solicitar informaci\u00f3n sobre los apartamentos en venta o alquiler. Tu estilo de vida frente al mar en Casco Viejo te est\u00e1 esperando.<\/h3>\n<p>[\/vc_column_text][vc_column_text css=\u00bb\u00bb]<\/p>\n<p><iframe id=\"inline-GDN1MXTuSJcfabUDfPab\" style=\"width: 100%; height: 100%; border: none; border-radius: 3px;\" title=\"SPLASH-ARCO-SANTA FAMILIA\" src=\"https:\/\/api.leadconnectorhq.com\/widget\/form\/GDN1MXTuSJcfabUDfPab\" data-layout=\"{'id':'INLINE'}\" data-trigger-type=\"alwaysShow\" data-trigger-value=\"\" data-activation-type=\"alwaysActivated\" data-activation-value=\"\" data-deactivation-type=\"neverDeactivate\" data-deactivation-value=\"\" data-form-name=\"SPLASH-ARCO-SANTA FAMILIA\" data-height=\"628\" data-layout-iframe-id=\"inline-GDN1MXTuSJcfabUDfPab\" data-form-id=\"GDN1MXTuSJcfabUDfPab\" data-mce-fragment=\"1\"><br \/>\n<\/iframe><\/p>\n<p>[\/vc_column_text][\/vc_column][\/vc_row][\/vc_section]<\/p>\n<\/div>","protected":false},"excerpt":{"rendered":"<p>[vc_row css=\u00bb.vc_custom_1754944904130{margin-right: 0px !important;margin-left: 0px !important;padding-right: 0px !important;padding-left: 0px !important;background-color: #ffffff !important;background-position: center !important;background-repeat: no-repeat !important;background-size: cover !important;}\u00bb el_class=\u00bbarco__header\u00bb el_id=\u00bbarco_header\u00bb][vc_column css=\u00bb.vc_custom_1754944299357{margin-top: 0px !important;margin-bottom: 0px !important;padding-top: 0px !important;padding-bottom: 0px !important;}\u00bb][vc_row_inner css=\u00bb.vc_custom_1754945270616{padding-right: 0px !important;padding-left: 0px !important;background-color: #ffffff !important;}\u00bb el_class=\u00bbwrapper arco__header-wrapper\u00bb][vc_column_inner width=\u00bb1\/2&#8243; css=\u00bb.vc_custom_1752169437884{padding-top: 0px !important;padding-right: 0px !important;padding-bottom: 0px !important;padding-left: 0px !important;}\u00bb][vc_single_image image=\u00bb20891&#8243; img_size=\u00bbmedium\u00bb css=\u00bb\u00bb el_class=\u00bbarco__header-logo\u00bb][\/vc_column_inner][vc_column_inner el_class=\u00bbarco__header-button-mobile\u00bb width=\u00bb1\/2&#8243; css=\u00bb.vc_custom_1754945265103{padding-top: [&hellip;]<\/p>\n","protected":false},"author":24,"featured_media":0,"parent":0,"menu_order":0,"comment_status":"closed","ping_status":"closed","template":"template-vc.php","meta":{"footnotes":""},"class_list":["post-20907","page","type-page","status-publish","hentry"],"aioseo_notices":[],"_links":{"self":[{"href":"https:\/\/arcoproperties.com\/es\/wp-json\/wp\/v2\/pages\/20907","targetHints":{"allow":["GET"]}}],"collection":[{"href":"https:\/\/arcoproperties.com\/es\/wp-json\/wp\/v2\/pages"}],"about":[{"href":"https:\/\/arcoproperties.com\/es\/wp-json\/wp\/v2\/types\/page"}],"author":[{"embeddable":true,"href":"https:\/\/arcoproperties.com\/es\/wp-json\/wp\/v2\/users\/24"}],"replies":[{"embeddable":true,"href":"https:\/\/arcoproperties.com\/es\/wp-json\/wp\/v2\/comments?post=20907"}],"version-history":[{"count":0,"href":"https:\/\/arcoproperties.com\/es\/wp-json\/wp\/v2\/pages\/20907\/revisions"}],"wp:attachment":[{"href":"https:\/\/arcoproperties.com\/es\/wp-json\/wp\/v2\/media?parent=20907"}],"curies":[{"name":"wp","href":"https:\/\/api.w.org\/{rel}","templated":true}]}}