{"id":20148,"date":"2025-09-04T07:54:43","date_gmt":"2025-09-04T12:54:43","guid":{"rendered":"https:\/\/arcoproperties.com\/la-central-city-flats\/"},"modified":"2025-09-26T11:20:28","modified_gmt":"2025-09-26T16:20:28","slug":"la-central-city-flats","status":"publish","type":"page","link":"https:\/\/arcoproperties.com\/es\/la-central-city-flats\/","title":{"rendered":"La Central City Flats"},"content":{"rendered":"<div class=\"wpb-content-wrapper\"><p>[vc_row css=\u00bb.vc_custom_1754944904130{margin-right: 0px !important;margin-left: 0px !important;padding-right: 0px !important;padding-left: 0px !important;background-color: #ffffff !important;background-position: center !important;background-repeat: no-repeat !important;background-size: cover !important;}\u00bb el_class=\u00bbarco__header\u00bb el_id=\u00bbarco_header\u00bb][vc_column css=\u00bb.vc_custom_1754944299357{margin-top: 0px !important;margin-bottom: 0px !important;padding-top: 0px !important;padding-bottom: 0px !important;}\u00bb][vc_row_inner css=\u00bb.vc_custom_1754945270616{padding-right: 0px !important;padding-left: 0px !important;background-color: #ffffff !important;}\u00bb el_class=\u00bbwrapper arco__header-wrapper\u00bb][vc_column_inner width=\u00bb1\/2&#8243; css=\u00bb.vc_custom_1752169437884{padding-top: 0px !important;padding-right: 0px !important;padding-bottom: 0px !important;padding-left: 0px !important;}\u00bb][vc_single_image image=\u00bb19816&#8243; img_size=\u00bbfull\u00bb onclick=\u00bbcustom_link\u00bb css=\u00bb\u00bb el_class=\u00bbarco__header-logo\u00bb link=\u00bbhttps:\/\/arcoproperties.com\/es\/la-central-city-flats\/\u00bb][\/vc_column_inner][vc_column_inner el_class=\u00bbarco__header-button-mobile\u00bb width=\u00bb1\/2&#8243; css=\u00bb.vc_custom_1754945265103{padding-top: 0px !important;padding-right: 0px !important;padding-bottom: 0px !important;padding-left: 0px !important;}\u00bb][vc_raw_html css=\u00bb\u00bb]JTNDJTIxLS0lMjBNT0JJTEUlMjBNRU5VJTIwQlVUVE9OJTIwLS0lM0UlMEElM0NkaXYlMjBjbGFzcyUzRCUyMmFyY29fX2hlYWRlci1oYW1idXJnZXItbWVudSUyMiUzRSUwQSUyMCUyMCUyMCUyMCUyMCUyMCUyMCUyMCUyMCUzQ2RpdiUyMGNsYXNzJTNEJTIyYXJjb19faGVhZGVyLWhhbWJ1cmdlci1saW5lJTIyJTNFJTNDJTJGZGl2JTNFJTBBJTIwJTIwJTIwJTIwJTIwJTIwJTIwJTIwJTIwJTNDZGl2JTIwY2xhc3MlM0QlMjJhcmNvX19oZWFkZXItaGFtYnVyZ2VyLWxpbmUlMjIlM0UlM0MlMkZkaXYlM0UlMEElMjAlMjAlMjAlMjAlMjAlMjAlMjAlMjAlMjAlM0NkaXYlMjBjbGFzcyUzRCUyMmFyY29fX2hlYWRlci1oYW1idXJnZXItbGluZSUyMiUzRSUzQyUyRmRpdiUzRSUwQSUyMCUyMCUyMCUzQyUyRmRpdiUzRQ==[\/vc_raw_html][\/vc_column_inner][vc_column_inner el_class=\u00bbarco__header-nav\u00bb width=\u00bb1\/2&#8243; css=\u00bb.vc_custom_1755900498134{padding-top: 0px !important;padding-right: 0px !important;padding-bottom: 0px !important;padding-left: 0px !important;}\u00bb][vc_column_text css=\u00bb\u00bb el_class=\u00bbarco__header-link\u00bb]<a href=\"https:\/\/arcoproperties.com\/la-central-city-flats\/\">EN<\/a>[\/vc_column_text][vc_column_text css=\u00bb\u00bb el_class=\u00bbarco__button arco__button-header\u00bb]<a href=\"#arco__form\">Ver precios<\/a>[\/vc_column_text][\/vc_column_inner][\/vc_row_inner][\/vc_column][\/vc_row][vc_row css=\u00bb.vc_custom_1756990474918{margin-right: 0px !important;margin-left: 0px !important;padding-right: 0px !important;padding-left: 0px !important;background-image: url(https:\/\/arcoproperties.com\/wp-content\/uploads\/2025\/09\/Gran-central-header.webp?id=19828) !important;background-position: center !important;background-repeat: no-repeat !important;background-size: cover !important;}\u00bb el_class=\u00bbarco_hero\u00bb][vc_column css=\u00bb.vc_custom_1756142489936{margin-top: 0px !important;margin-bottom: 0px !important;padding-top: 0px !important;padding-bottom: 0px !important;}\u00bb][vc_row_inner css=\u00bb.vc_custom_1756138205045{padding-right: 0px !important;padding-left: 0px !important;}\u00bb el_class=\u00bbarco_hero-wrapper\u00bb][vc_column_inner css=\u00bb.vc_custom_1756142412974{padding-top: 0px !important;padding-right: 0px !important;padding-bottom: 0px !important;padding-left: 0px !important;}\u00bb][vc_column_text css=\u00bb\u00bb el_class=\u00bbarco_hero_content\u00bb]<\/p>\n<h1>Un barrio que va m\u00e1s all\u00e1<\/h1>\n<p>Una comunidad que conecta historia e innovaci\u00f3n est\u00e1 naciendo en el coraz\u00f3n del distrito hist\u00f3rico de Panam\u00e1.[\/vc_column_text][\/vc_column_inner][\/vc_row_inner][\/vc_column][\/vc_row][vc_section el_class=\u00bbspace-content arco_section pb-0-sm\u00bb][vc_row el_class=\u00bbwrapper\u00bb css=\u00bb.vc_custom_1756138229936{padding-top: 0px !important;padding-right: 0px !important;padding-bottom: 0px !important;padding-left: 0px !important;}\u00bb][vc_column width=\u00bb1\/2&#8243;][vc_column_text css=\u00bb.vc_custom_1758903621396{padding-bottom: 2rem !important;}\u00bb el_class=\u00bbarco_section_content\u00bb]<\/p>\n<h2>La Central City Flats &amp; Club<\/h2>\n<p>Un desarrollo excepcional llega al distrito hist\u00f3rico de Panam\u00e1 para renovar el barrio con un nuevo aire de elegancia y vida. Gran Central re\u00fane cinco edificios residenciales, un hotel de categor\u00eda mundial y m\u00e1s de 7.000 metros cuadrados de plazas, jardines y comercios, integr\u00e1ndose de forma arm\u00f3nica con el entorno patrimonial.<\/p>\n<p>Desarrollado por Conservatorio, la compa\u00f1\u00eda inmobiliaria detr\u00e1s de los proyectos m\u00e1s emblem\u00e1ticos de Casco Viejo, Gran Central invita a bajar el ritmo y disfrutar de cada momento. Aqu\u00ed, la historia se entrelaza con la visi\u00f3n del futuro en espacios dise\u00f1ados no solo para impresionar, sino para ser vividos y amados por generaciones.<\/p>\n<p>Gran Central est\u00e1 dise\u00f1ado para que tengas todo lo que necesitas en un solo lugar y Bungalo Central, uno de los cinco edificios del proyecto, es la opci\u00f3n ideal para quienes buscan precisamente eso.[\/vc_column_text][\/vc_column][vc_column width=\u00bb1\/2&#8243; el_class=\u00bbarco_section_column\u00bb][vc_single_image image=\u00bb19858&#8243; img_size=\u00bbfull\u00bb css=\u00bb\u00bb el_class=\u00bbarco_section_image full-width-image\u00bb][\/vc_column][\/vc_row][\/vc_section][vc_section el_class=\u00bbarco_section_carrusel\u00bb css=\u00bb.vc_custom_1756143250200{padding-top: 0px !important;padding-bottom: 0px !important;background-color: #F1F1EF !important;}\u00bb][vc_row el_class=\u00bbwrapper space-content\u00bb css=\u00bb.vc_custom_1756144312862{padding-right: 0px !important;padding-left: 0px !important;}\u00bb][vc_column][vc_column_text css=\u00bb\u00bb el_class=\u00bbh2-section\u00bb]<\/p>\n<h2 style=\"text-align: center;\">Totalmente integrado en el <em><strong>coraz\u00f3n de la ciudad<\/strong><\/em>, donde cada momento se entrelaza con el pulso de la vida urbana.<\/h2>\n<p>[\/vc_column_text][\/vc_column][\/vc_row][vc_row css=\u00bb.vc_custom_1756147800655{padding-right: 0px !important;padding-left: 0px !important;}\u00bb el_class=\u00bbspace-content pt-0&#8243;][vc_column css=\u00bb.vc_custom_1756144179386{padding-right: 0px !important;padding-left: 0px !important;}\u00bb][vc_images_carousel images=\u00bb19854,19866&#8243; img_size=\u00bbfull\u00bb onclick=\u00bblink_no\u00bb speed=\u00bb4000&#8243; autoplay=\u00bbyes\u00bb hide_prev_next_buttons=\u00bbyes\u00bb wrap=\u00bbyes\u00bb css=\u00bb\u00bb el_class=\u00bbcarrusel\u00bb][\/vc_column][\/vc_row][\/vc_section][vc_section css=\u00bb.vc_custom_1757020408155{padding-top: 0px !important;padding-bottom: 0px !important;background-color: #A23D4D !important;}\u00bb el_class=\u00bbarco_section_grid space-content\u00bb][vc_row el_class=\u00bbwrapper space-content\u00bb css=\u00bb.vc_custom_1756232616107{padding-right: 0px !important;padding-left: 0px !important;}\u00bb][vc_column][vc_single_image image=\u00bb19830&#8243; img_size=\u00bbfull\u00bb alignment=\u00bbcenter\u00bb css=\u00bb.vc_custom_1756990196853{padding-bottom: 1.5rem !important;}\u00bb el_class=\u00bblogo-image\u00bb][vc_column_text css=\u00bb.vc_custom_1758902003940{padding-bottom: 2rem !important;}\u00bb el_class=\u00bbdescription wrapper-xs\u00bb]<\/p>\n<p style=\"text-align: center;\">Gran Central est\u00e1 siendo preparado para redefinir el distrito hist\u00f3rico de Panam\u00e1, fusionando una arquitectura que honra tanto la historia como el progreso del \u00e1rea.<\/p>\n<p style=\"text-align: center;\">Es un lugar donde la comodidad, la cultura y, sobre todo, la conexi\u00f3n con otros te esperan, justo fuera de tu puerta.<\/p>\n<p>[\/vc_column_text][vc_row_inner equal_height=\u00bbyes\u00bb css=\u00bb.vc_custom_1758899247559{padding-right: 0px !important;padding-left: 0px !important;}\u00bb el_class=\u00bbgrid-images-container\u00bb][vc_column_inner el_class=\u00bbsection_grid_container .space-bottom-md\u00bb css=\u00bb.vc_custom_1758899255131{padding-right: 15px !important;padding-left: 15px !important;}\u00bb][vc_single_image image=\u00bb19844&#8243; img_size=\u00bbfull\u00bb css=\u00bb\u00bb][vc_single_image image=\u00bb19860&#8243; img_size=\u00bbfull\u00bb css=\u00bb\u00bb][vc_single_image image=\u00bb19822&#8243; img_size=\u00bbfull\u00bb css=\u00bb\u00bb][vc_single_image image=\u00bb19832&#8243; img_size=\u00bbfull\u00bb css=\u00bb\u00bb][vc_single_image image=\u00bb19834&#8243; img_size=\u00bbfull\u00bb css=\u00bb\u00bb][vc_single_image image=\u00bb19836&#8243; img_size=\u00bbfull\u00bb css=\u00bb\u00bb][vc_single_image image=\u00bb19838&#8243; img_size=\u00bbfull\u00bb css=\u00bb\u00bb][vc_single_image image=\u00bb19840&#8243; img_size=\u00bbfull\u00bb css=\u00bb\u00bb][vc_single_image image=\u00bb19842&#8243; img_size=\u00bbfull\u00bb css=\u00bb\u00bb][\/vc_column_inner][\/vc_row_inner][vc_row_inner equal_height=\u00bbyes\u00bb css=\u00bb.vc_custom_1758899140682{padding-top: 1.5rem !important;padding-right: 1rem !important;padding-left: 1rem !important;}\u00bb][vc_column_inner css=\u00bb.vc_custom_1756233257662{padding-right: 15px !important;padding-left: 15px !important;}\u00bb][vc_column_text css=\u00bb\u00bb el_class=\u00bbarco__button-grid-images arco__button\u00bb]<\/p>\n<p style=\"text-align: center;\"><a href=\"#arco__form\">Solicitar detalles<\/a><\/p>\n<p>[\/vc_column_text][\/vc_column_inner][\/vc_row_inner][\/vc_column][\/vc_row][\/vc_section][vc_section el_class=\u00bbarco_section title-description space-content pb-0&#8243; css=\u00bb.vc_custom_1756236273562{background-color: #F1F1EF !important;}\u00bb][vc_row el_class=\u00bbwrapper\u00bb css=\u00bb.vc_custom_1756236286470{padding-right: 0px !important;padding-bottom: 2rem !important;padding-left: 0px !important;}\u00bb][vc_column][vc_column_text css=\u00bb.vc_custom_1758902076958{padding-bottom: 1.5rem !important;}\u00bb el_class=\u00bbtitle\u00bb]<\/p>\n<h2 style=\"text-align: center;\"><em><strong>Espacios optimizados para vivir sin preocupaciones<\/strong><\/em><\/h2>\n<p>[\/vc_column_text][vc_column_text css=\u00bb\u00bb el_class=\u00bbwrapper-xs description\u00bb]<\/p>\n<p style=\"text-align: center;\">En Bungalo Central, cada unidad est\u00e1 completamente amoblada y equipada, lo que las convierte en la alternativa ideal tanto para quienes buscan un hogar listo para mudarse como para quienes desean una inversi\u00f3n inteligente.<\/p>\n<p style=\"text-align: center;\">Estos apartamentos, de 1 o 2 habitaciones, son gestionados directamente por la administraci\u00f3n de Bungalo, lo que ofrece a los propietarios la comodidad de generar ingresos sin complicaciones mientras est\u00e1n fuera, y disfrutar de un hogar acogedor cuando visitan Panam\u00e1.<\/p>\n<p style=\"text-align: center;\">Una opci\u00f3n perfecta para alquileres de corta y mediana estad\u00eda, optimizada para el estilo de vida actual.<\/p>\n<p>[\/vc_column_text][\/vc_column][\/vc_row][vc_row css=\u00bb.vc_custom_1756236173972{padding-right: 0px !important;padding-left: 0px !important;}\u00bb][vc_column css=\u00bb.vc_custom_1756144179386{padding-right: 0px !important;padding-left: 0px !important;}\u00bb][vc_single_image image=\u00bb20152&#8243; img_size=\u00bbfull\u00bb css=\u00bb.vc_custom_1758902528201{padding-right: 0px !important;padding-left: 0px !important;}\u00bb el_class=\u00bbfull-width-image\u00bb][\/vc_column][\/vc_row][\/vc_section][vc_section el_class=\u00bbspace-content arco_section pb-0-sm\u00bb][vc_row el_class=\u00bbwrapper\u00bb css=\u00bb.vc_custom_1756138229936{padding-top: 0px !important;padding-right: 0px !important;padding-bottom: 0px !important;padding-left: 0px !important;}\u00bb][vc_column width=\u00bb1\/2&#8243;][vc_column_text css=\u00bb.vc_custom_1758902665613{padding-bottom: 2rem !important;}\u00bb el_class=\u00bbarco_section_content arco_section_content_subtitle\u00bb]<\/p>\n<h2 style=\"text-wrap: balance;\"><strong><em>Un santuario urbano<\/em><\/strong><\/h2>\n<p><strong>Espacios dise\u00f1ados para transformar tu rutina diaria<\/strong><\/p>\n<p>Cada detalle del proyecto ha sido dise\u00f1ado por locales con d\u00e9cadas de experiencia en la zona, aprovechando su visi\u00f3n y profundo conocimiento del \u00e1rea. El objetivo es crear un espacio donde los residentes puedan disfrutar de las instalaciones de la mejor manera posible.<\/p>\n<p>Por eso, las amenidades han sido pensadas para ser parte de la rutina diaria de los residentes, como el espacio de co-working, pero tambi\u00e9n para ofrecer experiencias que hagan \u00fanico cada d\u00eda. Imagina ver el atardecer desde el restaurante en la terraza o relajarse en un ambiente que combina comodidad y bienestar.<\/p>\n<p>La azotea, concebida como un resort urbano, cuenta con una piscina y un restaurante de servicio completo. Adem\u00e1s, incluye espacios pensados para el bienestar, como un estudio de yoga y calistenia, ba\u00f1os de hielo, saunas y un jard\u00edn de bienestar.[\/vc_column_text][\/vc_column][vc_column width=\u00bb1\/2&#8243; el_class=\u00bbarco_section_column\u00bb][vc_single_image image=\u00bb19818&#8243; img_size=\u00bbfull\u00bb css=\u00bb\u00bb el_class=\u00bbarco_section_image full-width-image\u00bb][\/vc_column][\/vc_row][\/vc_section][vc_section el_class=\u00bbarco_section title-description space-content\u00bb css=\u00bb.vc_custom_1756239424464{background-color: #F1F1EF !important;}\u00bb][vc_row el_class=\u00bbwrapper\u00bb css=\u00bb.vc_custom_1756237099849{padding-right: 0px !important;padding-bottom: 3rem !important;padding-left: 0px !important;}\u00bb][vc_column][vc_column_text css=\u00bb.vc_custom_1758902177051{padding-bottom: 1.5rem !important;}\u00bb el_class=\u00bbtitle\u00bb]<\/p>\n<h2 style=\"text-align: center;\"><strong><em>En el coraz\u00f3n de la ciudad <\/em><\/strong><\/h2>\n<p>[\/vc_column_text][vc_column_text css=\u00bb\u00bb el_class=\u00bbwrapper-xs description\u00bb]<\/p>\n<p style=\"text-align: center;\">Gran Central reconectar\u00e1 estrat\u00e9gicamente la Avenida Central con el distrito hist\u00f3rico, uniendo Casco Viejo, el encantador casco antiguo de Panam\u00e1, con la vibrante metr\u00f3polis de Ciudad de Panam\u00e1. Adem\u00e1s, su ubicaci\u00f3n privilegiada ofrece acceso directo a lugares clave como: el Canal de Panam\u00e1, el distrito financiero, el Centro de Convenciones de Panam\u00e1 y mucho m\u00e1s.<\/p>\n<p style=\"text-align: center;\">Est\u00e1s frente a un lugar donde los residentes disfrutar\u00e1n lo mejor de dos mundos: la tranquilidad de Casco Viejo y la energ\u00eda vibrante e internacional de la capital.<\/p>\n<p>[\/vc_column_text][\/vc_column][\/vc_row][vc_row css=\u00bb.vc_custom_1756236173972{padding-right: 0px !important;padding-left: 0px !important;}\u00bb][vc_column css=\u00bb.vc_custom_1756144179386{padding-right: 0px !important;padding-left: 0px !important;}\u00bb][vc_single_image image=\u00bb20150&#8243; img_size=\u00bbfull\u00bb css=\u00bb.vc_custom_1758902420150{padding-right: 0px !important;padding-left: 0px !important;}\u00bb el_class=\u00bbfull-width-image\u00bb][\/vc_column][\/vc_row][\/vc_section][vc_section css=\u00bb.vc_custom_1756990417538{padding-top: 6rem !important;padding-bottom: 6rem !important;background-image: url(https:\/\/arcoproperties.com\/wp-content\/uploads\/2025\/09\/bungalo-background-form.webp?id=19820) !important;background-position: center !important;background-repeat: no-repeat !important;background-size: cover !important;}\u00bb el_class=\u00bbarco_section_form\u00bb el_id=\u00bbarco__form\u00bb][vc_row css=\u00bb.vc_custom_1756240064197{padding-right: 0px !important;padding-left: 0px !important;}\u00bb][vc_column][vc_column_text css=\u00bb\u00bb]<\/p>\n<h3 style=\"text-align: center;\"><strong>\u00bfA d\u00f3nde debemos enviar la informaci\u00f3n sobre precios?<\/strong><\/h3>\n<p>[\/vc_column_text][vc_column_text css=\u00bb\u00bb]<iframe id=\"inline-d18xMJfo1HQAduTC2ly5\" style=\"width: 100%; height: 100%; border: none; border-radius: 3px;\" title=\"Form Bungalo Landing\" src=\"https:\/\/api.leadconnectorhq.com\/widget\/form\/d18xMJfo1HQAduTC2ly5\" data-layout=\"{'id':'INLINE'}\" data-trigger-type=\"alwaysShow\" data-trigger-value=\"\" data-activation-type=\"alwaysActivated\" data-activation-value=\"\" data-deactivation-type=\"neverDeactivate\" data-deactivation-value=\"\" data-form-name=\"Form Bungalo Landing\" data-height=\"646\" data-layout-iframe-id=\"inline-d18xMJfo1HQAduTC2ly5\" data-form-id=\"d18xMJfo1HQAduTC2ly5\"><br \/>\n<\/iframe><br \/>\n<script src=\"https:\/\/link.msgsndr.com\/js\/form_embed.js\"><\/script>[\/vc_column_text][\/vc_column][\/vc_row][\/vc_section]<\/p>\n<\/div>","protected":false},"excerpt":{"rendered":"<p>[vc_row css=\u00bb.vc_custom_1754944904130{margin-right: 0px !important;margin-left: 0px !important;padding-right: 0px !important;padding-left: 0px !important;background-color: #ffffff !important;background-position: center !important;background-repeat: no-repeat !important;background-size: cover !important;}\u00bb el_class=\u00bbarco__header\u00bb el_id=\u00bbarco_header\u00bb][vc_column css=\u00bb.vc_custom_1754944299357{margin-top: 0px !important;margin-bottom: 0px !important;padding-top: 0px !important;padding-bottom: 0px !important;}\u00bb][vc_row_inner css=\u00bb.vc_custom_1754945270616{padding-right: 0px !important;padding-left: 0px !important;background-color: #ffffff !important;}\u00bb el_class=\u00bbwrapper arco__header-wrapper\u00bb][vc_column_inner width=\u00bb1\/2&#8243; css=\u00bb.vc_custom_1752169437884{padding-top: 0px !important;padding-right: 0px !important;padding-bottom: 0px !important;padding-left: 0px !important;}\u00bb][vc_single_image image=\u00bb19816&#8243; img_size=\u00bbfull\u00bb onclick=\u00bbcustom_link\u00bb css=\u00bb\u00bb el_class=\u00bbarco__header-logo\u00bb link=\u00bbhttps:\/\/arcoproperties.com\/es\/la-central-city-flats\/\u00bb][\/vc_column_inner][vc_column_inner el_class=\u00bbarco__header-button-mobile\u00bb [&hellip;]<\/p>\n","protected":false},"author":24,"featured_media":0,"parent":0,"menu_order":0,"comment_status":"closed","ping_status":"closed","template":"template-vc.php","meta":{"footnotes":""},"class_list":["post-20148","page","type-page","status-publish","hentry"],"aioseo_notices":[],"_links":{"self":[{"href":"https:\/\/arcoproperties.com\/es\/wp-json\/wp\/v2\/pages\/20148","targetHints":{"allow":["GET"]}}],"collection":[{"href":"https:\/\/arcoproperties.com\/es\/wp-json\/wp\/v2\/pages"}],"about":[{"href":"https:\/\/arcoproperties.com\/es\/wp-json\/wp\/v2\/types\/page"}],"author":[{"embeddable":true,"href":"https:\/\/arcoproperties.com\/es\/wp-json\/wp\/v2\/users\/24"}],"replies":[{"embeddable":true,"href":"https:\/\/arcoproperties.com\/es\/wp-json\/wp\/v2\/comments?post=20148"}],"version-history":[{"count":0,"href":"https:\/\/arcoproperties.com\/es\/wp-json\/wp\/v2\/pages\/20148\/revisions"}],"wp:attachment":[{"href":"https:\/\/arcoproperties.com\/es\/wp-json\/wp\/v2\/media?parent=20148"}],"curies":[{"name":"wp","href":"https:\/\/api.w.org\/{rel}","templated":true}]}}