{"id":20031,"date":"2025-09-18T13:47:19","date_gmt":"2025-09-18T18:47:19","guid":{"rendered":"https:\/\/arcoproperties.com\/bosco-di-santa-maria\/"},"modified":"2025-10-02T13:58:51","modified_gmt":"2025-10-02T18:58:51","slug":"bosco-di-santa-maria","status":"publish","type":"page","link":"https:\/\/arcoproperties.com\/es\/bosco-di-santa-maria\/","title":{"rendered":"Bosco Di Santa Maria"},"content":{"rendered":"<div class=\"wpb-content-wrapper\"><p>[vc_row css=\u00bb.vc_custom_1754944904130{margin-right: 0px !important;margin-left: 0px !important;padding-right: 0px !important;padding-left: 0px !important;background-color: #ffffff !important;background-position: center !important;background-repeat: no-repeat !important;background-size: cover !important;}\u00bb el_class=\u00bbarco__header\u00bb el_id=\u00bbarco_header\u00bb][vc_column css=\u00bb.vc_custom_1754944299357{margin-top: 0px !important;margin-bottom: 0px !important;padding-top: 0px !important;padding-bottom: 0px !important;}\u00bb][vc_row_inner css=\u00bb.vc_custom_1754945270616{padding-right: 0px !important;padding-left: 0px !important;background-color: #ffffff !important;}\u00bb el_class=\u00bbwrapper arco__header-wrapper\u00bb][vc_column_inner width=\u00bb1\/2&#8243; css=\u00bb.vc_custom_1752169437884{padding-top: 0px !important;padding-right: 0px !important;padding-bottom: 0px !important;padding-left: 0px !important;}\u00bb][vc_single_image image=\u00bb19978&#8243; img_size=\u00bbmedium\u00bb onclick=\u00bbcustom_link\u00bb css=\u00bb\u00bb el_class=\u00bbarco__header-logo\u00bb link=\u00bbhttps:\/\/arcoproperties.com\/es\/bosco-di-santa-maria\/\u00bb][\/vc_column_inner][vc_column_inner el_class=\u00bbarco__header-button-mobile\u00bb width=\u00bb1\/2&#8243; css=\u00bb.vc_custom_1754945265103{padding-top: 0px !important;padding-right: 0px !important;padding-bottom: 0px !important;padding-left: 0px !important;}\u00bb][vc_raw_html css=\u00bb\u00bb]JTNDJTIxLS0lMjBNT0JJTEUlMjBNRU5VJTIwQlVUVE9OJTIwLS0lM0UlMEElM0NkaXYlMjBjbGFzcyUzRCUyMmFyY29fX2hlYWRlci1oYW1idXJnZXItbWVudSUyMiUzRSUwQSUyMCUyMCUyMCUyMCUyMCUyMCUyMCUyMCUyMCUzQ2RpdiUyMGNsYXNzJTNEJTIyYXJjb19faGVhZGVyLWhhbWJ1cmdlci1saW5lJTIyJTNFJTNDJTJGZGl2JTNFJTBBJTIwJTIwJTIwJTIwJTIwJTIwJTIwJTIwJTIwJTNDZGl2JTIwY2xhc3MlM0QlMjJhcmNvX19oZWFkZXItaGFtYnVyZ2VyLWxpbmUlMjIlM0UlM0MlMkZkaXYlM0UlMEElMjAlMjAlMjAlMjAlMjAlMjAlMjAlMjAlMjAlM0NkaXYlMjBjbGFzcyUzRCUyMmFyY29fX2hlYWRlci1oYW1idXJnZXItbGluZSUyMiUzRSUzQyUyRmRpdiUzRSUwQSUyMCUyMCUyMCUzQyUyRmRpdiUzRQ==[\/vc_raw_html][\/vc_column_inner][vc_column_inner el_class=\u00bbarco__header-nav\u00bb width=\u00bb1\/2&#8243; css=\u00bb.vc_custom_1755900498134{padding-top: 0px !important;padding-right: 0px !important;padding-bottom: 0px !important;padding-left: 0px !important;}\u00bb][vc_column_text css=\u00bb\u00bb el_class=\u00bbarco__header-link\u00bb]<a title=\"Bosco Di Santa Maria\" href=\"https:\/\/arcoproperties.com\/bosco-di-santa-maria\/\">EN<\/a>[\/vc_column_text][vc_column_text css=\u00bb\u00bb el_class=\u00bbarco__button arco__button-header\u00bb]<a href=\"#arco__form\">Ver precios<\/a>[\/vc_column_text][\/vc_column_inner][\/vc_row_inner][\/vc_column][\/vc_row][vc_row css=\u00bb.vc_custom_1757939999210{margin-right: 0px !important;margin-left: 0px !important;padding-right: 0px !important;padding-left: 0px !important;background-image: url(https:\/\/arcoproperties.com\/wp-content\/uploads\/2025\/09\/Banner-bosco-landing.webp?id=19305) !important;background-position: center !important;background-repeat: no-repeat !important;background-size: cover !important;}\u00bb el_class=\u00bbarco_hero\u00bb][vc_column css=\u00bb.vc_custom_1756142489936{margin-top: 0px !important;margin-bottom: 0px !important;padding-top: 0px !important;padding-bottom: 0px !important;}\u00bb][vc_row_inner css=\u00bb.vc_custom_1756138205045{padding-right: 0px !important;padding-left: 0px !important;}\u00bb el_class=\u00bbarco_hero-wrapper\u00bb][vc_column_inner css=\u00bb.vc_custom_1756142412974{padding-top: 0px !important;padding-right: 0px !important;padding-bottom: 0px !important;padding-left: 0px !important;}\u00bb][vc_column_text css=\u00bb\u00bb el_class=\u00bbarco_hero_content\u00bb]<\/p>\n<h1>Un lugar en el que querr\u00e1s quedarte para siempre<\/h1>\n<p>Con cinco torres, un extenso parque y accesos a servicios de primer nivel, tu refugio personal te espera en el norte de Santa Mar\u00eda.[\/vc_column_text][\/vc_column_inner][\/vc_row_inner][\/vc_column][\/vc_row][vc_section el_class=\u00bbspace-content arco_section pb-0-sm\u00bb][vc_row el_class=\u00bbwrapper\u00bb css=\u00bb.vc_custom_1756138229936{padding-top: 0px !important;padding-right: 0px !important;padding-bottom: 0px !important;padding-left: 0px !important;}\u00bb][vc_column width=\u00bb1\/2&#8243;][vc_column_text css=\u00bb\u00bb el_class=\u00bbarco_section_content margin-bottom-mobile\u00bb]<\/p>\n<h2>Bosco Di Santa Mar\u00eda<\/h2>\n<p>La <strong>naturaleza<\/strong> es nuestra inspiraci\u00f3n<\/p>\n<p>Creado y dise\u00f1ado con un solo prop\u00f3sito: ser un lugar al que llegas y del que nunca querr\u00e1s irte. Con una gran variedad de espacios recreativos y una vegetaci\u00f3n espectacular, este proyecto se convierte en un sitio para <strong>desconectarse del ajetreo y reconectarse con la naturaleza y su serenidad.<\/strong><\/p>\n<p>Aqu\u00ed, el coraz\u00f3n de Bosco es su encantador parque verde, un espacio amplio y \u00fanico que crea una armon\u00eda entre la naturaleza y la vida residencial. Es un lugar que no solo te sumergir\u00e1 en una atm\u00f3sfera relajante, sino que tambi\u00e9n te deleitar\u00e1 a diario con sus \u00e1reas naturales y belleza.[\/vc_column_text][\/vc_column][vc_column width=\u00bb1\/2&#8243; el_class=\u00bbarco_section_column\u00bb][vc_column_text css=\u00bb\u00bb el_class=\u00bbarco_section_video\u00bb]<iframe loading=\"lazy\" src=\"https:\/\/www.youtube.com\/embed\/wrlXPGER7X4?loop=1&amp;playlist=wrlXPGER7X4&amp;rel=0&amp;modestbranding=1\" width=\"560\" height=\"315\" frameborder=\"0\" allowfullscreen=\"allowfullscreen\"><br \/>\n<\/iframe>[\/vc_column_text][\/vc_column][\/vc_row][\/vc_section][vc_section css=\u00bb.vc_custom_1757942130647{padding: 0px !important;background-color: #10462E !important;}\u00bb el_class=\u00bbarco_section_grid space-content\u00bb][vc_row el_class=\u00bbwrapper space-content\u00bb css=\u00bb.vc_custom_1757945485799{padding-right: 1rem !important;padding-left: 1rem !important;}\u00bb][vc_column][vc_single_image image=\u00bb20022&#8243; img_size=\u00bbfull\u00bb alignment=\u00bbcenter\u00bb css=\u00bb.vc_custom_1758221342155{padding-bottom: 1.5rem !important;}\u00bb el_class=\u00bblogo-image\u00bb][vc_column_text css=\u00bb.vc_custom_1758566598433{padding-bottom: 1.5rem !important;}\u00bb el_class=\u00bbtitle\u00bb]<\/p>\n<h2 style=\"text-align: center;\">Serenidad y encanto<br \/>\nen cada esquina<\/h2>\n<p>[\/vc_column_text][vc_column_text css=\u00bb\u00bb el_class=\u00bbdescription wrapper-xs pb-md\u00bb]<\/p>\n<p style=\"text-align: center;\">Bosco di Santa Mar\u00eda fue concebido como un santuario \u00fanico, donde sus residentes pueden disfrutar de la elegancia atemporal de Italia en un ambiente de profunda tranquilidad. El coraz\u00f3n de este ambiente es su extenso parque central, un paisaje vibrante que late como el alma de la comunidad.<\/p>\n<p style=\"text-align: center;\">Este pulm\u00f3n verde es el eje de una visi\u00f3n arquitect\u00f3nica que funde deliberadamente la naturaleza con la vida contempor\u00e1nea. El resultado es una atm\u00f3sfera de una elegancia discreta pero poderosa, donde las torres se alzan en armon\u00eda con el terreno. M\u00e1s que un complejo residencial, es un refugio verde que ofrece un confort incomparable y una conexi\u00f3n aut\u00e9ntica con el mundo natural.<\/p>\n<p>[\/vc_column_text][vc_row_inner el_class=\u00bbwrapper\u00bb css=\u00bb.vc_custom_1758136410256{padding-right: 0px !important;padding-left: 0px !important;}\u00bb][vc_column_inner el_class=\u00bbsection_grid_container pb-md\u00bb css=\u00bb.vc_custom_1758136272809{padding-right: 0px !important;padding-left: 0px !important;}\u00bb][vc_single_image image=\u00bb19982&#8243; img_size=\u00bbfull\u00bb css=\u00bb\u00bb][vc_single_image image=\u00bb19984&#8243; img_size=\u00bbfull\u00bb css=\u00bb\u00bb][vc_single_image image=\u00bb19986&#8243; img_size=\u00bbfull\u00bb css=\u00bb\u00bb][vc_single_image image=\u00bb19990&#8243; img_size=\u00bbfull\u00bb css=\u00bb\u00bb][vc_single_image image=\u00bb19992&#8243; img_size=\u00bbfull\u00bb css=\u00bb\u00bb][\/vc_column_inner][\/vc_row_inner][vc_column_text css=\u00bb\u00bb el_class=\u00bbarco__button arco__button-grid-images\u00bb]<\/p>\n<p style=\"text-align: center;\"><a href=\"#arco__form\">Solicitar m\u00e1s informaci\u00f3n<\/a><\/p>\n<p>[\/vc_column_text][\/vc_column][\/vc_row][\/vc_section][vc_section el_class=\u00bbarco_section_background space-content\u00bb css=\u00bb.vc_custom_1758220801447{margin-top: .5rem !important;padding-right: 0px !important;padding-left: 0px !important;background: #F1F1EF url(https:\/\/arcoproperties.com\/wp-content\/uploads\/2025\/09\/Our-vision-Bosco.webp?id=19321) !important;background-position: center !important;background-repeat: no-repeat !important;background-size: cover !important;}\u00bb][vc_row el_class=\u00bbwrapper-xs\u00bb css=\u00bb.vc_custom_1757951016838{padding-right: 0px !important;padding-left: 0px !important;}\u00bb][vc_column][vc_column_text css=\u00bb\u00bb el_class=\u00bb.arco_section_background_content\u00bb]<\/p>\n<h2 style=\"text-align: center;\">Nuestra visi\u00f3n<\/h2>\n<p style=\"text-align: center;\">El primer desarrollo verdaderamente vanguardista y enfocado en la naturaleza<\/p>\n<p>[\/vc_column_text][vc_column_text css=\u00bb\u00bb el_class=\u00bbarco__button arco_section_background_button\u00bb]<\/p>\n<p style=\"text-align: center;\"><a href=\"#arco__form\">Solicitar m\u00e1s informaci\u00f3n<\/a><\/p>\n<p>[\/vc_column_text][\/vc_column][\/vc_row][\/vc_section][vc_section el_class=\u00bbarco_section_cards space-content-sm\u00bb][vc_row el_class=\u00bbwrapper\u00bb css=\u00bb.vc_custom_1757953432011{padding-right: 1rem !important;padding-left: 1rem !important;}\u00bb][vc_column width=\u00bb1\/4&#8243; el_class=\u00bbarco_section_card\u00bb][vc_column_text css=\u00bb\u00bb]<\/p>\n<h3 style=\"text-align: center;\">PANAM\u00c1<\/h3>\n<p style=\"text-align: center;\">Centro estrat\u00e9gico de inversi\u00f3n en Am\u00e9rica Latina<\/p>\n<p>[\/vc_column_text][\/vc_column][vc_column width=\u00bb1\/4&#8243; el_class=\u00bbarco_section_card\u00bb][vc_column_text css=\u00bb\u00bb]<\/p>\n<h3 style=\"text-align: center;\">SANTA MAR\u00cdA<\/h3>\n<p style=\"text-align: center;\">Una comunidad distinguida con hotel de lujo, club de golf y club campestre<\/p>\n<p>[\/vc_column_text][\/vc_column][vc_column width=\u00bb1\/4&#8243; el_class=\u00bbarco_section_card\u00bb][vc_column_text css=\u00bb\u00bb]<\/p>\n<h3 style=\"text-align: center;\">BOSCO<\/h3>\n<p style=\"text-align: center;\">La armon\u00eda entre la naturaleza y el<br \/>\nestilo de vida italiano<\/p>\n<p>[\/vc_column_text][\/vc_column][vc_column width=\u00bb1\/4&#8243; el_class=\u00bbarco_section_card\u00bb][vc_column_text css=\u00bb\u00bb]<\/p>\n<h3 style=\"text-align: center;\">AMENIT\u00c0 DELL\u2019EDIFICIO<\/h3>\n<p style=\"text-align: center;\">Dise\u00f1ado para ofrecer lujo, comodidad y distinci\u00f3n en cada detalle<\/p>\n<p>[\/vc_column_text][\/vc_column][\/vc_row][\/vc_section][vc_section el_class=\u00bbarco_section_full_images\u00bb css=\u00bb.vc_custom_1757956510772{padding-top: 0px !important;padding-right: 0px !important;padding-bottom: 0px !important;padding-left: 0px !important;background-color: #F1F1EF !important;}\u00bb][vc_row css=\u00bb.vc_custom_1757956570981{padding-right: 0px !important;padding-left: 0px !important;}\u00bb][vc_column css=\u00bb.vc_custom_1756144179386{padding-right: 0px !important;padding-left: 0px !important;}\u00bb][vc_single_image image=\u00bb19998&#8243; img_size=\u00bbfull\u00bb css=\u00bb.vc_custom_1758220856943{padding-right: 0px !important;padding-left: 0px !important;}\u00bb el_class=\u00bbfull-width-image\u00bb][vc_row_inner css=\u00bb.vc_custom_1757957386256{padding-right: 0px !important;padding-left: 0px !important;}\u00bb el_class=\u00bbarco_section_full_images row-2&#8243;][vc_column_inner width=\u00bb1\/3&#8243;][vc_single_image image=\u00bb20000&#8243; img_size=\u00bblarge\u00bb css=\u00bb\u00bb el_class=\u00bbfull-width-image\u00bb][\/vc_column_inner][vc_column_inner width=\u00bb1\/3&#8243;][vc_single_image image=\u00bb20002&#8243; img_size=\u00bblarge\u00bb css=\u00bb\u00bb el_class=\u00bbfull-width-image\u00bb][\/vc_column_inner][vc_column_inner width=\u00bb1\/3&#8243;][vc_single_image image=\u00bb20004&#8243; img_size=\u00bblarge\u00bb css=\u00bb\u00bb el_class=\u00bbfull-width-image\u00bb][\/vc_column_inner][\/vc_row_inner][\/vc_column][\/vc_row][\/vc_section][vc_section css=\u00bb.vc_custom_1759431264760{padding-top: 0px !important;padding-right: 0px !important;padding-bottom: 0px !important;padding-left: 0px !important;background-color: #FFFFFF !important;}\u00bb el_class=\u00bbarco_section_information space-content\u00bb][vc_row el_class=\u00bbwrapper space-content\u00bb css=\u00bb.vc_custom_1757945485799{padding-right: 1rem !important;padding-left: 1rem !important;}\u00bb][vc_column][vc_single_image image=\u00bb20202&#8243; img_size=\u00bbfull\u00bb alignment=\u00bbcenter\u00bb css=\u00bb.vc_custom_1759430942388{padding-bottom: 1.5rem !important;}\u00bb el_class=\u00bblogo-image\u00bb][vc_column_text css=\u00bb.vc_custom_1759431051487{padding-bottom: 1.5rem !important;}\u00bb el_class=\u00bbtitle\u00bb]<\/p>\n<h2 style=\"text-align: center;\"><strong>Elegancia natural<br \/>\nen cada rinc\u00f3n<\/strong><\/h2>\n<p>[\/vc_column_text][vc_column_text css=\u00bb\u00bb el_class=\u00bbdescription wrapper-xs pb-md\u00bb]<\/p>\n<p style=\"text-align: center;\">Rodeadas de exuberante vegetaci\u00f3n y paisajes tranquilos, encontrar\u00e1s nuestras casas en cinco distinguidos modelos\u00a0 A, B, C, D y E), cada una con un dise\u00f1o \u00fanico pensado para tu bienestar. Ingresa a tu santuario privado, con una piscina natural integrada armoniosamente al entorno, senderos para caminar, \u00e1reas de juegos para ni\u00f1os, un parque para mascotas y acogedores espacios para meditar o practicar yoga.<\/p>\n<p style=\"text-align: center;\">Nuestras casas son la combinaci\u00f3n perfecta de <strong>naturaleza, relajaci\u00f3n y vida diaria.<\/strong><\/p>\n<p>[\/vc_column_text][vc_row_inner el_class=\u00bbwrapper\u00bb css=\u00bb.vc_custom_1758136410256{padding-right: 0px !important;padding-left: 0px !important;}\u00bb][vc_column_inner el_class=\u00bbsection_grid_container pb-md\u00bb css=\u00bb.vc_custom_1758136272809{padding-right: 0px !important;padding-left: 0px !important;}\u00bb][vc_single_image image=\u00bb20204&#8243; img_size=\u00bbfull\u00bb css=\u00bb\u00bb][vc_single_image image=\u00bb20206&#8243; img_size=\u00bbfull\u00bb css=\u00bb\u00bb][vc_single_image image=\u00bb20208&#8243; img_size=\u00bbfull\u00bb css=\u00bb\u00bb][\/vc_column_inner][\/vc_row_inner][vc_column_text css=\u00bb\u00bb el_class=\u00bbarco__button arco_section_background_button\u00bb]<\/p>\n<p style=\"text-align: center;\"><a href=\"#arco__form\">Solicitar m\u00e1s informaci\u00f3n<\/a><\/p>\n<p>[\/vc_column_text][\/vc_column][\/vc_row][\/vc_section][vc_section el_class=\u00bbarco_section space-content\u00bb css=\u00bb.vc_custom_1757960539398{background-color: #DFDDDA !important;}\u00bb][vc_row css=\u00bb.vc_custom_1757960550404{padding-right: 1rem !important;padding-left: 1rem !important;}\u00bb][vc_column][vc_column_text css=\u00bb\u00bb el_class=\u00bbwrapper-xs .pb-sm\u00bb]<\/p>\n<h2 style=\"text-align: center;\">Uno con su entorno<\/h2>\n<p style=\"text-align: center;\">Desde su arquitectura hasta su ubicaci\u00f3n, cada elemento de Bosco di Santa Mar\u00eda ha sido planificado para ofrecer a los residentes un estilo de vida sin igual. Aqu\u00ed disfrutar\u00e1s de cercan\u00eda con instituciones financieras de primer nivel, entretenimiento y experiencias culturales.<\/p>\n<p>[\/vc_column_text][vc_single_image image=\u00bb20006&#8243; img_size=\u00bblarge\u00bb alignment=\u00bbcenter\u00bb onclick=\u00bbimg_link_large\u00bb img_link_target=\u00bb_blank\u00bb css=\u00bb\u00bb el_class=\u00bbarco_section_map .pb-sm\u00bb][vc_column_text css=\u00bb\u00bb el_class=\u00bbarco__button arco_section_background_button\u00bb]<\/p>\n<p style=\"text-align: center;\"><a href=\"#arco__form\">Solicitar m\u00e1s informaci\u00f3n<\/a><\/p>\n<p>[\/vc_column_text][\/vc_column][\/vc_row][\/vc_section][vc_section el_class=\u00bbspace-content arco_section pb-0-sm color-primary\u00bb][vc_row el_class=\u00bbwrapper\u00bb css=\u00bb.vc_custom_1756138229936{padding-top: 0px !important;padding-right: 0px !important;padding-bottom: 0px !important;padding-left: 0px !important;}\u00bb][vc_column width=\u00bb1\/2&#8243;][vc_column_text css=\u00bb\u00bb el_class=\u00bbarco_section_content margin-bottom-mobile\u00bb]<\/p>\n<h2>Un refugio personal<\/h2>\n<p>Evocando un estilo de vida c\u00e1lido y refinado, esta obra maestra arquitect\u00f3nica armoniza la naturaleza con elementos contempor\u00e1neos a trav\u00e9s de las cinco elegantes torres que se alzan sobre el parque. Torres cuya forma est\u00e1 compuesta de materiales como maderas finas y metales satinados.<\/p>\n<p>Dentro de Bosco di Santa Mar\u00eda, cada rinc\u00f3n celebra la integraci\u00f3n de la tradici\u00f3n y la innovaci\u00f3n, invit\u00e1ndote a una vida rodeada de belleza y tranquilidad.<br \/>\n[\/vc_column_text][\/vc_column][vc_column width=\u00bb1\/2&#8243; el_class=\u00bbarco_section_column\u00bb][vc_single_image image=\u00bb20008&#8243; img_size=\u00bbfull\u00bb css=\u00bb\u00bb el_class=\u00bbarco_section_image full-width-image\u00bb][\/vc_column][\/vc_row][\/vc_section][vc_section disable_element=\u00bbyes\u00bb el_class=\u00bbarco_section_background space-content\u00bb css=\u00bb.vc_custom_1758287526704{margin-bottom: .5rem !important;background: #F1F1EF url(https:\/\/arcoproperties.com\/wp-content\/uploads\/2025\/09\/bosco-background-image-2.webp?id=19335) !important;background-position: center !important;background-repeat: no-repeat !important;background-size: cover !important;}\u00bb][vc_row el_class=\u00bbwrapper-xs\u00bb css=\u00bb.vc_custom_1757951016838{padding-right: 0px !important;padding-left: 0px !important;}\u00bb][vc_column][vc_column_text css=\u00bb\u00bb el_class=\u00bb.arco_section_background_content\u00bb]<\/p>\n<h2 style=\"text-align: center;\">Oasis in Santa Mar\u00eda<\/h2>\n<p style=\"text-align: center;\">Santa Mar\u00eda, located 3 hours away from Panama City, is a distinguished community that empowers its residents to experience natural serenity with modern amenities and close proximity to top-tier services, including a golf club, country club, fine dining, and commercial areas.<\/p>\n<p>[\/vc_column_text][vc_column_text css=\u00bb\u00bb el_class=\u00bbarco__button arco_section_background_button\u00bb]<\/p>\n<p style=\"text-align: center;\"><a href=\"#arco__form\">Request more details<\/a><\/p>\n<p>[\/vc_column_text][\/vc_column][\/vc_row][\/vc_section][vc_section el_class=\u00bbarco_section_full_images\u00bb css=\u00bb.vc_custom_1757956510772{padding-top: 0px !important;padding-right: 0px !important;padding-bottom: 0px !important;padding-left: 0px !important;background-color: #F1F1EF !important;}\u00bb][vc_row css=\u00bb.vc_custom_1757956570981{padding-right: 0px !important;padding-left: 0px !important;}\u00bb][vc_column css=\u00bb.vc_custom_1756144179386{padding-right: 0px !important;padding-left: 0px !important;}\u00bb][vc_single_image image=\u00bb20012&#8243; img_size=\u00bbfull\u00bb css=\u00bb.vc_custom_1758221096298{padding-right: 0px !important;padding-left: 0px !important;}\u00bb el_class=\u00bbfull-width-image\u00bb][vc_row_inner css=\u00bb.vc_custom_1757957386256{padding-right: 0px !important;padding-left: 0px !important;}\u00bb el_class=\u00bbarco_section_full_images row-2&#8243;][vc_column_inner width=\u00bb1\/3&#8243;][vc_single_image image=\u00bb20014&#8243; img_size=\u00bblarge\u00bb css=\u00bb\u00bb el_class=\u00bbfull-width-image\u00bb][\/vc_column_inner][vc_column_inner width=\u00bb1\/3&#8243;][vc_single_image image=\u00bb20016&#8243; img_size=\u00bblarge\u00bb css=\u00bb\u00bb el_class=\u00bbfull-width-image\u00bb][\/vc_column_inner][vc_column_inner width=\u00bb1\/3&#8243;][vc_single_image image=\u00bb20018&#8243; img_size=\u00bblarge\u00bb css=\u00bb\u00bb el_class=\u00bbfull-width-image\u00bb][\/vc_column_inner][\/vc_row_inner][\/vc_column][\/vc_row][\/vc_section][vc_section el_class=\u00bbarco_section_background space-content\u00bb css=\u00bb.vc_custom_1758221162968{margin-bottom: 1rem !important;background: #F1F1EF url(https:\/\/arcoproperties.com\/wp-content\/uploads\/2025\/09\/bosco-The-economic.webp?id=19345) !important;background-position: center !important;background-repeat: no-repeat !important;background-size: cover !important;}\u00bb][vc_row el_class=\u00bbwrapper-xs\u00bb css=\u00bb.vc_custom_1757951016838{padding-right: 0px !important;padding-left: 0px !important;}\u00bb][vc_column][vc_column_text css=\u00bb.vc_custom_1758566927115{padding-bottom: .5rem !important;}\u00bb el_class=\u00bb.arco_section_background_content\u00bb]<\/p>\n<h2 style=\"text-align: center;\">El centro econ\u00f3mico<br \/>\nde Am\u00e9rica Latina<\/h2>\n<p style=\"text-align: center;\">Combinando los oc\u00e9anos Pac\u00edfico y Atl\u00e1ntico con selvas tropicales y rascacielos modernos, Panam\u00e1 se posiciona como el centro econ\u00f3mico de Am\u00e9rica Latina. Aqu\u00ed prosperan empresas multinacionales, atra\u00eddas por un pa\u00eds que cuenta con una biodiversidad extraordinaria, el ic\u00f3nico Canal de Panam\u00e1 y una herencia cultural profundamente rica.<\/p>\n<p>[\/vc_column_text][vc_column_text css=\u00bb\u00bb el_class=\u00bbarco__button arco_section_background_button\u00bb]<\/p>\n<p style=\"text-align: center;\"><a href=\"#arco__form\">Solicitar m\u00e1s informaci\u00f3n<\/a><\/p>\n<p>[\/vc_column_text][\/vc_column][\/vc_row][\/vc_section][vc_section css=\u00bb.vc_custom_1758289107096{padding-top: 7% !important;padding-bottom: 7% !important;background-image: url(https:\/\/arcoproperties.com\/wp-content\/uploads\/2025\/09\/bosco-Footer-background.webp?id=20028) !important;background-position: center !important;background-repeat: no-repeat !important;background-size: cover !important;}\u00bb el_class=\u00bbarco_section_form\u00bb el_id=\u00bbarco__form\u00bb][vc_row css=\u00bb.vc_custom_1756240064197{padding-right: 0px !important;padding-left: 0px !important;}\u00bb][vc_column][vc_column_text css=\u00bb\u00bb]<\/p>\n<h3 style=\"text-align: center;\"><strong>\u00bfA d\u00f3nde debemos enviar la informaci\u00f3n sobre precios?<\/strong><\/h3>\n<p>[\/vc_column_text][vc_column_text css=\u00bb\u00bb]<iframe id=\"inline-PlpN5oHHuRrsC4sEYL8G\" style=\"width: 100%; height: 100%; border: none; border-radius: 3px;\" title=\"Form Bosco ask\" src=\"https:\/\/api.leadconnectorhq.com\/widget\/form\/PlpN5oHHuRrsC4sEYL8G\" data-layout=\"{'id':'INLINE'}\" data-trigger-type=\"alwaysShow\" data-trigger-value=\"\" data-activation-type=\"alwaysActivated\" data-activation-value=\"\" data-deactivation-type=\"neverDeactivate\" data-deactivation-value=\"\" data-form-name=\"Form Bosco ask\" data-height=\"628\" data-layout-iframe-id=\"inline-PlpN5oHHuRrsC4sEYL8G\" data-form-id=\"PlpN5oHHuRrsC4sEYL8G\" data-mce-fragment=\"1\"><br \/>\n<\/iframe><br \/>\n<script src=\"https:\/\/link.msgsndr.com\/js\/form_embed.js\"><\/script>[\/vc_column_text][\/vc_column][\/vc_row][\/vc_section]<\/p>\n<\/div>","protected":false},"excerpt":{"rendered":"<p>[vc_row css=\u00bb.vc_custom_1754944904130{margin-right: 0px !important;margin-left: 0px !important;padding-right: 0px !important;padding-left: 0px !important;background-color: #ffffff !important;background-position: center !important;background-repeat: no-repeat !important;background-size: cover !important;}\u00bb el_class=\u00bbarco__header\u00bb el_id=\u00bbarco_header\u00bb][vc_column css=\u00bb.vc_custom_1754944299357{margin-top: 0px !important;margin-bottom: 0px !important;padding-top: 0px !important;padding-bottom: 0px !important;}\u00bb][vc_row_inner css=\u00bb.vc_custom_1754945270616{padding-right: 0px !important;padding-left: 0px !important;background-color: #ffffff !important;}\u00bb el_class=\u00bbwrapper arco__header-wrapper\u00bb][vc_column_inner width=\u00bb1\/2&#8243; css=\u00bb.vc_custom_1752169437884{padding-top: 0px !important;padding-right: 0px !important;padding-bottom: 0px !important;padding-left: 0px !important;}\u00bb][vc_single_image image=\u00bb19978&#8243; img_size=\u00bbmedium\u00bb onclick=\u00bbcustom_link\u00bb css=\u00bb\u00bb el_class=\u00bbarco__header-logo\u00bb link=\u00bbhttps:\/\/arcoproperties.com\/es\/bosco-di-santa-maria\/\u00bb][\/vc_column_inner][vc_column_inner el_class=\u00bbarco__header-button-mobile\u00bb [&hellip;]<\/p>\n","protected":false},"author":24,"featured_media":19995,"parent":0,"menu_order":0,"comment_status":"closed","ping_status":"closed","template":"template-vc.php","meta":{"footnotes":""},"class_list":["post-20031","page","type-page","status-publish","has-post-thumbnail","hentry"],"aioseo_notices":[],"_links":{"self":[{"href":"https:\/\/arcoproperties.com\/es\/wp-json\/wp\/v2\/pages\/20031","targetHints":{"allow":["GET"]}}],"collection":[{"href":"https:\/\/arcoproperties.com\/es\/wp-json\/wp\/v2\/pages"}],"about":[{"href":"https:\/\/arcoproperties.com\/es\/wp-json\/wp\/v2\/types\/page"}],"author":[{"embeddable":true,"href":"https:\/\/arcoproperties.com\/es\/wp-json\/wp\/v2\/users\/24"}],"replies":[{"embeddable":true,"href":"https:\/\/arcoproperties.com\/es\/wp-json\/wp\/v2\/comments?post=20031"}],"version-history":[{"count":0,"href":"https:\/\/arcoproperties.com\/es\/wp-json\/wp\/v2\/pages\/20031\/revisions"}],"wp:featuredmedia":[{"embeddable":true,"href":"https:\/\/arcoproperties.com\/es\/wp-json\/wp\/v2\/media\/19995"}],"wp:attachment":[{"href":"https:\/\/arcoproperties.com\/es\/wp-json\/wp\/v2\/media?parent=20031"}],"curies":[{"name":"wp","href":"https:\/\/api.w.org\/{rel}","templated":true}]}}