{"id":19667,"date":"2025-08-12T08:33:43","date_gmt":"2025-08-12T13:33:43","guid":{"rendered":"https:\/\/arcoproperties.com\/?page_id=19667"},"modified":"2025-11-20T15:09:04","modified_gmt":"2025-11-20T20:09:04","slug":"proyectos-urbanos","status":"publish","type":"page","link":"https:\/\/arcoproperties.com\/es\/proyectos-urbanos\/","title":{"rendered":"Proyectos urbanos"},"content":{"rendered":"<div class=\"wpb-content-wrapper\"><p>[vc_row full_width=\u00bbstretch_row\u00bb css=\u00bb.vc_custom_1752656115617{background-position: center !important;background-repeat: no-repeat !important;background-size: cover !important;}\u00bb el_class=\u00bbpage-header\u00bb][vc_column][vc_single_image image=\u00bb19476&#8243; img_size=\u00bbfull\u00bb alignment=\u00bbcenter\u00bb css=\u00bb\u00bb el_class=\u00bbsplash-img\u00bb][vc_column_text css=\u00bb\u00bb]<\/p>\n<h1>Explora el futuro de la vida urbana<\/h1>\n<p>Desde torres ic\u00f3nicas hasta proyectos visionarios, conoce d\u00f3nde el progreso urbano y las oportunidades se unen.[\/vc_column_text][\/vc_column][\/vc_row][vc_row el_class=\u00bbcity-projects-title\u00bb el_id=\u00bbproyectos-casco-viejo\u00bb][vc_column][vc_column_text css=\u00bb\u00bb]<\/p>\n<h2 style=\"text-align: center;\">Proyectos en Casco Viejo<\/h2>\n<p>[\/vc_column_text][\/vc_column][\/vc_row][vc_row full_width=\u00bbstretch_row\u00bb el_class=\u00bbcity-projects-row\u00bb][vc_column width=\u00bb1\/2&#8243;][vc_single_image image=\u00bb18670&#8243; img_size=\u00bb500&#215;400&#8243; alignment=\u00bbcenter\u00bb onclick=\u00bbcustom_link\u00bb css=\u00bb\u00bb el_class=\u00bbsplash-img\u00bb link=\u00bbhttps:\/\/arcoproperties.com\/es\/santa-familia\/\u00bb][vc_single_image image=\u00bb18646&#8243; img_size=\u00bbmedium\u00bb alignment=\u00bbcenter\u00bb onclick=\u00bbcustom_link\u00bb css=\u00bb\u00bb link=\u00bbhttps:\/\/arcoproperties.com\/es\/santa-familia\/\u00bb][vc_column_text css=\u00bb\u00bb]<\/p>\n<h2 style=\"text-align: center;\">Santa Familia<\/h2>\n<p style=\"text-align: center;\"><span style=\"font-weight: 400;\">Tu hogar te espera en el coraz\u00f3n de un distrito hist\u00f3rico. <\/span><\/p>\n<p>[\/vc_column_text][\/vc_column][vc_column width=\u00bb1\/2&#8243;][vc_single_image image=\u00bb20419&#8243; img_size=\u00bb500&#215;400&#8243; alignment=\u00bbcenter\u00bb onclick=\u00bbcustom_link\u00bb css=\u00bb\u00bb el_class=\u00bbsplash-img\u00bb link=\u00bbhttps:\/\/arcoproperties.com\/es\/discover-gran-central\u00bb][vc_single_image image=\u00bb19831&#8243; img_size=\u00bbmedium\u00bb alignment=\u00bbcenter\u00bb onclick=\u00bbcustom_link\u00bb css=\u00bb\u00bb link=\u00bbhttps:\/\/arcoproperties.com\/es\/discover-gran-central\u00bb][vc_column_text css=\u00bb\u00bb]<\/p>\n<h2 style=\"text-align: center;\">Gran Central<\/h2>\n<div class=\"page\" title=\"Page 1\">\n<div class=\"layoutArea\">\n<div class=\"column\">\n<p style=\"text-align: center;\">Donde la historia se encuentra con la modernidad<\/p>\n<\/div>\n<\/div>\n<\/div>\n<p>[\/vc_column_text][\/vc_column][\/vc_row][vc_row full_width=\u00bbstretch_row\u00bb el_class=\u00bbcity-projects-row\u00bb][vc_column width=\u00bb1\/2&#8243;][vc_single_image image=\u00bb19872&#8243; img_size=\u00bb500&#215;400&#8243; alignment=\u00bbcenter\u00bb onclick=\u00bbcustom_link\u00bb css=\u00bb\u00bb el_class=\u00bbsplash-img\u00bb link=\u00bbhttps:\/\/arcoproperties.com\/es\/la-central-city-flats\/\u00bb][vc_single_image image=\u00bb19875&#8243; img_size=\u00bbmedium\u00bb alignment=\u00bbcenter\u00bb onclick=\u00bbcustom_link\u00bb css=\u00bb\u00bb link=\u00bbhttps:\/\/arcoproperties.com\/es\/la-central-city-flats\/\u00bb][vc_column_text css=\u00bb\u00bb]<\/p>\n<h2 style=\"text-align: center;\">La Central City Flats &amp; Club<\/h2>\n<div class=\"page\" title=\"Page 1\">\n<div class=\"layoutArea\">\n<div class=\"column\">\n<p style=\"text-align: center;\">Redefiniendo c\u00f3mo vivimos, nos movemos y conectamos.<\/p>\n<\/div>\n<\/div>\n<\/div>\n<p>[\/vc_column_text][\/vc_column][vc_column width=\u00bb1\/2&#8243;][vc_single_image image=\u00bb20628&#8243; img_size=\u00bb500&#215;400&#8243; alignment=\u00bbcenter\u00bb onclick=\u00bbcustom_link\u00bb css=\u00bb\u00bb el_class=\u00bbsplash-img\u00bb link=\u00bbhttps:\/\/arcoproperties.com\/es\/la-union\u00bb][vc_single_image image=\u00bb20676&#8243; img_size=\u00bbmedium\u00bb alignment=\u00bbcenter\u00bb onclick=\u00bbcustom_link\u00bb css=\u00bb\u00bb link=\u00bbhttps:\/\/arcoproperties.com\/es\/la-union\u00bb][vc_column_text css=\u00bb\u00bb]<\/p>\n<h2 style=\"text-align: center;\">La Uni\u00f3n<\/h2>\n<p style=\"text-align: center;\"><span style=\"font-weight: 400;\">Donde el equilibrio se encuentra con la vida urbana<\/span><\/p>\n<p>[\/vc_column_text][\/vc_column][\/vc_row][vc_row el_class=\u00bbcity-projects-title\u00bb el_id=\u00bbproyectos-urbanos\u00bb][vc_column][vc_column_text css=\u00bb\u00bb]<\/p>\n<h2 style=\"text-align: center;\">Proyectos Urbanos<\/h2>\n<p>[\/vc_column_text][\/vc_column][\/vc_row][vc_row full_width=\u00bbstretch_row\u00bb el_class=\u00bbcity-projects-row\u00bb][vc_column width=\u00bb1\/2&#8243;][vc_single_image image=\u00bb19952&#8243; img_size=\u00bb500&#215;400&#8243; alignment=\u00bbcenter\u00bb onclick=\u00bbcustom_link\u00bb css=\u00bb\u00bb el_class=\u00bbsplash-img\u00bb link=\u00bbhttps:\/\/arcoproperties.com\/es\/bosco-di-santa-maria\u00bb][vc_single_image image=\u00bb19949&#8243; img_size=\u00bbmedium\u00bb alignment=\u00bbcenter\u00bb onclick=\u00bbcustom_link\u00bb css=\u00bb\u00bb link=\u00bbhttps:\/\/arcoproperties.com\/es\/bosco-di-santa-maria\u00bb][vc_column_text css=\u00bb\u00bb]<\/p>\n<h2 style=\"text-align: center;\">Bosco Di Santa Mar\u00eda<\/h2>\n<div class=\"page\" title=\"Page 1\">\n<div class=\"layoutArea\">\n<div class=\"column\">\n<p style=\"text-align: center;\">Un lugar en el que querr\u00e1s quedarte para siempre.<\/p>\n<\/div>\n<\/div>\n<\/div>\n<p>[\/vc_column_text][\/vc_column][vc_column width=\u00bb1\/2&#8243;][vc_single_image image=\u00bb19483&#8243; img_size=\u00bb500&#215;400&#8243; alignment=\u00bbcenter\u00bb onclick=\u00bbcustom_link\u00bb css=\u00bb\u00bb el_class=\u00bbsplash-img\u00bb link=\u00bbhttps:\/\/arcoproperties.com\/mova\u00bb][vc_single_image image=\u00bb19481&#8243; img_size=\u00bbmedium\u00bb alignment=\u00bbcenter\u00bb onclick=\u00bbcustom_link\u00bb css=\u00bb\u00bb link=\u00bbhttps:\/\/arcoproperties.com\/mova\u00bb][vc_column_text css=\u00bb\u00bb]<\/p>\n<h2 style=\"text-align: center;\">Mova de B&amp;B ITALIA<\/h2>\n<div class=\"page\" title=\"Page 1\">\n<div class=\"layoutArea\">\n<div class=\"column\">\n<p style=\"text-align: center;\">En el coraz\u00f3n del centro de la Ciudad de Panam\u00e1, un nuevo proyecto exclusivo est\u00e1 destinado a redefinir el lujo de la vida urbana.<\/p>\n<\/div>\n<\/div>\n<\/div>\n<p>[\/vc_column_text][\/vc_column][\/vc_row][vc_row full_width=\u00bbstretch_row\u00bb el_class=\u00bbcity-projects-row\u00bb][vc_column width=\u00bb1\/2&#8243;][vc_single_image image=\u00bb18686&#8243; img_size=\u00bb500&#215;400&#8243; alignment=\u00bbcenter\u00bb onclick=\u00bbcustom_link\u00bb css=\u00bb\u00bb el_class=\u00bbsplash-img\u00bb link=\u00bbhttps:\/\/arcoproperties.com\/ocean-reef\/\u00bb][vc_single_image image=\u00bb18688&#8243; img_size=\u00bbmedium\u00bb alignment=\u00bbcenter\u00bb onclick=\u00bbcustom_link\u00bb css=\u00bb\u00bb link=\u00bbhttps:\/\/arcoproperties.com\/ocean-reef\/\u00bb][vc_column_text css=\u00bb\u00bb]<\/p>\n<h2 style=\"text-align: center;\">Ocean Reef Islands<\/h2>\n<p style=\"text-align: center;\"><span style=\"font-weight: 400;\">Lujo inigualable en la \u00fanica isla privada de la Ciudad de Panam\u00e1.<\/span><\/p>\n<p>[\/vc_column_text][\/vc_column][vc_column width=\u00bb1\/2&#8243;][vc_single_image image=\u00bb18700&#8243; img_size=\u00bb500&#215;400&#8243; alignment=\u00bbcenter\u00bb onclick=\u00bbcustom_link\u00bb css=\u00bb\u00bb el_class=\u00bbsplash-img\u00bb link=\u00bbhttps:\/\/arcoproperties.com\/ipanema\/\u00bb][vc_single_image image=\u00bb18702&#8243; img_size=\u00bbmedium\u00bb alignment=\u00bbcenter\u00bb onclick=\u00bbcustom_link\u00bb css=\u00bb\u00bb link=\u00bbhttps:\/\/arcoproperties.com\/ipanema\/\u00bb][vc_column_text css=\u00bb\u00bb]<\/p>\n<h2 style=\"text-align: center;\">Ipanema<\/h2>\n<p style=\"text-align: center;\"><span style=\"font-weight: 400;\">El primer desarrollo residencial con playa privada y amenidades de lujo.<\/span><\/p>\n<p>[\/vc_column_text][\/vc_column][\/vc_row][vc_row full_width=\u00bbstretch_row\u00bb el_class=\u00bbcity-projects-row\u00bb][vc_column width=\u00bb1\/2&#8243;][vc_single_image image=\u00bb18684&#8243; img_size=\u00bb500&#215;400&#8243; alignment=\u00bbcenter\u00bb onclick=\u00bbcustom_link\u00bb css=\u00bb\u00bb el_class=\u00bbsplash-img\u00bb link=\u00bbhttps:\/\/arcoproperties.com\/cavarosa\/\u00bb][vc_single_image image=\u00bb18682&#8243; img_size=\u00bbmedium\u00bb alignment=\u00bbcenter\u00bb onclick=\u00bbcustom_link\u00bb css=\u00bb\u00bb link=\u00bbhttps:\/\/arcoproperties.com\/cavarosa\/\u00bb][vc_column_text css=\u00bb\u00bb]<\/p>\n<h2 style=\"text-align: center;\">Cavarosa<\/h2>\n<p style=\"text-align: center;\"><span style=\"font-weight: 400;\">Vistas al mar en una comunidad estilo resort junto al Canal de Panam\u00e1.<\/span><\/p>\n<p>[\/vc_column_text][\/vc_column][vc_column width=\u00bb1\/2&#8243;][vc_single_image image=\u00bb18692&#8243; img_size=\u00bb500&#215;400&#8243; alignment=\u00bbcenter\u00bb onclick=\u00bbcustom_link\u00bb css=\u00bb\u00bb el_class=\u00bbsplash-img\u00bb link=\u00bbhttps:\/\/arcoproperties.com\/westin-palma-bonita\/\u00bb][vc_single_image image=\u00bb18690&#8243; img_size=\u00bbmedium\u00bb alignment=\u00bbcenter\u00bb onclick=\u00bbcustom_link\u00bb css=\u00bb\u00bb link=\u00bbhttps:\/\/arcoproperties.com\/westin-palma-bonita\/\u00bb][vc_column_text css=\u00bb\u00bb]<\/p>\n<h2 style=\"text-align: center;\">The Westin Playa Bonita<\/h2>\n<p style=\"text-align: center;\"><span style=\"font-weight: 400;\">Vive la experiencia de un hotel 5 estrellas\u2026 en tu hogar frente al mar.<\/span><\/p>\n<p>[\/vc_column_text][\/vc_column][\/vc_row][vc_row el_class=\u00bbcity-projects-title\u00bb el_id=\u00bbproyectos-frente-al-mar\u00bb][vc_column][vc_column_text css=\u00bb\u00bb]<\/p>\n<h2 style=\"text-align: center;\">Proyectos frente al mar<\/h2>\n<p>[\/vc_column_text][\/vc_column][\/vc_row][vc_row full_width=\u00bbstretch_row\u00bb el_class=\u00bbcity-projects-row\u00bb][vc_column width=\u00bb1\/2&#8243;][vc_single_image image=\u00bb18674&#8243; img_size=\u00bb500&#215;400&#8243; alignment=\u00bbcenter\u00bb onclick=\u00bbcustom_link\u00bb css=\u00bb\u00bb el_class=\u00bbsplash-img\u00bb link=\u00bbhttps:\/\/arcoproperties.com\/es\/playa-caracol\/\u00bb][vc_single_image image=\u00bb18676&#8243; img_size=\u00bbmedium\u00bb alignment=\u00bbcenter\u00bb onclick=\u00bbcustom_link\u00bb css=\u00bb\u00bb link=\u00bbhttps:\/\/arcoproperties.com\/es\/playa-caracol\/\u00bb][vc_column_text css=\u00bb\u00bb]<\/p>\n<h2 style=\"text-align: center;\">Playa Caracol<\/h2>\n<p style=\"text-align: center;\">El lujo frente al mar se une a marcas de clase mundial. Comodidad frente a la playa a solo 90 minutos de la Ciudad de Panam\u00e1.<\/p>\n<p>[\/vc_column_text][\/vc_column][vc_column width=\u00bb1\/2&#8243;][vc_single_image image=\u00bb19523&#8243; img_size=\u00bb500&#215;400&#8243; alignment=\u00bbcenter\u00bb onclick=\u00bbcustom_link\u00bb css=\u00bb\u00bb el_class=\u00bbsplash-img\u00bb link=\u00bbhttps:\/\/arcoproperties.com\/margaritaville\u00bb][vc_single_image image=\u00bb19521&#8243; img_size=\u00bbmedium\u00bb alignment=\u00bbcenter\u00bb onclick=\u00bbcustom_link\u00bb css=\u00bb\u00bb link=\u00bbhttps:\/\/arcoproperties.com\/margaritaville\/\u00bb][vc_column_text css=\u00bb\u00bb]<\/p>\n<h2 style=\"text-align: center;\">Margaritaville<\/h2>\n<div class=\"page\" title=\"Page 1\">\n<div class=\"layoutArea\">\n<div class=\"column\">\n<p style=\"text-align: center;\">Tu nuevo hogar en el para\u00edso.<\/p>\n<\/div>\n<\/div>\n<\/div>\n<p>[\/vc_column_text][\/vc_column][\/vc_row][vc_row full_width=\u00bbstretch_row\u00bb el_class=\u00bbcity-projects-row\u00bb][vc_column width=\u00bb1\/2&#8243;][vc_single_image image=\u00bb18692&#8243; img_size=\u00bb500&#215;400&#8243; alignment=\u00bbcenter\u00bb onclick=\u00bbcustom_link\u00bb css=\u00bb\u00bb el_class=\u00bbsplash-img\u00bb link=\u00bbhttps:\/\/arcoproperties.com\/westin-palma-bonita\/\u00bb][vc_single_image image=\u00bb18690&#8243; img_size=\u00bbmedium\u00bb alignment=\u00bbcenter\u00bb onclick=\u00bbcustom_link\u00bb css=\u00bb\u00bb link=\u00bbhttps:\/\/arcoproperties.com\/westin-palma-bonita\/\u00bb][vc_column_text css=\u00bb\u00bb]<\/p>\n<h2 style=\"text-align: center;\">The Westin Playa Bonita<\/h2>\n<p style=\"text-align: center;\"><span style=\"font-weight: 400;\">Vive la experiencia de un hotel 5 estrellas\u2026 en tu hogar frente al mar.<\/span><\/p>\n<p>[\/vc_column_text][\/vc_column][vc_column width=\u00bb1\/2&#8243;][\/vc_column][\/vc_row]<\/p>\n<\/div>","protected":false},"excerpt":{"rendered":"<p>[vc_row full_width=\u00bbstretch_row\u00bb css=\u00bb.vc_custom_1752656115617{background-position: center !important;background-repeat: no-repeat !important;background-size: cover !important;}\u00bb el_class=\u00bbpage-header\u00bb][vc_column][vc_single_image image=\u00bb19476&#8243; img_size=\u00bbfull\u00bb alignment=\u00bbcenter\u00bb css=\u00bb\u00bb el_class=\u00bbsplash-img\u00bb][vc_column_text css=\u00bb\u00bb] Explora el futuro de la vida urbana Desde torres ic\u00f3nicas hasta proyectos visionarios, conoce d\u00f3nde el progreso urbano y las oportunidades se unen.[\/vc_column_text][\/vc_column][\/vc_row][vc_row el_class=\u00bbcity-projects-title\u00bb el_id=\u00bbproyectos-casco-viejo\u00bb][vc_column][vc_column_text css=\u00bb\u00bb] Proyectos en Casco Viejo [\/vc_column_text][\/vc_column][\/vc_row][vc_row full_width=\u00bbstretch_row\u00bb el_class=\u00bbcity-projects-row\u00bb][vc_column width=\u00bb1\/2&#8243;][vc_single_image image=\u00bb18670&#8243; img_size=\u00bb500&#215;400&#8243; alignment=\u00bbcenter\u00bb onclick=\u00bbcustom_link\u00bb css=\u00bb\u00bb [&hellip;]<\/p>\n","protected":false},"author":24,"featured_media":0,"parent":0,"menu_order":0,"comment_status":"closed","ping_status":"closed","template":"template-vc.php","meta":{"footnotes":""},"class_list":["post-19667","page","type-page","status-publish","hentry"],"aioseo_notices":[],"_links":{"self":[{"href":"https:\/\/arcoproperties.com\/es\/wp-json\/wp\/v2\/pages\/19667","targetHints":{"allow":["GET"]}}],"collection":[{"href":"https:\/\/arcoproperties.com\/es\/wp-json\/wp\/v2\/pages"}],"about":[{"href":"https:\/\/arcoproperties.com\/es\/wp-json\/wp\/v2\/types\/page"}],"author":[{"embeddable":true,"href":"https:\/\/arcoproperties.com\/es\/wp-json\/wp\/v2\/users\/24"}],"replies":[{"embeddable":true,"href":"https:\/\/arcoproperties.com\/es\/wp-json\/wp\/v2\/comments?post=19667"}],"version-history":[{"count":0,"href":"https:\/\/arcoproperties.com\/es\/wp-json\/wp\/v2\/pages\/19667\/revisions"}],"wp:attachment":[{"href":"https:\/\/arcoproperties.com\/es\/wp-json\/wp\/v2\/media?parent=19667"}],"curies":[{"name":"wp","href":"https:\/\/api.w.org\/{rel}","templated":true}]}}