{"id":19659,"date":"2025-08-12T00:28:48","date_gmt":"2025-08-12T05:28:48","guid":{"rendered":"https:\/\/arcoproperties.com\/?page_id=19659"},"modified":"2025-08-12T07:22:32","modified_gmt":"2025-08-12T12:22:32","slug":"conoce-al-equipo","status":"publish","type":"page","link":"https:\/\/arcoproperties.com\/es\/quienes-somos\/conoce-al-equipo\/","title":{"rendered":"Conoce al equipo"},"content":{"rendered":"<div class=\"wpb-content-wrapper\"><p>[vc_row full_width=\u00bbstretch_row\u00bb el_id=\u00bbabout-us\u00bb][vc_column][vc_single_image image=\u00bb19457&#8243; img_size=\u00bbfull\u00bb alignment=\u00bbcenter\u00bb css=\u00bb\u00bb][vc_column_text css=\u00bb.vc_custom_1754981097928{margin-top: 62px !important;}\u00bb]<span style=\"font-weight: 400;\">En Arco Properties, \u00a1nos gusta ir m\u00e1s all\u00e1! Desde nuestros comienzos, buscamos impulsar la revitalizaci\u00f3n del Casco Viejo y transformarlo en uno de los grandes distritos del mundo. Adem\u00e1s, creemos que cada proyecto exitoso comienza con pasi\u00f3n y emprendimiento, y por lo mismo, trabajamos para atraer a visionarios y residentes que compartan esta idea.<\/span><\/p>\n<p><span style=\"font-weight: 400;\">Nuestra historia comenz\u00f3 con la uni\u00f3n de una paname\u00f1a con grandes pasiones en el Teatro Nacional del Casco Viejo y una americana con vasta experiencia en bienes ra\u00edces. Hoy, somos un equipo din\u00e1mico que combina experiencia en propiedades de lujo y alto valor agregado con un enfoque centrado en el crecimiento y la conservaci\u00f3n de este barrio hist\u00f3rico.<\/span>[\/vc_column_text][vc_separator css=\u00bb\u00bb el_class=\u00bbline-separator\u00bb][\/vc_column][\/vc_row][vc_row full_width=\u00bbstretch_row\u00bb el_id=\u00bbmetrics\u00bb el_class=\u00bbmeet-the-team\u00bb][vc_column width=\u00bb1\/2&#8243;][vc_column_text css=\u00bb\u00bb]+18[\/vc_column_text][vc_column_text css=\u00bb\u00bb]<strong>a\u00f1os de experiencia:<\/strong> Desde el 2005, Arco Properties se especializa en vender y alquilar propiedades en el Casco Antiguo de Panam\u00e1.<br \/>\n[\/vc_column_text][\/vc_column][vc_column width=\u00bb1\/2&#8243;][vc_column_text css=\u00bb\u00bb]+5[\/vc_column_text][vc_column_text css=\u00bb\u00bb]<strong>proyectos en La Quince de Santa Ana:<\/strong> Casa Patterson, Casa Balcones, Casa Quijano, Casa Korsi y La Manzana. Cada una de ellas con caracter\u00edsticas \u00fanicas.[\/vc_column_text][\/vc_column][\/vc_row][vc_row full_width=\u00bbstretch_row\u00bb][vc_column][vc_separator css=\u00bb\u00bb el_class=\u00bbline-separator\u00bb][\/vc_column][\/vc_row][vc_row full_width=\u00bbstretch_row\u00bb el_id=\u00bbwho-we-are\u00bb el_class=\u00bbmeet-the-team\u00bb][vc_column width=\u00bb1\/2&#8243;][vc_column_text css=\u00bb\u00bb]<\/p>\n<h2>Qui\u00e9nes somos<\/h2>\n<p>[\/vc_column_text][vc_column_text css=\u00bb\u00bb]<span style=\"font-weight: 400;\">Nuestro equipo est\u00e1 conformado por cinco profesionales: dos en el \u00e1rea administrativa y tres ejecutivos comerciales, quienes cuentan con una amplia experiencia en el mercado inmobiliario y sus distintos segmentos, como el mercado de lujo, de playa y m\u00e1s. Una uni\u00f3n que nos permite ofrecerle a nuestros clientes un servicio \u00e1gil, organizado y personalizado, cuya esencia es brindar excelencia operativa y comercial.<\/span><\/p>\n<p><span style=\"font-weight: 400;\">Adem\u00e1s, el equipo cuenta con la valiosa participaci\u00f3n de una persona originaria del Casco, lo que aporta un valor agregado \u00fanico para quienes desean mudarse al barrio y descubrir todos sus secretos, incluyendo los mejores lugares del distrito.<\/span><\/p>\n<p><span style=\"font-weight: 400;\">El \u00e1rea administrativa se encarga de garantizar el soporte y la eficiencia de los procesos internos, mientras que los ejecutivos comerciales se especializan en asesorar a clientes nacionales e internacionales para encontrar la mejor opci\u00f3n seg\u00fan sus necesidades: desde un apartamento de un dormitorio en Casa Korsi hasta una residencia de tres dormitorios frente al mar en Santa Familia. Todo esto, con un enfoque cercano, profesional y comprometido con ofrecer el mejor servicio posible.<\/span><\/p>\n<p><span style=\"font-weight: 400;\">La sinergia entre ambas \u00e1reas refleja el compromiso de Arco Properties con la calidad, la autenticidad y el valor humano presente en cada gesti\u00f3n.<\/span>[\/vc_column_text][\/vc_column][vc_column width=\u00bb1\/2&#8243;][vc_single_image image=\u00bb19459&#8243; img_size=\u00bbfull\u00bb css=\u00bb\u00bb][\/vc_column][\/vc_row][vc_row full_width=\u00bbstretch_row\u00bb el_class=\u00bbline-separator\u00bb][vc_column][vc_separator css=\u00bb\u00bb][\/vc_column][\/vc_row][vc_row full_width=\u00bbstretch_row\u00bb el_id=\u00bbmeet-amazing-team\u00bb el_class=\u00bbmeet-the-team\u00bb][vc_column][vc_column_text css=\u00bb\u00bb]<\/p>\n<h2>Conoce a nuestro maravilloso equipo<\/h2>\n<p>[\/vc_column_text][\/vc_column][\/vc_row][vc_row full_width=\u00bbstretch_row\u00bb el_id=\u00bbteam-photos-first-row\u00bb el_class=\u00bbmeet-the-team-photos\u00bb][vc_column width=\u00bb1\/3&#8243;][vc_single_image image=\u00bb19461&#8243; img_size=\u00bbfull\u00bb css=\u00bb\u00bb][vc_column_text css=\u00bb\u00bb]Iary Pere\u0301<\/p>\n<p><span style=\"font-weight: 400;\">Corredor gerente<\/span><\/p>\n<p>+507 6674-1137<\/p>\n<p>Iary@arcoproperties.com[\/vc_column_text][\/vc_column][vc_column width=\u00bb1\/3&#8243;][vc_single_image image=\u00bb19464&#8243; img_size=\u00bbfull\u00bb css=\u00bb\u00bb][vc_column_text css=\u00bb\u00bb]Jose Arberola<\/p>\n<p><span style=\"font-weight: 400;\">Gerente de proyectos<\/span><\/p>\n<p>+507 6673-6200<\/p>\n<p>joseart@arcoproperties.com[\/vc_column_text][\/vc_column][vc_column width=\u00bb1\/3&#8243;][vc_single_image image=\u00bb19466&#8243; img_size=\u00bbfull\u00bb css=\u00bb\u00bb][vc_column_text css=\u00bb\u00bb]Alejandra Pastor<\/p>\n<p><span style=\"font-weight: 400;\">Consultora inmobiliaria<\/span><\/p>\n<p>+507 6674-4535<\/p>\n<p>ale@arcoproperties.com[\/vc_column_text][\/vc_column][\/vc_row][vc_row full_width=\u00bbstretch_row\u00bb el_id=\u00bbteam-photos-second-row\u00bb el_class=\u00bbmeet-the-team-photos\u00bb][vc_column width=\u00bb1\/3&#8243;][vc_single_image image=\u00bb19468&#8243; img_size=\u00bbfull\u00bb css=\u00bb\u00bb][vc_column_text css=\u00bb\u00bb]Ashley Whittingham<\/p>\n<p><span style=\"font-weight: 400;\">Coordinadora<\/span><\/p>\n<p>+507 6494-7601<\/p>\n<p>ashley@arcoproperties.com[\/vc_column_text][\/vc_column][vc_column width=\u00bb1\/3&#8243;][vc_single_image image=\u00bb19470&#8243; img_size=\u00bbfull\u00bb css=\u00bb\u00bb][vc_column_text css=\u00bb\u00bb]Glorisbel Prestan<\/p>\n<p><span style=\"font-weight: 400;\">Consultora inmobiliaria<\/span><\/p>\n<p>+507 6677-2164<\/p>\n<p>sales@arcoproperties.com[\/vc_column_text][\/vc_column][vc_column width=\u00bb1\/3&#8243;][\/vc_column][\/vc_row][vc_row full_width=\u00bbstretch_row\u00bb][vc_column][vc_separator css=\u00bb\u00bb el_class=\u00bbline-separator\u00bb][\/vc_column][\/vc_row][vc_row full_width=\u00bbstretch_row\u00bb el_id=\u00bbambassadors\u00bb el_class=\u00bbmeet-the-team\u00bb][vc_column][vc_column_text css=\u00bb\u00bb]<\/p>\n<h2>Conoce a nuestros embajadores<\/h2>\n<p>[\/vc_column_text][\/vc_column][\/vc_row][vc_row full_width=\u00bbstretch_row\u00bb el_id=\u00bbambassadors-photos\u00bb el_class=\u00bbmeet-the-team\u00bb][vc_column width=\u00bb1\/3&#8243;][vc_single_image image=\u00bb19472&#8243; img_size=\u00bbfull\u00bb css=\u00bb\u00bb][vc_column_text css=\u00bb\u00bb]Angus<\/p>\n<p><span style=\"font-weight: 400;\">Gerente de felicidad \ud83d\udc3e<\/span><\/p>\n<p><span style=\"font-weight: 400;\">Ama las golosinas y las reuniones del equipo<\/span>[\/vc_column_text][\/vc_column][vc_column width=\u00bb1\/3&#8243;][vc_single_image image=\u00bb19474&#8243; img_size=\u00bbfull\u00bb css=\u00bb\u00bb][vc_column_text css=\u00bb\u00bb]Aria<\/p>\n<p><span style=\"font-weight: 400;\">Directora de guauketing \ud83d\udc36\u00a0<\/span><\/p>\n<p><span style=\"font-weight: 400;\">Experta en mover la cola con entusiasmo\u00a0<\/span>[\/vc_column_text][\/vc_column][vc_column width=\u00bb1\/3&#8243;][\/vc_column][\/vc_row][vc_row full_width=\u00bbstretch_row\u00bb][vc_column][vc_separator css=\u00bb\u00bb el_class=\u00bbline-separator\u00bb][\/vc_column][\/vc_row][vc_row full_width=\u00bbstretch_row\u00bb disable_element=\u00bbyes\u00bb el_id=\u00bbfounder\u00bb el_class=\u00bbmeet-the-team\u00bb][vc_column][vc_column_text css=\u00bb\u00bb]<\/p>\n<h2>Meet Our Founder<\/h2>\n<p>[\/vc_column_text][\/vc_column][\/vc_row][vc_row full_width=\u00bbstretch_row\u00bb disable_element=\u00bbyes\u00bb el_id=\u00bbfounder-data\u00bb el_class=\u00bbmeet-the-team\u00bb][vc_column width=\u00bb1\/3&#8243;][vc_single_image image=\u00bb19133&#8243; img_size=\u00bbfull\u00bb css=\u00bb\u00bb][\/vc_column][vc_column width=\u00bb2\/3&#8243;][vc_column_text css=\u00bb\u00bb]Arco Properties was born from the partnership between a Panamanian with deep ties to Casco Viejo\u2019s National Theater and a U.S. citizen with over 30 years of real estate experience in Miami and Santa Fe.<\/p>\n<p>Patrizia Pinzon, a passionate dancer, transitioned into real estate with the support of her mother-in-law, Clara Hardin and together, they co-founded Arco Properties in January 2005 with a clear and compelling vision: the belief that successful urban revitalization is fueled by passion, thoughtfulness, and entrepreneurial spirit.<\/p>\n<p>For two decades, Patrizia and Clara worked relentlessly to revitalize and promote Casco Antiguo for both Panamanians and expats seeking to relocate to the historic district. In fact, Clara and Patrizia\u2019s husband, both American expats, became an essential part of Arco Properties\u2019 story and its strong connection to the international community.<\/p>\n<p>In 2024, both stepped away from Arco Properties, but their extraordinary contributions to the company and the district remain deeply appreciated.[\/vc_column_text][\/vc_column][\/vc_row][vc_row full_width=\u00bbstretch_row\u00bb css=\u00bb.vc_custom_1752096909814{background-color: #FFFFFF !important;}\u00bb el_id=\u00bbquestions\u00bb el_class=\u00bbmeet-the-team\u00bb][vc_column][vc_column_text css=\u00bb\u00bb]<\/p>\n<h2>\u00bfTienes dudas?<\/h2>\n<p>\u00a1Nuestro equipo est\u00e1 feliz de ayudarte!<\/p>\n<p>\u00abCreemos que las propiedades excepcionales son creadas y gestionadas por personas excepcionales. Por eso, no solo buscamos experiencia; sino que trabajamos con profesionales que personifiquen nuestros valores de integridad, servicio y excelencia.\u00bb[\/vc_column_text][vc_btn title=\u00bbCont\u00e1ctanos\u00bb css=\u00bb\u00bb el_class=\u00bbarco-btn\u00bb][vc_column_text css=\u00bb\u00bb]<span style=\"font-weight: 400;\">O ll\u00e1manos al +507-310-7208<\/span>[\/vc_column_text][\/vc_column][\/vc_row]<\/p>\n<\/div>","protected":false},"excerpt":{"rendered":"<p>[vc_row full_width=\u00bbstretch_row\u00bb el_id=\u00bbabout-us\u00bb][vc_column][vc_single_image image=\u00bb19457&#8243; img_size=\u00bbfull\u00bb alignment=\u00bbcenter\u00bb css=\u00bb\u00bb][vc_column_text css=\u00bb.vc_custom_1754981097928{margin-top: 62px !important;}\u00bb]En Arco Properties, \u00a1nos gusta ir m\u00e1s all\u00e1! Desde nuestros comienzos, buscamos impulsar la revitalizaci\u00f3n del Casco Viejo y transformarlo en uno de los grandes distritos del mundo. Adem\u00e1s, creemos que cada proyecto exitoso comienza con pasi\u00f3n y emprendimiento, y por lo mismo, trabajamos para atraer [&hellip;]<\/p>\n","protected":false},"author":24,"featured_media":0,"parent":12263,"menu_order":0,"comment_status":"closed","ping_status":"closed","template":"template-vc.php","meta":{"footnotes":""},"class_list":["post-19659","page","type-page","status-publish","hentry"],"aioseo_notices":[],"_links":{"self":[{"href":"https:\/\/arcoproperties.com\/es\/wp-json\/wp\/v2\/pages\/19659","targetHints":{"allow":["GET"]}}],"collection":[{"href":"https:\/\/arcoproperties.com\/es\/wp-json\/wp\/v2\/pages"}],"about":[{"href":"https:\/\/arcoproperties.com\/es\/wp-json\/wp\/v2\/types\/page"}],"author":[{"embeddable":true,"href":"https:\/\/arcoproperties.com\/es\/wp-json\/wp\/v2\/users\/24"}],"replies":[{"embeddable":true,"href":"https:\/\/arcoproperties.com\/es\/wp-json\/wp\/v2\/comments?post=19659"}],"version-history":[{"count":0,"href":"https:\/\/arcoproperties.com\/es\/wp-json\/wp\/v2\/pages\/19659\/revisions"}],"up":[{"embeddable":true,"href":"https:\/\/arcoproperties.com\/es\/wp-json\/wp\/v2\/pages\/12263"}],"wp:attachment":[{"href":"https:\/\/arcoproperties.com\/es\/wp-json\/wp\/v2\/media?parent=19659"}],"curies":[{"name":"wp","href":"https:\/\/api.w.org\/{rel}","templated":true}]}}