{"id":17243,"date":"2025-01-14T13:49:52","date_gmt":"2025-01-14T18:49:52","guid":{"rendered":"https:\/\/arcoproperties.com\/?page_id=17243"},"modified":"2025-01-14T13:51:19","modified_gmt":"2025-01-14T18:51:19","slug":"politica-de-privacidad","status":"publish","type":"page","link":"https:\/\/arcoproperties.com\/es\/politica-de-privacidad\/","title":{"rendered":"Pol\u00edtica de Privacidad de Arco Properties"},"content":{"rendered":"<h2><strong>Pol\u00edtica de privacidad<br \/>\n<\/strong><\/h2>\n<p>Los sitios web que enlazan con esta p\u00e1gina han decidido adoptar esta pol\u00edtica de privacidad gen\u00e9rica como propia. Esto significa que han acordado cumplir con los principios establecidos a continuaci\u00f3n.<\/p>\n<h2><strong>Informaci\u00f3n recogida de los visitantes<br \/>\n<\/strong><\/h2>\n<p>Al igual que otros sitios web, se almacenan archivos de registro en el servidor web que guardan detalles como la direcci\u00f3n IP del visitante, tipo de navegador, p\u00e1gina de referencia y hora de la visita.<br \/>\nSe pueden usar cookies para recordar las preferencias de los visitantes al interactuar con el sitio web.<br \/>\nCuando se requiere registro, se guardar\u00e1n en el servidor el correo electr\u00f3nico y un nombre de usuario del visitante.<\/p>\n<h2><strong>C\u00f3mo se usa la informaci\u00f3n<\/strong><\/h2>\n<p>La informaci\u00f3n se utiliza para mejorar la experiencia del usuario cuando navega por el sitio web, mostrando contenido personalizado y posiblemente publicidad.<br \/>\nLas direcciones de correo electr\u00f3nico no ser\u00e1n vendidas, alquiladas ni cedidas a terceros.<br \/>\nSe podr\u00e1 enviar correos electr\u00f3nicos con novedades sobre nuestros servicios u ofertas, tanto nuestras como de nuestros afiliados.<\/p>\n<h2><strong>Opciones para los visitantes<\/strong><\/h2>\n<p>Si se ha suscrito a alguno de nuestros servicios, podr\u00e1 darse de baja siguiendo las instrucciones incluidas en los correos electr\u00f3nicos que reciba.<br \/>\nPuede bloquear las cookies mediante la configuraci\u00f3n de su navegador, pero esto podr\u00eda impedirle acceder a ciertas funciones del sitio web.<\/p>\n<h2><strong>Cookies<\/strong><\/h2>\n<p>Las cookies son peque\u00f1os archivos de firma digital que su navegador web almacena y que permiten registrar sus preferencias cuando visita el sitio web. Tambi\u00e9n pueden utilizarse para rastrear sus visitas recurrentes al sitio.<br \/>\nLas empresas publicitarias de terceros tambi\u00e9n pueden utilizar cookies con fines de seguimiento.<\/p>\n<h2><strong>Google Ads<\/strong><\/h2>\n<p>Google, como proveedor externo, utiliza cookies para mostrar anuncios.<br \/>\nEl uso de la cookie DART de Google permite mostrar anuncios a los visitantes seg\u00fan los sitios que visitan en Internet.<br \/>\nLos visitantes del sitio web pueden optar por no usar la cookie DART visitando la pol\u00edtica de privacidad de la red de anuncios y contenido de Google.<\/p>\n<p>&nbsp;<\/p>\n","protected":false},"excerpt":{"rendered":"<p>Pol\u00edtica de privacidad Los sitios web que enlazan con esta p\u00e1gina han decidido adoptar esta pol\u00edtica de privacidad gen\u00e9rica como propia. Esto significa que han acordado cumplir con los principios establecidos a continuaci\u00f3n. Informaci\u00f3n recogida de los visitantes Al igual que otros sitios web, se almacenan archivos de registro en el servidor web que guardan [&hellip;]<\/p>\n","protected":false},"author":24,"featured_media":0,"parent":0,"menu_order":0,"comment_status":"closed","ping_status":"closed","template":"","meta":{"footnotes":""},"class_list":["post-17243","page","type-page","status-publish","hentry"],"aioseo_notices":[],"_links":{"self":[{"href":"https:\/\/arcoproperties.com\/es\/wp-json\/wp\/v2\/pages\/17243","targetHints":{"allow":["GET"]}}],"collection":[{"href":"https:\/\/arcoproperties.com\/es\/wp-json\/wp\/v2\/pages"}],"about":[{"href":"https:\/\/arcoproperties.com\/es\/wp-json\/wp\/v2\/types\/page"}],"author":[{"embeddable":true,"href":"https:\/\/arcoproperties.com\/es\/wp-json\/wp\/v2\/users\/24"}],"replies":[{"embeddable":true,"href":"https:\/\/arcoproperties.com\/es\/wp-json\/wp\/v2\/comments?post=17243"}],"version-history":[{"count":0,"href":"https:\/\/arcoproperties.com\/es\/wp-json\/wp\/v2\/pages\/17243\/revisions"}],"wp:attachment":[{"href":"https:\/\/arcoproperties.com\/es\/wp-json\/wp\/v2\/media?parent=17243"}],"curies":[{"name":"wp","href":"https:\/\/api.w.org\/{rel}","templated":true}]}}