{"id":14494,"date":"2020-12-29T14:14:27","date_gmt":"2020-12-29T19:14:27","guid":{"rendered":"http:\/\/arcoproperties.com\/?page_id=14494\/"},"modified":"2025-02-11T11:45:49","modified_gmt":"2025-02-11T16:45:49","slug":"la-quince","status":"publish","type":"page","link":"https:\/\/arcoproperties.com\/es\/la-quince\/","title":{"rendered":"La Quince de Santa Ana"},"content":{"rendered":"<div class=\"wpb-content-wrapper\"><p>[vc_row][vc_column][vc_column_text]<\/p>\n<h2><span style=\"color: #ff6600;\">Qu\u00e9 es La Quince de Santa Ana?<\/span><\/h2>\n<p>La Quince es un grupo de propiedades, ubicadas detr\u00e1s de la Iglesia de Santa Ana, que Grupo Conservatorio ha desarrollado a manera de grupo o cluster. Inician en Calle 14 y se van hasta la 15.<\/p>\n<p>Una de las cosas que hace de La Quince un concepto especial es que fue creado para\u00a0revitalizar Santa Ana a trav\u00e9s de opciones de vivienda para compradores que est\u00e1n comprando su primer hogar. Esta es una zona que est\u00e1 surgiendo y es una excelente opci\u00f3n para quienes est\u00e1n pensando en vivir o invertir.<\/p>\n<p>Los edificios que componen el cluster son: Casa Patterson, Casa Balcones, Casa Quijano, Casa Korsi y La Manzana.\u00a0 Cada uno muy diferente! cont\u00e1ctanos para conocer los detalles y agendar tu visita![\/vc_column_text][vc_btn title=\u00bbBuscar Propiedades\u00bb style=\u00bbclassic\u00bb shape=\u00bbsquare\u00bb color=\u00bbwarning\u00bb align=\u00bbleft\u00bb css=\u00bb\u00bb link=\u00bburl:https%3A%2F%2Farcoproperties.com%2Fes%2Fpropiedades%2F|title:Propiedades\u00bb][\/vc_column][\/vc_row]<\/p>\n<\/div>","protected":false},"excerpt":{"rendered":"<p>[vc_row][vc_column][vc_column_text] Qu\u00e9 es La Quince de Santa Ana? La Quince es un grupo de propiedades, ubicadas detr\u00e1s de la Iglesia de Santa Ana, que Grupo Conservatorio ha desarrollado a manera de grupo o cluster. Inician en Calle 14 y se van hasta la 15. Una de las cosas que hace de La Quince un concepto [&hellip;]<\/p>\n","protected":false},"author":5,"featured_media":15531,"parent":0,"menu_order":0,"comment_status":"closed","ping_status":"closed","template":"","meta":{"footnotes":""},"class_list":["post-14494","page","type-page","status-publish","has-post-thumbnail","hentry"],"aioseo_notices":[],"_links":{"self":[{"href":"https:\/\/arcoproperties.com\/es\/wp-json\/wp\/v2\/pages\/14494","targetHints":{"allow":["GET"]}}],"collection":[{"href":"https:\/\/arcoproperties.com\/es\/wp-json\/wp\/v2\/pages"}],"about":[{"href":"https:\/\/arcoproperties.com\/es\/wp-json\/wp\/v2\/types\/page"}],"author":[{"embeddable":true,"href":"https:\/\/arcoproperties.com\/es\/wp-json\/wp\/v2\/users\/5"}],"replies":[{"embeddable":true,"href":"https:\/\/arcoproperties.com\/es\/wp-json\/wp\/v2\/comments?post=14494"}],"version-history":[{"count":0,"href":"https:\/\/arcoproperties.com\/es\/wp-json\/wp\/v2\/pages\/14494\/revisions"}],"wp:featuredmedia":[{"embeddable":true,"href":"https:\/\/arcoproperties.com\/es\/wp-json\/wp\/v2\/media\/15531"}],"wp:attachment":[{"href":"https:\/\/arcoproperties.com\/es\/wp-json\/wp\/v2\/media?parent=14494"}],"curies":[{"name":"wp","href":"https:\/\/api.w.org\/{rel}","templated":true}]}}