{"id":102,"date":"2011-05-07T22:26:09","date_gmt":"2011-05-08T03:26:09","guid":{"rendered":"http:\/\/arcoproperties.com\/?page_id=102"},"modified":"2022-05-30T18:26:43","modified_gmt":"2022-05-30T23:26:43","slug":"colegios-en-panama","status":"publish","type":"page","link":"https:\/\/arcoproperties.com\/es\/vida-en-casco\/colegios-en-panama\/","title":{"rendered":"Colegios en Panam\u00e1"},"content":{"rendered":"<p>La poblaci\u00f3n mixta de Panam\u00e1 refleja su historia como punto estrat\u00e9gico de negocios en Am\u00e9rica, y por ende su oferta educacional es un abanico que contiene un poco de todo. Para aquellas personas interesadas en reubicarse con sus familias en Panam\u00e1, encontrar la escuela apropiada puede ser el mayor reto.<\/p>\n<p>Aqu\u00ed se encuentra una lista de los colegios biling\u00fces y triling\u00fces m\u00e1s conocidos. Hemos marcado con (**) aquellos que est\u00e1n f\u00edsicamente m\u00e1s cerca del Casco Antiguo. Muchos de estos colegios o escuelas requerir\u00e1n de una entrevista personal antes de ofrecer informaci\u00f3n detallada de costos y servicios. Sin embargo, abajo presentamos un caso de estudio que puede ayudarles a manera de gu\u00eda general.<\/p>\n<h3>Isaac Rabin<\/h3>\n<p><strong><strong>Contacto: <\/strong><\/strong>317-0060<br \/>\n<a href=\"http:\/\/Isaacrabin.com\">Isaacrabin.com<\/a><br \/>\n<strong>Direcci\u00f3n: <\/strong>Clayton, Edif 156\u00a0 <strong>**<\/strong><br \/>\n<strong>Lenguajes: <\/strong>English \/ French \/ Hebrew<\/p>\n<h3>Oxford International School<\/h3>\n<p><strong>Contacto: <\/strong>265-6422<br \/>\n<a href=\"http:\/\/Ois.edu.pa\">Ois.edu.pa<\/a><br \/>\n<strong>Direcci\u00f3n: <\/strong>Ave. Federico Boyd <strong>**<\/strong><br \/>\n<strong>Lenguajes: <\/strong>English<\/p>\n<h3>Las Esclavas<\/h3>\n<p><strong>Contacto: <\/strong>317-0048<br \/>\n<strong>Direcci\u00f3n: <\/strong>Clayton, main street <strong>**<\/strong><br \/>\n<strong>Lenguajes: <\/strong>English<\/p>\n<h3>San Vicente de Paul<\/h3>\n<p><strong>Contacto: <\/strong>317-9207<br \/>\n<a href=\"http:\/\/colegiosanvicente.edu.pa\">colegiosanvicente.edu.pa<\/a><br \/>\n<strong>Direcci\u00f3n: <\/strong>Ave. Omar Torrijos, Ancon <strong>**<\/strong><br \/>\n<strong>Lenguajes: <\/strong>English<\/p>\n<h3>St. Mary<\/h3>\n<p><strong>Contacto: <\/strong>315-0724<br \/>\n<a href=\"http:\/\/Stmarypa.com\">Stmarypa.com<\/a><br \/>\n<strong>Direcci\u00f3n: <\/strong>Albrook <strong>**<\/strong><br \/>\n<strong>Lenguajes: <\/strong>English \/ French<\/p>\n<h3>Instituto Sun Yat Sen<\/h3>\n<p><strong>Contacto: <\/strong>236-0255<br \/>\n<a href=\"http:\/\/Ccchp-isys.edu.pa\">Ccchp-isys.edu.pa<\/a><br \/>\n<strong>Direcci\u00f3n: <\/strong>El Dorado<br \/>\n<strong>Lenguajes: <\/strong>English \/ Mandarin<\/p>\n<h3>San Agustin<\/h3>\n<p><strong>Contacto: <\/strong>271-4590<br \/>\n<a href=\"http:\/\/Colegiosanagustinpanama.com\">Colegiosanagustinpanama.com<\/a><br \/>\n<strong>Direcci\u00f3n: <\/strong>Costa del Este<br \/>\n<strong>Lenguajes: <\/strong>English<\/p>\n<h3>Enrico Fermi<\/h3>\n<p><strong>Contacto: <\/strong>302-2014<br \/>\n<a href=\"http:\/\/Fermi.edu.pa\">Fermi.edu.pa<\/a><br \/>\n<strong>Direcci\u00f3n: <\/strong>San Francisco<br \/>\n<strong>Lenguajes: <\/strong>Italian\/ English<\/p>\n<h3>Colegio Javier<\/h3>\n<p><strong>Contacto: <\/strong>269-4222<br \/>\n<a href=\"http:\/\/Javier.edu\">Javier.edu<\/a><br \/>\n<strong>Direcci\u00f3n: <\/strong>Perejil <strong>**<\/strong><br \/>\n<strong>Lenguajes: <\/strong>English<\/p>\n<h3>International School of Panama<\/h3>\n<p><strong>Contacto: <\/strong>293-3000<br \/>\n<a href=\"http:\/\/isp.edu.pa\">isp.edu.pa<\/a><br \/>\n<strong>Direcci\u00f3n: <\/strong>Golf Road in Cerro Viento<br \/>\n<strong>Lenguajes: <\/strong>English<\/p>\n<h3>Balboa Academy<\/h3>\n<p><strong>Contacto: <\/strong>211-0035<br \/>\n<a href=\"http:\/\/www.balboaacademyweb.org\/\">balboaacademyweb.org<\/a><br \/>\n<strong>Direcci\u00f3n: <\/strong>Clayton <strong>**<\/strong><br \/>\n<strong>Lenguajes: <\/strong>English\/ French<\/p>\n<h3>Instituto Episcopal San Crist\u00f3bal<\/h3>\n<p><strong>Contacto: <\/strong>224-4665<br \/>\n<a href=\"http:\/\/Iesc.edu.pa\">Iesc.edu.pa<\/a><br \/>\n<strong>Direcci\u00f3n: <\/strong>Parque Lefevre<br \/>\n<strong>Lenguajes: <\/strong>English<\/p>\n<h2><strong>Ejemplo de Costos y Servicios<\/strong><\/h2>\n<h3>King&#8217;s School<\/h3>\n<p>A pesar de que la mayor\u00eda de los colegios y escuelas prefieren mantener esta informaci\u00f3n privada hasta poder realizar una entrevista personal, hay algunos colegios que han voluntariado la informaci\u00f3n. Este es el caso de King`s School, el cual est\u00e1 ubicado en El Cangrejo, un barrio a 15 minutos en carro del Casco Viejo. En \u201cbuen paname\u00f1o\u201d est\u00e1n en la calle que lleva a el Hotel El Panam\u00e1, al lado de la Embajada de Egipto.<\/p>\n","protected":false},"excerpt":{"rendered":"<p>La poblaci\u00f3n mixta de Panam\u00e1 refleja su historia como punto estrat\u00e9gico de negocios en Am\u00e9rica, y por ende su oferta educacional es un abanico que contiene un poco de todo. Para aquellas personas interesadas en reubicarse con sus familias en Panam\u00e1, encontrar la escuela apropiada puede ser el mayor reto. Aqu\u00ed se encuentra una lista [&hellip;]<\/p>\n","protected":false},"author":2,"featured_media":0,"parent":81,"menu_order":0,"comment_status":"closed","ping_status":"closed","template":"","meta":{"footnotes":""},"class_list":["post-102","page","type-page","status-publish","hentry"],"aioseo_notices":[],"_links":{"self":[{"href":"https:\/\/arcoproperties.com\/es\/wp-json\/wp\/v2\/pages\/102","targetHints":{"allow":["GET"]}}],"collection":[{"href":"https:\/\/arcoproperties.com\/es\/wp-json\/wp\/v2\/pages"}],"about":[{"href":"https:\/\/arcoproperties.com\/es\/wp-json\/wp\/v2\/types\/page"}],"author":[{"embeddable":true,"href":"https:\/\/arcoproperties.com\/es\/wp-json\/wp\/v2\/users\/2"}],"replies":[{"embeddable":true,"href":"https:\/\/arcoproperties.com\/es\/wp-json\/wp\/v2\/comments?post=102"}],"version-history":[{"count":0,"href":"https:\/\/arcoproperties.com\/es\/wp-json\/wp\/v2\/pages\/102\/revisions"}],"up":[{"embeddable":true,"href":"https:\/\/arcoproperties.com\/es\/wp-json\/wp\/v2\/pages\/81"}],"wp:attachment":[{"href":"https:\/\/arcoproperties.com\/es\/wp-json\/wp\/v2\/media?parent=102"}],"curies":[{"name":"wp","href":"https:\/\/api.w.org\/{rel}","templated":true}]}}